{"id":11044,"date":"2023-07-08T07:25:26","date_gmt":"2023-07-08T11:25:26","guid":{"rendered":"https:\/\/fbucanada.com\/?page_id=11044"},"modified":"2026-02-26T16:14:21","modified_gmt":"2026-02-26T21:14:21","slug":"congres-2023","status":"publish","type":"page","link":"https:\/\/fbucanada.com\/en\/lassociation\/congres-2023\/","title":{"rendered":"2023 Congress"},"content":{"rendered":"<h2 style=\"text-align: center;\"><span style=\"color: #dc5e01;\">A day of congress at Blagoslov\u00e9ni\u00e9 - Leaf through<\/span><\/h2>\n<div class=\"_3d-flip-book  fb3d-fullscreen-mode full-size\" data-id=\"11085\" data-mode=\"fullscreen\" data-title=\"false\" data-template=\"short-white-book-view\" data-lightbox=\"dark-shadow\" data-urlparam=\"fb3d-page\" data-page-n=\"0\" data-pdf=\"\" data-tax=\"null\" data-thumbnail=\"\" data-cols=\"3\" data-book-template=\"default\"><\/div><script type=\"text\/javascript\">window.FB3D_CLIENT_DATA = window.FB3D_CLIENT_DATA || [];window.FB3D_CLIENT_DATA.push('eyJwb3N0cyI6eyIxMTA4NSI6eyJJRCI6MTEwODUsInRpdGxlIjoiY29uZ3Jlcy0yMDIzIiwidHlwZSI6InBkZiIsInJlYWR5X2Z1bmN0aW9uIjoiIiwiYm9va19zdHlsZSI6ImZsYXQiLCJib29rX3RlbXBsYXRlIjoibm9uZSIsIm91dGxpbmUiOltdLCJkYXRhIjp7InBvc3RfSUQiOiItMSIsImd1aWQiOiJodHRwczpcL1wvZmJ1Y2FuYWRhLmNvbVwvd3AtY29udGVudFwvdXBsb2Fkc1wvMjAyM1wvMDdcL0JST0NIVVJFLTE4anVpbGxldC1VbmUtam91cm5cdTAwZTllLWVuLUNvbmdyXHUwMGU4cy1BTkdMQUlTX2NvbXByZXNzZWQucGRmIiwicGRmX3BhZ2VzIjoiMTAiLCJwYWdlc19jdXN0b21pemF0aW9uIjoibm9uZSJ9LCJ0aHVtYm5haWwiOnsiZGF0YSI6eyJwb3N0X0lEIjoiMCJ9LCJ0eXBlIjoiYXV0byJ9LCJwcm9wcyI6eyJiYWNrZ3JvdW5kQ29sb3IiOiJhdXRvIiwiYmFja2dyb3VuZEltYWdlIjoiYXV0byIsImJhY2tncm91bmRTdHlsZSI6ImF1dG8iLCJoaWdobGlnaHRMaW5rcyI6ImF1dG8iLCJsaWdodGluZyI6ImF1dG8iLCJjYWNoZWRQYWdlcyI6ImF1dG8iLCJyZW5kZXJJbmFjdGl2ZVBhZ2VzIjoiYXV0byIsInJlbmRlckluYWN0aXZlUGFnZXNPbk1vYmlsZSI6ImF1dG8iLCJyZW5kZXJXaGlsZUZsaXBwaW5nIjoiYXV0byIsInByZWxvYWRQYWdlcyI6ImF1dG8iLCJhdXRvUGxheUR1cmF0aW9uIjoiYXV0byIsInJ0bCI6ImF1dG8iLCJpbnRlcmFjdGl2ZUNvcm5lcnMiOiJhdXRvIiwibWF4RGVwdGgiOiJhdXRvIiwic2hlZXQiOnsic3RhcnRWZWxvY2l0eSI6ImF1dG8iLCJ3YXZlIjoiYXV0byIsInNoYXBlIjoiYXV0byIsIndpZHRoVGV4ZWxzIjoiYXV0byIsImNvbG9yIjoiYXV0byIsInNpZGUiOiJhdXRvIiwiY29ybmVyRGV2aWF0aW9uIjoiYXV0byIsImZsZXhpYmlsaXR5IjoiYXV0byIsImZsZXhpYmxlQ29ybmVyIjoiYXV0byIsImJlbmRpbmciOiJhdXRvIiwiaGVpZ2h0VGV4ZWxzIjoiYXV0byJ9LCJjb3ZlciI6eyJ3YXZlIjoiYXV0byIsImNvbG9yIjoiYXV0byIsInNpZGUiOiJhdXRvIiwiYmluZGVyVGV4dHVyZSI6ImF1dG8iLCJkZXB0aCI6ImF1dG8iLCJwYWRkaW5nIjoiYXV0byIsInN0YXJ0VmVsb2NpdHkiOiJhdXRvIiwiZmxleGliaWxpdHkiOiJhdXRvIiwiZmxleGlibGVDb3JuZXIiOiJhdXRvIiwiYmVuZGluZyI6ImF1dG8iLCJ3aWR0aFRleGVscyI6ImF1dG8iLCJoZWlnaHRUZXhlbHMiOiJhdXRvIiwibWFzcyI6ImF1dG8iLCJzaGFwZSI6ImF1dG8ifSwicGFnZSI6eyJ3YXZlIjoiYXV0byIsImNvbG9yIjoiYXV0byIsInNpZGUiOiJhdXRvIiwiZGVwdGgiOiJhdXRvIiwic3RhcnRWZWxvY2l0eSI6ImF1dG8iLCJmbGV4aWJpbGl0eSI6ImF1dG8iLCJmbGV4aWJsZUNvcm5lciI6ImF1dG8iLCJiZW5kaW5nIjoiYXV0byIsIndpZHRoVGV4ZWxzIjoiYXV0byIsImhlaWdodFRleGVscyI6ImF1dG8iLCJtYXNzIjoiYXV0byIsInNoYXBlIjoiYXV0byJ9LCJoZWlnaHQiOiJhdXRvIiwid2lkdGgiOiJhdXRvIiwiZ3Jhdml0eSI6ImF1dG8iLCJwYWdlc0ZvclByZWRpY3RpbmciOiJhdXRvIn0sImNvbnRyb2xQcm9wcyI6eyJhY3Rpb25zIjp7ImNtZFRvYyI6eyJlbmFibGVkIjoiYXV0byIsImVuYWJsZWRJbk5hcnJvdyI6ImF1dG8iLCJhY3RpdmUiOiJhdXRvIiwiZGVmYXVsdFRhYiI6ImF1dG8ifSwiY21kQXV0b1BsYXkiOnsiZW5hYmxlZCI6ImF1dG8iLCJlbmFibGVkSW5OYXJyb3ciOiJhdXRvIiwiYWN0aXZlIjoiYXV0byJ9LCJjbWRTYXZlIjp7ImVuYWJsZWQiOiJhdXRvIiwiZW5hYmxlZEluTmFycm93IjoiYXV0byJ9LCJjbWRQcmludCI6eyJlbmFibGVkIjoiYXV0byIsImVuYWJsZWRJbk5hcnJvdyI6ImF1dG8ifSwiY21kU2luZ2xlUGFnZSI6eyJlbmFibGVkIjoiYXV0byIsImVuYWJsZWRJbk5hcnJvdyI6ImF1dG8iLCJhY3RpdmUiOiJhdXRvIiwiYWN0aXZlRm9yTW9iaWxlIjoiYXV0byJ9LCJ3aWRUb29sYmFyIjp7ImVuYWJsZWQiOiJhdXRvIiwiZW5hYmxlZEluTmFycm93IjoiYXV0byJ9fX0sImF1dG9UaHVtYm5haWwiOiJodHRwczpcL1wvZmJ1Y2FuYWRhLmNvbVwvd3AtY29udGVudFwvdXBsb2Fkc1wvM2QtZmxpcC1ib29rXC9hdXRvLXRodW1ibmFpbHNcLzExMDg1LnBuZyIsInBvc3RfbmFtZSI6ImVuZ2xpc2gtY29uZ3Jlcy0yMDIzIiwicG9zdF90eXBlIjoiM2QtZmxpcC1ib29rIn19LCJwYWdlcyI6W10sImZpcnN0UGFnZXMiOltdfQ==');window.FB3D_CLIENT_LOCALE && window.FB3D_CLIENT_LOCALE.render();<\/script>\n<h2 style=\"text-align: center;\"><span style=\"color: #dc5e01;\">Site map<\/span><\/h2>\n<p><a href=\"https:\/\/fbucanada.com\/wp-content\/uploads\/2023\/07\/Blagos-anglais.png\"><img decoding=\"async\" loading=\"lazy\" class=\"alignnone wp-image-11086 size-full\" src=\"https:\/\/fbucanada.com\/wp-content\/uploads\/2023\/07\/Blagos-anglais.png\" alt=\"\" width=\"2832\" height=\"1709\" srcset=\"https:\/\/fbucanada.com\/wp-content\/uploads\/2023\/07\/Blagos-anglais.png 2832w, https:\/\/fbucanada.com\/wp-content\/uploads\/2023\/07\/Blagos-anglais-300x181.png 300w, https:\/\/fbucanada.com\/wp-content\/uploads\/2023\/07\/Blagos-anglais-768x463.png 768w, https:\/\/fbucanada.com\/wp-content\/uploads\/2023\/07\/Blagos-anglais-1024x618.png 1024w\" sizes=\"(max-width: 2832px) 100vw, 2832px\" \/><\/a>","protected":false},"excerpt":{"rendered":"<p>A day of congress at Blagoslov\u00e9ni\u00e9 - Leaf through Site map<\/p>\n","protected":false},"author":3,"featured_media":0,"parent":45,"menu_order":4,"comment_status":"closed","ping_status":"closed","template":"page-fullwidth.php","meta":{"footnotes":""},"yoast_head":"<!-- This site is optimized with the Yoast SEO plugin v21.2 - https:\/\/yoast.com\/wordpress\/plugins\/seo\/ -->\n<title>2023 Congress  - Fraternit\u00e9 Blanche Universelle<\/title>\n<meta name=\"robots\" content=\"index, follow, max-snippet:-1, max-image-preview:large, max-video-preview:-1\" \/>\n<link rel=\"canonical\" href=\"https:\/\/fbucanada.com\/lassociation\/congres-2023\/\" \/>\n<meta property=\"og:locale\" content=\"en_US\" \/>\n<meta property=\"og:type\" content=\"article\" \/>\n<meta property=\"og:title\" content=\"[:fr]Congr\u00e8s 2023[:en]2023 Congress [:] - Fraternit\u00e9 Blanche Universelle\" \/>\n<meta property=\"og:description\" content=\"A day of congress at Blagoslov\u00e9ni\u00e9 - Leaf through Site map\" \/>\n<meta property=\"og:url\" content=\"https:\/\/fbucanada.com\/lassociation\/congres-2023\/\" \/>\n<meta property=\"og:site_name\" content=\"Fraternit\u00e9 Blanche Universelle\" \/>\n<meta property=\"article:modified_time\" content=\"2026-02-26T21:14:21+00:00\" \/>\n<meta property=\"og:image\" content=\"https:\/\/fbucanada.com\/wp-content\/uploads\/2023\/07\/Blagos-anglais.png\" \/>\n<meta name=\"twitter:card\" content=\"summary_large_image\" \/>\n<meta name=\"twitter:label1\" content=\"Est. reading time\" \/>\n\t<meta name=\"twitter:data1\" content=\"1 minute\" \/>\n<script type=\"application\/ld+json\" class=\"yoast-schema-graph\">{\"@context\":\"https:\/\/schema.org\",\"@graph\":[{\"@type\":\"WebPage\",\"@id\":\"https:\/\/fbucanada.com\/lassociation\/congres-2023\/\",\"url\":\"https:\/\/fbucanada.com\/lassociation\/congres-2023\/\",\"name\":\"[:fr]Congr\u00e8s 2023[:en]2023 Congress [:] - Fraternit\u00e9 Blanche Universelle\",\"isPartOf\":{\"@id\":\"https:\/\/fbucanada.com\/#website\"},\"datePublished\":\"2023-07-08T11:25:26+00:00\",\"dateModified\":\"2026-02-26T21:14:21+00:00\",\"breadcrumb\":{\"@id\":\"https:\/\/fbucanada.com\/lassociation\/congres-2023\/#breadcrumb\"},\"inLanguage\":\"en-US\",\"potentialAction\":[{\"@type\":\"ReadAction\",\"target\":[\"https:\/\/fbucanada.com\/lassociation\/congres-2023\/\"]}]},{\"@type\":\"BreadcrumbList\",\"@id\":\"https:\/\/fbucanada.com\/lassociation\/congres-2023\/#breadcrumb\",\"itemListElement\":[{\"@type\":\"ListItem\",\"position\":1,\"name\":\"Accueil\",\"item\":\"https:\/\/fbucanada.com\/\"},{\"@type\":\"ListItem\",\"position\":2,\"name\":\"L&#8217;association\",\"item\":\"https:\/\/fbucanada.com\/lassociation\/\"},{\"@type\":\"ListItem\",\"position\":3,\"name\":\"Congr\u00e8s 2023\"}]},{\"@type\":\"WebSite\",\"@id\":\"https:\/\/fbucanada.com\/#website\",\"url\":\"https:\/\/fbucanada.com\/\",\"name\":\"Fraternit\u00e9 Blanche Universelle\",\"description\":\"\",\"potentialAction\":[{\"@type\":\"SearchAction\",\"target\":{\"@type\":\"EntryPoint\",\"urlTemplate\":\"https:\/\/fbucanada.com\/?s={search_term_string}\"},\"query-input\":\"required name=search_term_string\"}],\"inLanguage\":\"en-US\"}]}<\/script>\n<!-- \/ Yoast SEO plugin. -->","yoast_head_json":{"title":"[:fr]Congr\u00e8s 2023[:en]2023 Congress [:] - Fraternit\u00e9 Blanche Universelle","robots":{"index":"index","follow":"follow","max-snippet":"max-snippet:-1","max-image-preview":"max-image-preview:large","max-video-preview":"max-video-preview:-1"},"canonical":"https:\/\/fbucanada.com\/lassociation\/congres-2023\/","og_locale":"en_US","og_type":"article","og_title":"[:fr]Congr\u00e8s 2023[:en]2023 Congress [:] - Fraternit\u00e9 Blanche Universelle","og_description":"A day of congress at Blagoslov\u00e9ni\u00e9 - Leaf through Site map","og_url":"https:\/\/fbucanada.com\/lassociation\/congres-2023\/","og_site_name":"Fraternit\u00e9 Blanche Universelle","article_modified_time":"2026-02-26T21:14:21+00:00","og_image":[{"url":"https:\/\/fbucanada.com\/wp-content\/uploads\/2023\/07\/Blagos-anglais.png"}],"twitter_card":"summary_large_image","twitter_misc":{"Est. reading time":"1 minute"},"schema":{"@context":"https:\/\/schema.org","@graph":[{"@type":"WebPage","@id":"https:\/\/fbucanada.com\/lassociation\/congres-2023\/","url":"https:\/\/fbucanada.com\/lassociation\/congres-2023\/","name":"[:fr]Congr\u00e8s 2023[:en]2023 Congress [:] - Fraternit\u00e9 Blanche Universelle","isPartOf":{"@id":"https:\/\/fbucanada.com\/#website"},"datePublished":"2023-07-08T11:25:26+00:00","dateModified":"2026-02-26T21:14:21+00:00","breadcrumb":{"@id":"https:\/\/fbucanada.com\/lassociation\/congres-2023\/#breadcrumb"},"inLanguage":"en-US","potentialAction":[{"@type":"ReadAction","target":["https:\/\/fbucanada.com\/lassociation\/congres-2023\/"]}]},{"@type":"BreadcrumbList","@id":"https:\/\/fbucanada.com\/lassociation\/congres-2023\/#breadcrumb","itemListElement":[{"@type":"ListItem","position":1,"name":"Accueil","item":"https:\/\/fbucanada.com\/"},{"@type":"ListItem","position":2,"name":"L&#8217;association","item":"https:\/\/fbucanada.com\/lassociation\/"},{"@type":"ListItem","position":3,"name":"Congr\u00e8s 2023"}]},{"@type":"WebSite","@id":"https:\/\/fbucanada.com\/#website","url":"https:\/\/fbucanada.com\/","name":"Fraternit\u00e9 Blanche Universelle","description":"","potentialAction":[{"@type":"SearchAction","target":{"@type":"EntryPoint","urlTemplate":"https:\/\/fbucanada.com\/?s={search_term_string}"},"query-input":"required name=search_term_string"}],"inLanguage":"en-US"}]}},"_links":{"self":[{"href":"https:\/\/fbucanada.com\/en\/wp-json\/wp\/v2\/pages\/11044"}],"collection":[{"href":"https:\/\/fbucanada.com\/en\/wp-json\/wp\/v2\/pages"}],"about":[{"href":"https:\/\/fbucanada.com\/en\/wp-json\/wp\/v2\/types\/page"}],"author":[{"embeddable":true,"href":"https:\/\/fbucanada.com\/en\/wp-json\/wp\/v2\/users\/3"}],"replies":[{"embeddable":true,"href":"https:\/\/fbucanada.com\/en\/wp-json\/wp\/v2\/comments?post=11044"}],"version-history":[{"count":19,"href":"https:\/\/fbucanada.com\/en\/wp-json\/wp\/v2\/pages\/11044\/revisions"}],"predecessor-version":[{"id":11094,"href":"https:\/\/fbucanada.com\/en\/wp-json\/wp\/v2\/pages\/11044\/revisions\/11094"}],"up":[{"embeddable":true,"href":"https:\/\/fbucanada.com\/en\/wp-json\/wp\/v2\/pages\/45"}],"wp:attachment":[{"href":"https:\/\/fbucanada.com\/en\/wp-json\/wp\/v2\/media?parent=11044"}],"curies":[{"name":"wp","href":"https:\/\/api.w.org\/{rel}","templated":true}]}}