{"id":138,"date":"2015-10-26T18:16:02","date_gmt":"2015-10-26T17:16:02","guid":{"rendered":"http:\/\/fbucanada.com\/?page_id=138"},"modified":"2016-01-22T18:06:24","modified_gmt":"2016-01-22T17:06:24","slug":"omraam-mikhael-aivanhov","status":"publish","type":"page","link":"https:\/\/fbucanada.com\/en\/omraam-mikhael-aivanhov\/omraam-mikhael-aivanhov\/","title":{"rendered":"Omraam Mikha\u00ebl A\u00efvanhov"},"content":{"rendered":"<h2><strong><span style=\"color: #dc5e01;\"><a href=\"http:\/\/fbucanada.com\/wp-content\/uploads\/2015\/10\/leMaitre1981.jpg\"><img decoding=\"async\" loading=\"lazy\" class=\"alignleft size-full wp-image-574\" src=\"http:\/\/fbucanada.com\/wp-content\/uploads\/2015\/10\/leMaitre1981.jpg\" alt=\"leMaitre1981\" width=\"210\" height=\"294\" \/><\/a>Omraam Mikha\u00ebl A\u00efvanhov<\/span><\/strong><\/h2>\n<p style=\"text-align: justify;\">Philosopher, pedagogue and spiritual Master, Omraam Mikha\u00ebl A\u00efvanhov (1900-1986) was a native of Bulgaria. In 1937, at the request of his Master Peter Deunov, he came to France where he was to give the main body of his teaching.<\/p>\n<p style=\"text-align: justify;\">He was a <strong>\u2018<\/strong>bearer of light\u2019, a fraternal being who was always accessible, enthusiastic and stimulating. A model. His life testifies to a perfect coherence between his thought, his word and his actions.<\/p>\n<p style=\"text-align: justify;\">In the course of more than 5000 talks, he explores human nature in its environment, whether in a personal, familial, social, spiritual or planetary context. The man whom his disciples call Master \u2013 in the oriental sense of the word, referring to one\u2019s personal self-mastery and ability as a teacher \u2013 tells us:<\/p>\n<p class=\"citation\" style=\"text-align: justify;\"><em><span style=\"color: #000000;\">\u2018What I hope to give you through this teaching are some notions of life, of yourself, of how you are structured, of how you relate to the universe as a whole, and consequently of the exchanges you are to have with each other and with the universe, which is life.\u2019<\/span><\/em><\/p>\n<p style=\"text-align: justify;\">His highest and constant objective was to help human beings recapture their spiritual dimension (which he refers to as their higher or divine nature), to perfect and strengthen themselves, and to find fulfillment in the world in which they live. He adds:<\/p>\n<p class=\"citation\" style=\"text-align: justify;\"><span style=\"color: #000000;\"><em>\u2018Above all, I have endeavored to shed light on one subject in particular: the two natures that exist within all human beings, the higher nature and the lower nature, because herein lies the key to the solution of all problems.\u2019<\/em><\/span><\/p>\n<p style=\"text-align: justify;\">Our inner, individual work\u00a0 must also\u00a0be seen\u00a0from a universal perspective, which\u00a0it opens our consciousness to the fact that we are citizens of the cosmos, members of one great human family, one universal brotherhood. We are all sons and daughters of the same Creator. The teaching of Omraam Mikha\u00ebl A\u00efvanhov invites all human beings, without distinctions of color, country, religion or race, to realize a fraternal and harmonious life on earth for the good of each and every one of us.<\/p>\n<p style=\"text-align: justify;\">Thanks to his shining presence, his example and his teaching, innumerable people throughout the world have found the path to inner fulfillment.<\/p>\n<p style=\"text-align: justify;\"><a href=\"http:\/\/fbucanada.com\/wp-content\/uploads\/2015\/10\/FM_1911.jpg\"><img decoding=\"async\" loading=\"lazy\" class=\"alignleft size-full wp-image-576\" src=\"http:\/\/fbucanada.com\/wp-content\/uploads\/2015\/10\/FM_1911.jpg\" alt=\"FM_1911\" width=\"250\" height=\"390\" srcset=\"https:\/\/fbucanada.com\/wp-content\/uploads\/2015\/10\/FM_1911.jpg 250w, https:\/\/fbucanada.com\/wp-content\/uploads\/2015\/10\/FM_1911-192x300.jpg 192w\" sizes=\"(max-width: 250px) 100vw, 250px\" \/><\/a><\/p>\n<p>&nbsp;<\/p>\n<p>&nbsp;<\/p>\n<p>&nbsp;<\/p>\n<p style=\"text-align: justify;\">On January 31, 1900, Omraam Mikha\u00ebl A\u00efvanhov was born in the village of Serbtzi, Macedonia, and later lived in Varna, Bulgaria. His youth was marked by many difficulties: the early death of his father, extreme poverty, constant social unrest and war were for him opportunities to develop his willpower, his consciousness and his spiritual life, as well as his desire to be useful to all humankind.<\/p>\n<p>&nbsp;<\/p>\n<p style=\"text-align: justify;\">The Master at 11 years of age,<br \/>\nwith his mother and little brother.<\/p>\n<p>&nbsp;<\/p>\n<p>&nbsp;<\/p>\n<p style=\"text-align: justify;\">At the age of 17, he joined the brotherhood of Master Peter Deunov, who was to have a definitive influence on him. After obtaining his diploma at the University of Sofia he became a teacher, and from 1934 to 1937, a school principal. At the same time, he steadfastly followed the teaching of Peter Deunov, which for him was a vast field of exploration and experience. Although his presence in the brotherhood was always discreet and unassuming, he had a profound spiritual and human influence on his fellow members. In 1937, with the approach of the Second World War, Peter Deunov foresaw that political unrest would lead to a ban on all spiritual associations in Bulgaria and sent his disciple Mikha\u00ebl A\u00efvanhov to France, where he was to preserve, develop and propagate his teaching.<\/p>\n<p style=\"text-align: justify;\"><a href=\"http:\/\/fbucanada.com\/wp-content\/uploads\/2015\/10\/FM_1937.jpg\"><img decoding=\"async\" loading=\"lazy\" class=\"alignleft size-full wp-image-583\" src=\"http:\/\/fbucanada.com\/wp-content\/uploads\/2015\/10\/FM_1937.jpg\" alt=\"FM_1937\" width=\"165\" height=\"240\" \/><\/a>From 1937 on, Frere Mikha\u00ebl worked tirelessly to make known the teaching he had taken to France. Gradually his intensely luminous presence earned him access to\u00a0and considerable influence in different spheres of French society. In spite of difficulties and ordeals, he remained true to his mission and continued to give love and attention to all he encountered, never asking for payment of any kind. Motivated by his overwhelming desire to contribute to the realization of a profoundly fraternal humanity \u2013 a desire he never lost \u2013 he founded the French brotherhood on the same pattern as that of Peter Deunov. Beginning in 1948, he established a number of brotherhood associations, in France, Switzerland, Belgium and several other European countries. In 1959, after more than twenty years devoted to the mission entrusted to him by Peter Deunov, he travelled to India where he spent a year. There he met the Mahavatar Nimcaroli Babaji, described by Yogananda as the being who for untold years has been the guide of prophets and masters. It was in India, in circumstances which he never fully disclosed, that he was given the name \u2018Omraam\u2019. Until this time, he had refused to be addressed as a Master by his disciples. He had always regarded himself as a disciple of his own teacher, Peter Deunov, and was called Fr\u00e8re Mikha\u00ebl. Now everything had changed. His disciples, who had been following him for 22 years, insisted on paying him the respect he was due, and he finally allowed himself to be called \u2018Master\u2019.<\/p>\n<p style=\"text-align: justify;\"><a href=\"http:\/\/fbucanada.com\/wp-content\/uploads\/2015\/10\/retour-des-indes.jpg\"><img decoding=\"async\" loading=\"lazy\" class=\"alignright wp-image-584\" src=\"http:\/\/fbucanada.com\/wp-content\/uploads\/2015\/10\/retour-des-indes.jpg\" alt=\"retour-des-indes\" width=\"180\" height=\"182\" \/><\/a>A true Master, he explained, is one who knows the truth, who thoroughly understands and respects the laws and principles of existence. He also has the will and ability to control his inner world and to use this self-mastery for the sole purpose of manifesting all the qualities and virtues of unselfish love. In the years that followed, and until he left this world on December 25, 1986, Master Omraam Mikha\u00ebl A\u00efvanhov continued his teaching mission, giving thousands of talks, always free, in France and many other countries, including Canada.<\/p>\n<p style=\"text-align: justify;\">His teaching is universal in scope, and the methods he proposes correspond ever more aptly to the needs of our times and the challenges of contemporary daily life. His constant motivation was, as he said, to be useful to his fellow human beings, to help them find within themselves the forces placed there by the Creator, and to play their part in the creation of a global and profoundly fraternal human family, a Golden Age for mankind.<\/p>\n<hr \/>\n<p><span style=\"font-size: 16px;\">\u00a0Next Page\u00a0<\/span><\/p>\n<p><!--nextpage--><\/p>\n<h2><span style=\"color: #dc5e01;\"><strong><span style=\"font-size: 20px;\"><span style=\"color: #dc5e01;\">CHRONOLOGY<\/span><\/span><\/strong><\/span><\/h2>\n<p><strong>1900, January 31\u00a0 <\/strong>-Birth in Serbtzi, Macedonia.<br \/>\n<strong>1907, Spring<\/strong>\u00a0 -Destruction of village. Departure for Varna.<br \/>\n<strong>1908, October 3<\/strong>\u00a0 -Death of Mikha\u00ebl\u2019s father.<br \/>\n<strong>1909<\/strong>\u00a0 -Reads Proverbs<br \/>\n<strong>1915 <\/strong>\u00a0-Illumination.<br \/>\n<strong>1917, Winter <\/strong>\u00a0-First meeting with Peter Deunov, Varna.<br \/>\n<strong>1923 <\/strong>\u00a0-University studies in Sofia.<br \/>\n<strong>1930 <\/strong>\u00a0-Teaches in secondary school.<br \/>\n<strong>1934 or 1935 <\/strong>\u00a0-School Director.<br \/>\n<strong>1937, July 22 <\/strong>\u00a0-Arrival in France.<br \/>\n<strong>1938, January 29 <\/strong>\u00a0-First public talk.<br \/>\n<strong>1944, Christmas <\/strong>\u00a0-Publication of first collection of talks.<br \/>\n<strong>1944, December 27 <\/strong>\u00a0-Death of Peter Deunov aged 80.<br \/>\n<strong>1948, January 21 <\/strong>\u00a0-Arrested on false charge.<br \/>\n<strong>1948, July 17 <\/strong>\u00a0-Sentenced to 4 years in prison.<br \/>\n<strong>1950, March <\/strong>\u00a0-Released from prison.<br \/>\n<strong>1950, March 19 <\/strong>\u00a0-Renews contact with brotherhood.<br \/>\n<strong>1953, July 8 <\/strong>\u00a0-First summer convention at the Bonfin.<br \/>\n<strong>1959, February 11 <\/strong>\u00a0-Departure for India.<br \/>\n<strong>1959, June 17 <\/strong>\u00a0-First meeting with Babaji.<br \/>\n<strong>1960, February 9 <\/strong>\u00a0-Return from India.<br \/>\n<strong>1960, September 28 <\/strong>\u00a0-Rehabilitation by Court of Appeals.<br \/>\n<strong>1961, Spring <\/strong>\u00a0-Travels to England.<br \/>\n<strong>1962, May <\/strong>\u00a0-Travels to Spain.<br \/>\n<strong>1964, May \u00a0<\/strong>-Travels to Italy, Greece, Serbtzi. Meets his mother.<br \/>\n<strong>1965, Spring <\/strong>\u00a0-Travels to Sweden, Holland, Germany.<br \/>\n<strong>1965, June <\/strong>\u00a0-Travels to Spain.<br \/>\n<strong>1967, May &amp; June <\/strong>\u00a0-Travels to United States &amp; Canada.<br \/>\n<strong>1968, May &amp; June \u00a0<\/strong>-Travels to Israel.<br \/>\n<strong>1969, May <\/strong>\u00a0-Travels to Greece &amp; Turkey.<br \/>\n<strong>1970, April 25 <\/strong>\u00a0-Travels to Japan, Sri Lanka, Hong Kong.<br \/>\n<strong>1971, May 6 <\/strong>\u00a0-Travels to Morocco, Egypt, Ethiopia, Lebanon, Greece, Yugoslavia.<br \/>\n<strong>1971, September 18 <\/strong>\u00a0-Fourth Esoteric Convention in Berlin.<br \/>\n<strong>1973, August 5 <\/strong>\u00a0-Death of Dolia.<br \/>\n<strong>1974, April <\/strong>\u00a0-Publication of Complete Works Vol. 1<br \/>\n<strong>1975 <\/strong>\u00a0-Complete Works sold in bookstores in France.<br \/>\n<strong>1976 <\/strong>\u00a0-First translations of Complete Works.<br \/>\n<strong>1977, May &amp; June <\/strong>\u00a0-Inter-religious convention in Paris.<br \/>\n<strong>1978, December 17 <\/strong>\u00a0-Travels to United-States, Antilles.<br \/>\n<strong>1981, Spring <\/strong>\u00a0-Travels to Canada, United-States.<br \/>\n<strong>1981, June 18 \u00a0<\/strong>-Travels to Bulgaria.<br \/>\n<strong>1981, October 12 <\/strong>\u00a0-Travels to United States. Public talks.<br \/>\n<strong>1981, December 10 <\/strong>\u00a0-Travels to Thailand.<br \/>\n<strong>1982, February 5 <\/strong>\u00a0-Travels to India.<br \/>\n<strong>1982, November <\/strong>\u00a0-Travels to England, Scotland.<br \/>\n<strong>1983, January <\/strong>\u00a0-Travels to Egypt.<br \/>\n<strong>1983, April 28 \u00a0<\/strong>-Travels to Scandinavia.<br \/>\n<strong>1984, January 18 <\/strong>\u00a0-Travels to United States.<br \/>\n<strong>1984, May 6 <\/strong>\u00a0-Travels to Canada. Public talks.<br \/>\n<strong>1985, January 25 <\/strong>\u00a0-Travels to United States, Mexico, Canada.<br \/>\n<strong>1986, December 25 <\/strong>\u00a0-Omraam Mikha\u00ebl A\u00efvanhov leaves this world.<\/p>\n<p>*Taken from the biography \"The Life of a Master in the West\" by Louise-Marie Frenette. Prosveta US Dist. 2009.","protected":false},"excerpt":{"rendered":"<p>Sorry, this entry is only available in French.<\/p>\n","protected":false},"author":5,"featured_media":0,"parent":34,"menu_order":0,"comment_status":"closed","ping_status":"closed","template":"page-fullwidth.php","meta":{"footnotes":""},"yoast_head":"<!-- This site is optimized with the Yoast SEO plugin v21.2 - https:\/\/yoast.com\/wordpress\/plugins\/seo\/ -->\n<title>Omraam Mikha\u00ebl A\u00efvanhov - Fraternit\u00e9 Blanche Universelle<\/title>\n<meta name=\"robots\" content=\"index, follow, max-snippet:-1, max-image-preview:large, max-video-preview:-1\" \/>\n<link rel=\"canonical\" href=\"https:\/\/fbucanada.com\/omraam-mikhael-aivanhov\/omraam-mikhael-aivanhov\/\" \/>\n<link rel=\"next\" href=\"https:\/\/fbucanada.com\/omraam-mikhael-aivanhov\/omraam-mikhael-aivanhov\/2\/\" \/>\n<meta property=\"og:locale\" content=\"en_US\" \/>\n<meta property=\"og:type\" content=\"article\" \/>\n<meta property=\"og:title\" content=\"Omraam Mikha\u00ebl A\u00efvanhov - Fraternit\u00e9 Blanche Universelle\" \/>\n<meta property=\"og:description\" content=\"Sorry, this entry is only available in French.\" \/>\n<meta property=\"og:url\" content=\"https:\/\/fbucanada.com\/omraam-mikhael-aivanhov\/omraam-mikhael-aivanhov\/\" \/>\n<meta property=\"og:site_name\" content=\"Fraternit\u00e9 Blanche Universelle\" \/>\n<meta property=\"article:modified_time\" content=\"2016-01-22T17:06:24+00:00\" \/>\n<meta property=\"og:image\" content=\"http:\/\/fbucanada.com\/wp-content\/uploads\/2015\/10\/leMaitre1981.jpg\" \/>\n<meta name=\"twitter:card\" content=\"summary_large_image\" \/>\n<meta name=\"twitter:label1\" content=\"Est. reading time\" \/>\n\t<meta name=\"twitter:data1\" content=\"14 minutes\" \/>\n<script type=\"application\/ld+json\" class=\"yoast-schema-graph\">{\"@context\":\"https:\/\/schema.org\",\"@graph\":[{\"@type\":\"WebPage\",\"@id\":\"https:\/\/fbucanada.com\/omraam-mikhael-aivanhov\/omraam-mikhael-aivanhov\/\",\"url\":\"https:\/\/fbucanada.com\/omraam-mikhael-aivanhov\/omraam-mikhael-aivanhov\/\",\"name\":\"Omraam Mikha\u00ebl A\u00efvanhov - Fraternit\u00e9 Blanche Universelle\",\"isPartOf\":{\"@id\":\"https:\/\/fbucanada.com\/#website\"},\"datePublished\":\"2015-10-26T17:16:02+00:00\",\"dateModified\":\"2016-01-22T17:06:24+00:00\",\"breadcrumb\":{\"@id\":\"https:\/\/fbucanada.com\/omraam-mikhael-aivanhov\/omraam-mikhael-aivanhov\/#breadcrumb\"},\"inLanguage\":\"en-US\",\"potentialAction\":[{\"@type\":\"ReadAction\",\"target\":[\"https:\/\/fbucanada.com\/omraam-mikhael-aivanhov\/omraam-mikhael-aivanhov\/\"]}]},{\"@type\":\"BreadcrumbList\",\"@id\":\"https:\/\/fbucanada.com\/omraam-mikhael-aivanhov\/omraam-mikhael-aivanhov\/#breadcrumb\",\"itemListElement\":[{\"@type\":\"ListItem\",\"position\":1,\"name\":\"Accueil\",\"item\":\"https:\/\/fbucanada.com\/\"},{\"@type\":\"ListItem\",\"position\":2,\"name\":\"OMRAAM MIKHA\u00cbL A\u00cfVANHOV\"}]},{\"@type\":\"WebSite\",\"@id\":\"https:\/\/fbucanada.com\/#website\",\"url\":\"https:\/\/fbucanada.com\/\",\"name\":\"Fraternit\u00e9 Blanche Universelle\",\"description\":\"\",\"potentialAction\":[{\"@type\":\"SearchAction\",\"target\":{\"@type\":\"EntryPoint\",\"urlTemplate\":\"https:\/\/fbucanada.com\/?s={search_term_string}\"},\"query-input\":\"required name=search_term_string\"}],\"inLanguage\":\"en-US\"}]}<\/script>\n<!-- \/ Yoast SEO plugin. -->","yoast_head_json":{"title":"Omraam Mikha\u00ebl A\u00efvanhov - Fraternit\u00e9 Blanche Universelle","robots":{"index":"index","follow":"follow","max-snippet":"max-snippet:-1","max-image-preview":"max-image-preview:large","max-video-preview":"max-video-preview:-1"},"canonical":"https:\/\/fbucanada.com\/omraam-mikhael-aivanhov\/omraam-mikhael-aivanhov\/","next":"https:\/\/fbucanada.com\/omraam-mikhael-aivanhov\/omraam-mikhael-aivanhov\/2\/","og_locale":"en_US","og_type":"article","og_title":"Omraam Mikha\u00ebl A\u00efvanhov - Fraternit\u00e9 Blanche Universelle","og_description":"Sorry, this entry is only available in French.","og_url":"https:\/\/fbucanada.com\/omraam-mikhael-aivanhov\/omraam-mikhael-aivanhov\/","og_site_name":"Fraternit\u00e9 Blanche Universelle","article_modified_time":"2016-01-22T17:06:24+00:00","og_image":[{"url":"http:\/\/fbucanada.com\/wp-content\/uploads\/2015\/10\/leMaitre1981.jpg"}],"twitter_card":"summary_large_image","twitter_misc":{"Est. reading time":"14 minutes"},"schema":{"@context":"https:\/\/schema.org","@graph":[{"@type":"WebPage","@id":"https:\/\/fbucanada.com\/omraam-mikhael-aivanhov\/omraam-mikhael-aivanhov\/","url":"https:\/\/fbucanada.com\/omraam-mikhael-aivanhov\/omraam-mikhael-aivanhov\/","name":"Omraam Mikha\u00ebl A\u00efvanhov - Fraternit\u00e9 Blanche Universelle","isPartOf":{"@id":"https:\/\/fbucanada.com\/#website"},"datePublished":"2015-10-26T17:16:02+00:00","dateModified":"2016-01-22T17:06:24+00:00","breadcrumb":{"@id":"https:\/\/fbucanada.com\/omraam-mikhael-aivanhov\/omraam-mikhael-aivanhov\/#breadcrumb"},"inLanguage":"en-US","potentialAction":[{"@type":"ReadAction","target":["https:\/\/fbucanada.com\/omraam-mikhael-aivanhov\/omraam-mikhael-aivanhov\/"]}]},{"@type":"BreadcrumbList","@id":"https:\/\/fbucanada.com\/omraam-mikhael-aivanhov\/omraam-mikhael-aivanhov\/#breadcrumb","itemListElement":[{"@type":"ListItem","position":1,"name":"Accueil","item":"https:\/\/fbucanada.com\/"},{"@type":"ListItem","position":2,"name":"OMRAAM MIKHA\u00cbL A\u00cfVANHOV"}]},{"@type":"WebSite","@id":"https:\/\/fbucanada.com\/#website","url":"https:\/\/fbucanada.com\/","name":"Fraternit\u00e9 Blanche Universelle","description":"","potentialAction":[{"@type":"SearchAction","target":{"@type":"EntryPoint","urlTemplate":"https:\/\/fbucanada.com\/?s={search_term_string}"},"query-input":"required name=search_term_string"}],"inLanguage":"en-US"}]}},"_links":{"self":[{"href":"https:\/\/fbucanada.com\/en\/wp-json\/wp\/v2\/pages\/138"}],"collection":[{"href":"https:\/\/fbucanada.com\/en\/wp-json\/wp\/v2\/pages"}],"about":[{"href":"https:\/\/fbucanada.com\/en\/wp-json\/wp\/v2\/types\/page"}],"author":[{"embeddable":true,"href":"https:\/\/fbucanada.com\/en\/wp-json\/wp\/v2\/users\/5"}],"replies":[{"embeddable":true,"href":"https:\/\/fbucanada.com\/en\/wp-json\/wp\/v2\/comments?post=138"}],"version-history":[{"count":38,"href":"https:\/\/fbucanada.com\/en\/wp-json\/wp\/v2\/pages\/138\/revisions"}],"predecessor-version":[{"id":2079,"href":"https:\/\/fbucanada.com\/en\/wp-json\/wp\/v2\/pages\/138\/revisions\/2079"}],"up":[{"embeddable":true,"href":"https:\/\/fbucanada.com\/en\/wp-json\/wp\/v2\/pages\/34"}],"wp:attachment":[{"href":"https:\/\/fbucanada.com\/en\/wp-json\/wp\/v2\/media?parent=138"}],"curies":[{"name":"wp","href":"https:\/\/api.w.org\/{rel}","templated":true}]}}