{"id":158,"date":"2015-10-27T23:00:07","date_gmt":"2015-10-27T22:00:07","guid":{"rendered":"http:\/\/fbucanada.com\/?page_id=158"},"modified":"2022-02-09T02:30:13","modified_gmt":"2022-02-09T01:30:13","slug":"introduction","status":"publish","type":"page","link":"https:\/\/fbucanada.com\/en\/lenseignement\/introduction\/","title":{"rendered":"Introduction"},"content":{"rendered":"<p class=\"accueil\" style=\"text-align: justify;\">Between 1937 and 1986, the Master Omraam Mikha\u00ebl A\u00efvanhov gave nearly 5,000 public talks. He always spoke from the inspiration of the moment and without notes, usually in French and occasionally in English. His teaching took place primarily in France, but also in many other countries including Switzerland, Canada, the United States and Scandinavia.<\/p>\n<p class=\"accueil\" style=\"text-align: justify;\">His teaching was entirely oral. The books, published and distributed by <a href=\"http:\/\/www.prosveta-canada.com\/en\/home\" target=\"_blank\" rel=\"noopener noreferrer\"><strong><span style=\"color: #0066cc;\"> Prosveta<\/span><\/strong><span style=\"color: #000000;\">,<\/span><\/a> have been transcribed from stenographic notes and audio and video recordings of his talks. As early as 1969, the Master entrusted this task to a disciple, and this work is ongoing. Today, his books can be found in many bookstores and in hundreds of public and university libraries in many countries around the world. With his works now translated into more than 35languages, Omraam Mikha\u00ebl A\u00efvanhov is today one of the world\u2019s most widely read and translated French authors.<\/p>\n<p class=\"accueil\" style=\"text-align: justify;\">\u00a0What is immediately striking about the Master\u2019s teaching is the great variety of ways in which he treats the central theme of human beings and their evolution toward perfection. Whatever the question under discussion, it invariably deals with how we can come to better understand ourselves and conduct our lives. In this menu you will find some of the key themes that best characterize this teaching.<\/p>\n<p class=\"accueil\" style=\"text-align: justify;\"><a href=\"http:\/\/fbucanada.com\/wp-content\/uploads\/2015\/10\/enseign_intro.jpg\"><img decoding=\"async\" loading=\"lazy\" class=\"aligncenter wp-image-347 size-full\" src=\"http:\/\/fbucanada.com\/wp-content\/uploads\/2015\/10\/enseign_intro.jpg\" alt=\"enseign_intro\" width=\"650\" height=\"483\" srcset=\"https:\/\/fbucanada.com\/wp-content\/uploads\/2015\/10\/enseign_intro.jpg 650w, https:\/\/fbucanada.com\/wp-content\/uploads\/2015\/10\/enseign_intro-300x223.jpg 300w, https:\/\/fbucanada.com\/wp-content\/uploads\/2015\/10\/enseign_intro-200x150.jpg 200w\" sizes=\"(max-width: 650px) 100vw, 650px\" \/><\/a><\/p>","protected":false},"excerpt":{"rendered":"<p>Between 1937 and 1986, the Master Omraam Mikha\u00ebl A\u00efvanhov gave nearly 5,000 public talks. He always spoke from the inspiration of the moment and without notes, usually in French and occasionally in English. His teaching took place primarily in France, but also in many other countries including Switzerland, Canada, the United States and Scandinavia. His teaching was entirely oral. The&nbsp;<a href=\"https:\/\/fbucanada.com\/en\/lenseignement\/introduction\/\" class=\"read-more\">Continue Reading<\/a><\/p>\n","protected":false},"author":5,"featured_media":0,"parent":43,"menu_order":1,"comment_status":"closed","ping_status":"closed","template":"page-fullwidth.php","meta":{"footnotes":""},"yoast_head":"<!-- This site is optimized with the Yoast SEO plugin v21.2 - https:\/\/yoast.com\/wordpress\/plugins\/seo\/ -->\n<title>Introduction - Fraternit\u00e9 Blanche Universelle<\/title>\n<meta name=\"robots\" content=\"index, follow, max-snippet:-1, max-image-preview:large, max-video-preview:-1\" \/>\n<link rel=\"canonical\" href=\"https:\/\/fbucanada.com\/lenseignement\/introduction\/\" \/>\n<meta property=\"og:locale\" content=\"en_US\" \/>\n<meta property=\"og:type\" content=\"article\" \/>\n<meta property=\"og:title\" content=\"Introduction - Fraternit\u00e9 Blanche Universelle\" \/>\n<meta property=\"og:description\" content=\"Between 1937 and 1986, the Master Omraam Mikha\u00ebl A\u00efvanhov gave nearly 5,000 public talks. He always spoke from the inspiration of the moment and without notes, usually in French and occasionally in English. His teaching took place primarily in France, but also in many other countries including Switzerland, Canada, the United States and Scandinavia. His teaching was entirely oral. The&nbsp;Continue Reading\" \/>\n<meta property=\"og:url\" content=\"https:\/\/fbucanada.com\/lenseignement\/introduction\/\" \/>\n<meta property=\"og:site_name\" content=\"Fraternit\u00e9 Blanche Universelle\" \/>\n<meta property=\"article:modified_time\" content=\"2022-02-09T01:30:13+00:00\" \/>\n<meta property=\"og:image\" content=\"http:\/\/fbucanada.com\/wp-content\/uploads\/2015\/10\/enseign_intro.jpg\" \/>\n<meta name=\"twitter:card\" content=\"summary_large_image\" \/>\n<meta name=\"twitter:label1\" content=\"Est. reading time\" \/>\n\t<meta name=\"twitter:data1\" content=\"2 minutes\" \/>\n<script type=\"application\/ld+json\" class=\"yoast-schema-graph\">{\"@context\":\"https:\/\/schema.org\",\"@graph\":[{\"@type\":\"WebPage\",\"@id\":\"https:\/\/fbucanada.com\/lenseignement\/introduction\/\",\"url\":\"https:\/\/fbucanada.com\/lenseignement\/introduction\/\",\"name\":\"Introduction - Fraternit\u00e9 Blanche Universelle\",\"isPartOf\":{\"@id\":\"https:\/\/fbucanada.com\/#website\"},\"datePublished\":\"2015-10-27T22:00:07+00:00\",\"dateModified\":\"2022-02-09T01:30:13+00:00\",\"breadcrumb\":{\"@id\":\"https:\/\/fbucanada.com\/lenseignement\/introduction\/#breadcrumb\"},\"inLanguage\":\"en-US\",\"potentialAction\":[{\"@type\":\"ReadAction\",\"target\":[\"https:\/\/fbucanada.com\/lenseignement\/introduction\/\"]}]},{\"@type\":\"BreadcrumbList\",\"@id\":\"https:\/\/fbucanada.com\/lenseignement\/introduction\/#breadcrumb\",\"itemListElement\":[{\"@type\":\"ListItem\",\"position\":1,\"name\":\"Accueil\",\"item\":\"https:\/\/fbucanada.com\/\"},{\"@type\":\"ListItem\",\"position\":2,\"name\":\"L&#8217;enseignement\",\"item\":\"https:\/\/fbucanada.com\/lenseignement\/\"},{\"@type\":\"ListItem\",\"position\":3,\"name\":\"Introduction\"}]},{\"@type\":\"WebSite\",\"@id\":\"https:\/\/fbucanada.com\/#website\",\"url\":\"https:\/\/fbucanada.com\/\",\"name\":\"Fraternit\u00e9 Blanche Universelle\",\"description\":\"\",\"potentialAction\":[{\"@type\":\"SearchAction\",\"target\":{\"@type\":\"EntryPoint\",\"urlTemplate\":\"https:\/\/fbucanada.com\/?s={search_term_string}\"},\"query-input\":\"required name=search_term_string\"}],\"inLanguage\":\"en-US\"}]}<\/script>\n<!-- \/ Yoast SEO plugin. -->","yoast_head_json":{"title":"Introduction - Fraternit\u00e9 Blanche Universelle","robots":{"index":"index","follow":"follow","max-snippet":"max-snippet:-1","max-image-preview":"max-image-preview:large","max-video-preview":"max-video-preview:-1"},"canonical":"https:\/\/fbucanada.com\/lenseignement\/introduction\/","og_locale":"en_US","og_type":"article","og_title":"Introduction - Fraternit\u00e9 Blanche Universelle","og_description":"Between 1937 and 1986, the Master Omraam Mikha\u00ebl A\u00efvanhov gave nearly 5,000 public talks. He always spoke from the inspiration of the moment and without notes, usually in French and occasionally in English. His teaching took place primarily in France, but also in many other countries including Switzerland, Canada, the United States and Scandinavia. His teaching was entirely oral. The&nbsp;Continue Reading","og_url":"https:\/\/fbucanada.com\/lenseignement\/introduction\/","og_site_name":"Fraternit\u00e9 Blanche Universelle","article_modified_time":"2022-02-09T01:30:13+00:00","og_image":[{"url":"http:\/\/fbucanada.com\/wp-content\/uploads\/2015\/10\/enseign_intro.jpg"}],"twitter_card":"summary_large_image","twitter_misc":{"Est. reading time":"2 minutes"},"schema":{"@context":"https:\/\/schema.org","@graph":[{"@type":"WebPage","@id":"https:\/\/fbucanada.com\/lenseignement\/introduction\/","url":"https:\/\/fbucanada.com\/lenseignement\/introduction\/","name":"Introduction - Fraternit\u00e9 Blanche Universelle","isPartOf":{"@id":"https:\/\/fbucanada.com\/#website"},"datePublished":"2015-10-27T22:00:07+00:00","dateModified":"2022-02-09T01:30:13+00:00","breadcrumb":{"@id":"https:\/\/fbucanada.com\/lenseignement\/introduction\/#breadcrumb"},"inLanguage":"en-US","potentialAction":[{"@type":"ReadAction","target":["https:\/\/fbucanada.com\/lenseignement\/introduction\/"]}]},{"@type":"BreadcrumbList","@id":"https:\/\/fbucanada.com\/lenseignement\/introduction\/#breadcrumb","itemListElement":[{"@type":"ListItem","position":1,"name":"Accueil","item":"https:\/\/fbucanada.com\/"},{"@type":"ListItem","position":2,"name":"L&#8217;enseignement","item":"https:\/\/fbucanada.com\/lenseignement\/"},{"@type":"ListItem","position":3,"name":"Introduction"}]},{"@type":"WebSite","@id":"https:\/\/fbucanada.com\/#website","url":"https:\/\/fbucanada.com\/","name":"Fraternit\u00e9 Blanche Universelle","description":"","potentialAction":[{"@type":"SearchAction","target":{"@type":"EntryPoint","urlTemplate":"https:\/\/fbucanada.com\/?s={search_term_string}"},"query-input":"required name=search_term_string"}],"inLanguage":"en-US"}]}},"_links":{"self":[{"href":"https:\/\/fbucanada.com\/en\/wp-json\/wp\/v2\/pages\/158"}],"collection":[{"href":"https:\/\/fbucanada.com\/en\/wp-json\/wp\/v2\/pages"}],"about":[{"href":"https:\/\/fbucanada.com\/en\/wp-json\/wp\/v2\/types\/page"}],"author":[{"embeddable":true,"href":"https:\/\/fbucanada.com\/en\/wp-json\/wp\/v2\/users\/5"}],"replies":[{"embeddable":true,"href":"https:\/\/fbucanada.com\/en\/wp-json\/wp\/v2\/comments?post=158"}],"version-history":[{"count":9,"href":"https:\/\/fbucanada.com\/en\/wp-json\/wp\/v2\/pages\/158\/revisions"}],"predecessor-version":[{"id":10113,"href":"https:\/\/fbucanada.com\/en\/wp-json\/wp\/v2\/pages\/158\/revisions\/10113"}],"up":[{"embeddable":true,"href":"https:\/\/fbucanada.com\/en\/wp-json\/wp\/v2\/pages\/43"}],"wp:attachment":[{"href":"https:\/\/fbucanada.com\/en\/wp-json\/wp\/v2\/media?parent=158"}],"curies":[{"name":"wp","href":"https:\/\/api.w.org\/{rel}","templated":true}]}}