{"id":172,"date":"2015-10-27T23:10:52","date_gmt":"2015-10-27T22:10:52","guid":{"rendered":"http:\/\/fbucanada.com\/?page_id=172"},"modified":"2024-05-14T19:12:33","modified_gmt":"2024-05-14T23:12:33","slug":"le-role-de-la-mere-la-maternite","status":"publish","type":"page","link":"https:\/\/fbucanada.com\/en\/lenseignement\/le-role-de-la-mere-la-maternite\/","title":{"rendered":"The Role of the Mother during Pregnancy"},"content":{"rendered":"<h2><span style=\"color: #dc5e01; font-size: 20px;\"><strong>The Role of the Mother during Pregnancy<\/strong><\/span><\/h2>\n<p style=\"text-align: justify;\">\u2018Nature has given the pregnant mother magical powers over the living material of her child. If she leads a life that is spiritual, balanced and full of love, she provides her child with assets it can use freely throughout its life to become a benefactor of humanity.\u2019<\/p>\n<p style=\"text-align: justify;\"><a href=\"http:\/\/fbucanada.com\/wp-content\/uploads\/2015\/10\/enseign_gestation.jpg\"><img decoding=\"async\" loading=\"lazy\" class=\"wp-image-492 size-full aligncenter\" src=\"http:\/\/fbucanada.com\/wp-content\/uploads\/2015\/10\/enseign_gestation.jpg\" alt=\"enseign_gestation\" width=\"596\" height=\"419\" srcset=\"https:\/\/fbucanada.com\/wp-content\/uploads\/2015\/10\/enseign_gestation.jpg 596w, https:\/\/fbucanada.com\/wp-content\/uploads\/2015\/10\/enseign_gestation-300x211.jpg 300w\" sizes=\"(max-width: 596px) 100vw, 596px\" \/><\/a><\/p>\n<p style=\"text-align: justify;\">\u2018Parents who want to give birth to a highly developed spirit must prepare themselves long before conception, because superior beings only consent to incarnate with parents who have already achieved a certain degree of purity and self-mastery. An entity of very high caliber will not choose a family for its wealth or renown, in fact it will be more likely to choose a family of modest means in which it will be less tempted to lead a life of ease. What is important is to find a family capable of providing it with a heredity which will not hinder its accomplishment of the spiritual task for which it has decided to incarnate.\u2019<\/p>\n<p class=\"accueil\" style=\"text-align: justify;\">\u2018Throughout the nine months of pregnancy, a woman not only forms the physical body of her child, but without realizing it works to give the seed provided by the father conditions that will either help or hinder the development of the various qualities and characteristics contained in this seed. The child has nothing of its own; it receives everything from its mother. This is why she must be fully aware of what she is doing and make sure that she gives it only the most luminous and purest materials. And how does she do this work? By watching over her thoughts and feelings and the kind of life she leads.\u2019<\/p>\n<p class=\"accueil\" style=\"text-align: justify;\"><strong>The formative power of the mother <\/strong><\/p>\n<p style=\"text-align: justify;\"><a href=\"https:\/\/prosveta.ca\/en\/boutique\/books-english-only\/the-role-of-the-mother-during-gestation-2\/\"><img decoding=\"async\" loading=\"lazy\" class=\"alignleft size-thumbnail wp-image-4058\" src=\"http:\/\/fbucanada.com\/wp-content\/uploads\/2015\/10\/B403AN-150x150.jpg\" alt=\"B403AN\" width=\"150\" height=\"150\" \/><\/a>\u2018I know that <a href=\"https:\/\/prosveta.ca\/en\/boutique\/books-english-only\/izvor-collection\/education-begins-before-birth\/\"><img decoding=\"async\" loading=\"lazy\" class=\"wp-image-1777 alignright\" src=\"http:\/\/fbucanada.com\/wp-content\/uploads\/2015\/10\/P0203AN.jpg\" alt=\"P0203AN\" width=\"130\" height=\"207\" srcset=\"https:\/\/fbucanada.com\/wp-content\/uploads\/2015\/10\/P0203AN.jpg 292w, https:\/\/fbucanada.com\/wp-content\/uploads\/2015\/10\/P0203AN-188x300.jpg 188w\" sizes=\"(max-width: 130px) 100vw, 130px\" \/><\/a>for some time now scientists have been studying the effects on the fetus of outside influences, such as the mother\u2019s emotional and mental condition at the time, and the events that take place in her environment.<\/p>\n<p class=\"accueil\" style=\"text-align: justify;\">\u00a0But one aspect still escapes the attention of researchers: the vital importance of the quality of the materials the mother gives the child, for it is with the help of these elements that the child will be formed during the nine months of gestation.<\/p>\n<p class=\"accueil\" style=\"text-align: justify;\">\u00a0Of course, what the mother sees and hears during pregnancy does influence her child, but only superficially. The child\u2019s constitution, temperament, strength of character and soundness of mind depend on the quality of the materials it receives from its mother, and the quality of this material depends on the life she leads while carrying the child. Symbolically speaking, if the material she provides is made of gold, the child will be healthy and solid both physically and psychologically, but if it is leaden, the child will be sickly and vulnerable.\u2019<\/p>\n<script type=\"text\/javascript\">AudioPlayer.setup(\"https:\/\/fbucanada.com\/wp-content\/plugins\/simple-audio-player\/player\/player.swf\", { width: 290 });<\/script><p id=\"audioplayer_6715\"><audio controls><source src=\"http:\/\/fbucanada.com\/wp-content\/uploads\/2015\/10\/TheRoleoftheMother.mp3\" type=\"audio\/mpeg\"><\/audio><\/p><p><script type=\"text\/javascript\">AudioPlayer.embed(\"audioplayer_6715\", {soundFile: \"http:\/\/fbucanada.com\/wp-content\/uploads\/2015\/10\/TheRoleoftheMother.mp3\",  titles: \"Fraternit\u00e9 Blanche Universelle\", autostart: \"no\", loop: \"no\", animation: \"yes\", remaining: \"yes\", noinfo: \"no\", initialvolume: \"70\", buffer: \"5\", encode: \"no\", checkpolicy: \"no\", rtl: \"no\", width: \"100%\", transparentpagebg: \"no\", bg: \"E5E5E5\", leftbg: \"CCCCCC\", lefticon: \"333333\", voltrack: \"F2F2F2\", volslider: \"666666\", rightbg: \"B4B4B4\", rightbghover: \"999999\", righticon: \"333333\", righticonhover: \"FFFFFF\", loader: \"009900\", track: \"393E41\", tracker: \"DDDDDD\", border: \"CCCCCC\", skip: \"666666\", text: \"333333\"});<\/script><\/p>\n<p>&nbsp;<\/p>\n<p>&nbsp;<\/p>\n<p>&nbsp;","protected":false},"excerpt":{"rendered":"<p>The Role of the Mother during Pregnancy \u2018Nature has given the pregnant mother magical powers over the living material of her child. If she leads a life that is spiritual, balanced and full of love, she provides her child with assets it can use freely throughout its life to become a benefactor of humanity.\u2019 \u2018Parents who want to give birth&nbsp;<a href=\"https:\/\/fbucanada.com\/en\/lenseignement\/le-role-de-la-mere-la-maternite\/\" class=\"read-more\">Continue Reading<\/a><\/p>\n","protected":false},"author":5,"featured_media":0,"parent":43,"menu_order":8,"comment_status":"closed","ping_status":"closed","template":"page-fullwidth.php","meta":{"footnotes":""},"yoast_head":"<!-- This site is optimized with the Yoast SEO plugin v21.2 - https:\/\/yoast.com\/wordpress\/plugins\/seo\/ -->\n<title>The Role of the Mother during Pregnancy - Fraternit\u00e9 Blanche Universelle<\/title>\n<meta name=\"robots\" content=\"index, follow, max-snippet:-1, max-image-preview:large, max-video-preview:-1\" \/>\n<link rel=\"canonical\" href=\"https:\/\/fbucanada.com\/lenseignement\/le-role-de-la-mere-la-maternite\/\" \/>\n<meta property=\"og:locale\" content=\"en_US\" \/>\n<meta property=\"og:type\" content=\"article\" \/>\n<meta property=\"og:title\" content=\"[:fr]Le r\u00f4le de la m\u00e8re, la maternit\u00e9[:en]The Role of the Mother during Pregnancy[:] - Fraternit\u00e9 Blanche Universelle\" \/>\n<meta property=\"og:description\" content=\"The Role of the Mother during Pregnancy \u2018Nature has given the pregnant mother magical powers over the living material of her child. If she leads a life that is spiritual, balanced and full of love, she provides her child with assets it can use freely throughout its life to become a benefactor of humanity.\u2019 \u2018Parents who want to give birth&nbsp;Continue Reading\" \/>\n<meta property=\"og:url\" content=\"https:\/\/fbucanada.com\/lenseignement\/le-role-de-la-mere-la-maternite\/\" \/>\n<meta property=\"og:site_name\" content=\"Fraternit\u00e9 Blanche Universelle\" \/>\n<meta property=\"article:modified_time\" content=\"2024-05-14T23:12:33+00:00\" \/>\n<meta property=\"og:image\" content=\"http:\/\/fbucanada.com\/wp-content\/uploads\/2015\/10\/enseign_gestation.jpg\" \/>\n<meta name=\"twitter:card\" content=\"summary_large_image\" \/>\n<meta name=\"twitter:label1\" content=\"Est. reading time\" \/>\n\t<meta name=\"twitter:data1\" content=\"3 minutes\" \/>\n<script type=\"application\/ld+json\" class=\"yoast-schema-graph\">{\"@context\":\"https:\/\/schema.org\",\"@graph\":[{\"@type\":\"WebPage\",\"@id\":\"https:\/\/fbucanada.com\/lenseignement\/le-role-de-la-mere-la-maternite\/\",\"url\":\"https:\/\/fbucanada.com\/lenseignement\/le-role-de-la-mere-la-maternite\/\",\"name\":\"[:fr]Le r\u00f4le de la m\u00e8re, la maternit\u00e9[:en]The Role of the Mother during Pregnancy[:] - Fraternit\u00e9 Blanche Universelle\",\"isPartOf\":{\"@id\":\"https:\/\/fbucanada.com\/#website\"},\"datePublished\":\"2015-10-27T22:10:52+00:00\",\"dateModified\":\"2024-05-14T23:12:33+00:00\",\"breadcrumb\":{\"@id\":\"https:\/\/fbucanada.com\/lenseignement\/le-role-de-la-mere-la-maternite\/#breadcrumb\"},\"inLanguage\":\"en-US\",\"potentialAction\":[{\"@type\":\"ReadAction\",\"target\":[\"https:\/\/fbucanada.com\/lenseignement\/le-role-de-la-mere-la-maternite\/\"]}]},{\"@type\":\"BreadcrumbList\",\"@id\":\"https:\/\/fbucanada.com\/lenseignement\/le-role-de-la-mere-la-maternite\/#breadcrumb\",\"itemListElement\":[{\"@type\":\"ListItem\",\"position\":1,\"name\":\"Accueil\",\"item\":\"https:\/\/fbucanada.com\/\"},{\"@type\":\"ListItem\",\"position\":2,\"name\":\"L&#8217;enseignement\",\"item\":\"https:\/\/fbucanada.com\/lenseignement\/\"},{\"@type\":\"ListItem\",\"position\":3,\"name\":\"Le r\u00f4le de la m\u00e8re, la maternit\u00e9\"}]},{\"@type\":\"WebSite\",\"@id\":\"https:\/\/fbucanada.com\/#website\",\"url\":\"https:\/\/fbucanada.com\/\",\"name\":\"Fraternit\u00e9 Blanche Universelle\",\"description\":\"\",\"potentialAction\":[{\"@type\":\"SearchAction\",\"target\":{\"@type\":\"EntryPoint\",\"urlTemplate\":\"https:\/\/fbucanada.com\/?s={search_term_string}\"},\"query-input\":\"required name=search_term_string\"}],\"inLanguage\":\"en-US\"}]}<\/script>\n<!-- \/ Yoast SEO plugin. -->","yoast_head_json":{"title":"[:fr]Le r\u00f4le de la m\u00e8re, la maternit\u00e9[:en]The Role of the Mother during Pregnancy[:] - Fraternit\u00e9 Blanche Universelle","robots":{"index":"index","follow":"follow","max-snippet":"max-snippet:-1","max-image-preview":"max-image-preview:large","max-video-preview":"max-video-preview:-1"},"canonical":"https:\/\/fbucanada.com\/lenseignement\/le-role-de-la-mere-la-maternite\/","og_locale":"en_US","og_type":"article","og_title":"[:fr]Le r\u00f4le de la m\u00e8re, la maternit\u00e9[:en]The Role of the Mother during Pregnancy[:] - Fraternit\u00e9 Blanche Universelle","og_description":"The Role of the Mother during Pregnancy \u2018Nature has given the pregnant mother magical powers over the living material of her child. If she leads a life that is spiritual, balanced and full of love, she provides her child with assets it can use freely throughout its life to become a benefactor of humanity.\u2019 \u2018Parents who want to give birth&nbsp;Continue Reading","og_url":"https:\/\/fbucanada.com\/lenseignement\/le-role-de-la-mere-la-maternite\/","og_site_name":"Fraternit\u00e9 Blanche Universelle","article_modified_time":"2024-05-14T23:12:33+00:00","og_image":[{"url":"http:\/\/fbucanada.com\/wp-content\/uploads\/2015\/10\/enseign_gestation.jpg"}],"twitter_card":"summary_large_image","twitter_misc":{"Est. reading time":"3 minutes"},"schema":{"@context":"https:\/\/schema.org","@graph":[{"@type":"WebPage","@id":"https:\/\/fbucanada.com\/lenseignement\/le-role-de-la-mere-la-maternite\/","url":"https:\/\/fbucanada.com\/lenseignement\/le-role-de-la-mere-la-maternite\/","name":"[:fr]Le r\u00f4le de la m\u00e8re, la maternit\u00e9[:en]The Role of the Mother during Pregnancy[:] - Fraternit\u00e9 Blanche Universelle","isPartOf":{"@id":"https:\/\/fbucanada.com\/#website"},"datePublished":"2015-10-27T22:10:52+00:00","dateModified":"2024-05-14T23:12:33+00:00","breadcrumb":{"@id":"https:\/\/fbucanada.com\/lenseignement\/le-role-de-la-mere-la-maternite\/#breadcrumb"},"inLanguage":"en-US","potentialAction":[{"@type":"ReadAction","target":["https:\/\/fbucanada.com\/lenseignement\/le-role-de-la-mere-la-maternite\/"]}]},{"@type":"BreadcrumbList","@id":"https:\/\/fbucanada.com\/lenseignement\/le-role-de-la-mere-la-maternite\/#breadcrumb","itemListElement":[{"@type":"ListItem","position":1,"name":"Accueil","item":"https:\/\/fbucanada.com\/"},{"@type":"ListItem","position":2,"name":"L&#8217;enseignement","item":"https:\/\/fbucanada.com\/lenseignement\/"},{"@type":"ListItem","position":3,"name":"Le r\u00f4le de la m\u00e8re, la maternit\u00e9"}]},{"@type":"WebSite","@id":"https:\/\/fbucanada.com\/#website","url":"https:\/\/fbucanada.com\/","name":"Fraternit\u00e9 Blanche Universelle","description":"","potentialAction":[{"@type":"SearchAction","target":{"@type":"EntryPoint","urlTemplate":"https:\/\/fbucanada.com\/?s={search_term_string}"},"query-input":"required name=search_term_string"}],"inLanguage":"en-US"}]}},"_links":{"self":[{"href":"https:\/\/fbucanada.com\/en\/wp-json\/wp\/v2\/pages\/172"}],"collection":[{"href":"https:\/\/fbucanada.com\/en\/wp-json\/wp\/v2\/pages"}],"about":[{"href":"https:\/\/fbucanada.com\/en\/wp-json\/wp\/v2\/types\/page"}],"author":[{"embeddable":true,"href":"https:\/\/fbucanada.com\/en\/wp-json\/wp\/v2\/users\/5"}],"replies":[{"embeddable":true,"href":"https:\/\/fbucanada.com\/en\/wp-json\/wp\/v2\/comments?post=172"}],"version-history":[{"count":25,"href":"https:\/\/fbucanada.com\/en\/wp-json\/wp\/v2\/pages\/172\/revisions"}],"predecessor-version":[{"id":11751,"href":"https:\/\/fbucanada.com\/en\/wp-json\/wp\/v2\/pages\/172\/revisions\/11751"}],"up":[{"embeddable":true,"href":"https:\/\/fbucanada.com\/en\/wp-json\/wp\/v2\/pages\/43"}],"wp:attachment":[{"href":"https:\/\/fbucanada.com\/en\/wp-json\/wp\/v2\/media?parent=172"}],"curies":[{"name":"wp","href":"https:\/\/api.w.org\/{rel}","templated":true}]}}