{"id":181,"date":"2015-10-27T23:23:56","date_gmt":"2015-10-27T22:23:56","guid":{"rendered":"http:\/\/fbucanada.com\/?page_id=181"},"modified":"2022-09-08T00:41:07","modified_gmt":"2022-09-07T23:41:07","slug":"but","status":"publish","type":"page","link":"https:\/\/fbucanada.com\/en\/lassociation\/but\/","title":{"rendered":"Purpose"},"content":{"rendered":"<h2><strong><span style=\"color: #dc5e01; font-size: 20px;\">Purpose of the Association<\/span><\/strong><\/h2>\n<p style=\"text-align: justify;\">The Universal White Brotherhood of Canada is a non-profit organization dedicated to the study, daily practice and dissemination of the teachings of Omraam Mikha\u00ebl A\u00efvanhov. The association was founded in 1982. Its headquarters, the Domaine Blagoslov\u00e9ni\u00e9, are located in Canton-de-Hatley in the Eastern Townships of Qu\u00e9bec.<\/p>\n<p class=\"accueil\" style=\"text-align: justify;\">Daily Meditation of August 7, 1984:<br \/>\n\u2018<em>You should never be asked to surrender your freedom to others. On the physical plane, you have an independent body which allows you to live an autonomous life. But in the world of the psyche, in the spiritual world, we must form a unity. The cells of our organism are not identical; a heart cell, for example, is different from a stomach cell. Each retains its individuality, but the affinities, the connections between them create this harmony we call health, life. Yes, human beings must retain their uniqueness, their differences, but at the same time there must be an understanding among them that enables them to form a unity, a whole, in the divine world.\u2019<\/em><\/p>\n<p class=\"accueil_signoma\" style=\"text-align: justify;\">Omraam Mikha\u00ebl A\u00efvanhov<\/p>\n<p class=\"accueil_signoma\" style=\"text-align: justify;\"><a href=\"http:\/\/fbucanada.com\/wp-content\/uploads\/2015\/10\/but.jpg\"><img decoding=\"async\" loading=\"lazy\" class=\"aligncenter wp-image-595 size-full\" src=\"http:\/\/fbucanada.com\/wp-content\/uploads\/2015\/10\/but.jpg\" alt=\"but\" width=\"650\" height=\"483\" srcset=\"https:\/\/fbucanada.com\/wp-content\/uploads\/2015\/10\/but.jpg 650w, https:\/\/fbucanada.com\/wp-content\/uploads\/2015\/10\/but-300x223.jpg 300w, https:\/\/fbucanada.com\/wp-content\/uploads\/2015\/10\/but-200x150.jpg 200w\" sizes=\"(max-width: 650px) 100vw, 650px\" \/><\/a><\/p>","protected":false},"excerpt":{"rendered":"<p>Purpose of the Association The Universal White Brotherhood of Canada is a non-profit organization dedicated to the study, daily practice and dissemination of the teachings of Omraam Mikha\u00ebl A\u00efvanhov. The association was founded in 1982. Its headquarters, the Domaine Blagoslov\u00e9ni\u00e9, are located in Canton-de-Hatley in the Eastern Townships of Qu\u00e9bec. Daily Meditation of August 7, 1984: \u2018You should never be&nbsp;<a href=\"https:\/\/fbucanada.com\/en\/lassociation\/but\/\" class=\"read-more\">Continue Reading<\/a><\/p>\n","protected":false},"author":5,"featured_media":0,"parent":45,"menu_order":2,"comment_status":"closed","ping_status":"closed","template":"page-fullwidth.php","meta":{"footnotes":""},"yoast_head":"<!-- This site is optimized with the Yoast SEO plugin v21.2 - https:\/\/yoast.com\/wordpress\/plugins\/seo\/ -->\n<title>Purpose - Fraternit\u00e9 Blanche Universelle<\/title>\n<meta name=\"robots\" content=\"index, follow, max-snippet:-1, max-image-preview:large, max-video-preview:-1\" \/>\n<link rel=\"canonical\" href=\"https:\/\/fbucanada.com\/lassociation\/but\/\" \/>\n<meta property=\"og:locale\" content=\"en_US\" \/>\n<meta property=\"og:type\" content=\"article\" \/>\n<meta property=\"og:title\" content=\"[:fr]But[:en]Purpose[:] - Fraternit\u00e9 Blanche Universelle\" \/>\n<meta property=\"og:description\" content=\"Purpose of the Association The Universal White Brotherhood of Canada is a non-profit organization dedicated to the study, daily practice and dissemination of the teachings of Omraam Mikha\u00ebl A\u00efvanhov. The association was founded in 1982. Its headquarters, the Domaine Blagoslov\u00e9ni\u00e9, are located in Canton-de-Hatley in the Eastern Townships of Qu\u00e9bec. Daily Meditation of August 7, 1984: \u2018You should never be&nbsp;Continue Reading\" \/>\n<meta property=\"og:url\" content=\"https:\/\/fbucanada.com\/lassociation\/but\/\" \/>\n<meta property=\"og:site_name\" content=\"Fraternit\u00e9 Blanche Universelle\" \/>\n<meta property=\"article:modified_time\" content=\"2022-09-07T23:41:07+00:00\" \/>\n<meta property=\"og:image\" content=\"http:\/\/fbucanada.com\/wp-content\/uploads\/2015\/10\/but.jpg\" \/>\n<meta name=\"twitter:card\" content=\"summary_large_image\" \/>\n<meta name=\"twitter:label1\" content=\"Est. reading time\" \/>\n\t<meta name=\"twitter:data1\" content=\"3 minutes\" \/>\n<script type=\"application\/ld+json\" class=\"yoast-schema-graph\">{\"@context\":\"https:\/\/schema.org\",\"@graph\":[{\"@type\":\"WebPage\",\"@id\":\"https:\/\/fbucanada.com\/lassociation\/but\/\",\"url\":\"https:\/\/fbucanada.com\/lassociation\/but\/\",\"name\":\"[:fr]But[:en]Purpose[:] - Fraternit\u00e9 Blanche Universelle\",\"isPartOf\":{\"@id\":\"https:\/\/fbucanada.com\/#website\"},\"datePublished\":\"2015-10-27T22:23:56+00:00\",\"dateModified\":\"2022-09-07T23:41:07+00:00\",\"breadcrumb\":{\"@id\":\"https:\/\/fbucanada.com\/lassociation\/but\/#breadcrumb\"},\"inLanguage\":\"en-US\",\"potentialAction\":[{\"@type\":\"ReadAction\",\"target\":[\"https:\/\/fbucanada.com\/lassociation\/but\/\"]}]},{\"@type\":\"BreadcrumbList\",\"@id\":\"https:\/\/fbucanada.com\/lassociation\/but\/#breadcrumb\",\"itemListElement\":[{\"@type\":\"ListItem\",\"position\":1,\"name\":\"Accueil\",\"item\":\"https:\/\/fbucanada.com\/\"},{\"@type\":\"ListItem\",\"position\":2,\"name\":\"L&#8217;association\",\"item\":\"https:\/\/fbucanada.com\/lassociation\/\"},{\"@type\":\"ListItem\",\"position\":3,\"name\":\"But\"}]},{\"@type\":\"WebSite\",\"@id\":\"https:\/\/fbucanada.com\/#website\",\"url\":\"https:\/\/fbucanada.com\/\",\"name\":\"Fraternit\u00e9 Blanche Universelle\",\"description\":\"\",\"potentialAction\":[{\"@type\":\"SearchAction\",\"target\":{\"@type\":\"EntryPoint\",\"urlTemplate\":\"https:\/\/fbucanada.com\/?s={search_term_string}\"},\"query-input\":\"required name=search_term_string\"}],\"inLanguage\":\"en-US\"}]}<\/script>\n<!-- \/ Yoast SEO plugin. -->","yoast_head_json":{"title":"[:fr]But[:en]Purpose[:] - Fraternit\u00e9 Blanche Universelle","robots":{"index":"index","follow":"follow","max-snippet":"max-snippet:-1","max-image-preview":"max-image-preview:large","max-video-preview":"max-video-preview:-1"},"canonical":"https:\/\/fbucanada.com\/lassociation\/but\/","og_locale":"en_US","og_type":"article","og_title":"[:fr]But[:en]Purpose[:] - Fraternit\u00e9 Blanche Universelle","og_description":"Purpose of the Association The Universal White Brotherhood of Canada is a non-profit organization dedicated to the study, daily practice and dissemination of the teachings of Omraam Mikha\u00ebl A\u00efvanhov. The association was founded in 1982. Its headquarters, the Domaine Blagoslov\u00e9ni\u00e9, are located in Canton-de-Hatley in the Eastern Townships of Qu\u00e9bec. Daily Meditation of August 7, 1984: \u2018You should never be&nbsp;Continue Reading","og_url":"https:\/\/fbucanada.com\/lassociation\/but\/","og_site_name":"Fraternit\u00e9 Blanche Universelle","article_modified_time":"2022-09-07T23:41:07+00:00","og_image":[{"url":"http:\/\/fbucanada.com\/wp-content\/uploads\/2015\/10\/but.jpg"}],"twitter_card":"summary_large_image","twitter_misc":{"Est. reading time":"3 minutes"},"schema":{"@context":"https:\/\/schema.org","@graph":[{"@type":"WebPage","@id":"https:\/\/fbucanada.com\/lassociation\/but\/","url":"https:\/\/fbucanada.com\/lassociation\/but\/","name":"[:fr]But[:en]Purpose[:] - Fraternit\u00e9 Blanche Universelle","isPartOf":{"@id":"https:\/\/fbucanada.com\/#website"},"datePublished":"2015-10-27T22:23:56+00:00","dateModified":"2022-09-07T23:41:07+00:00","breadcrumb":{"@id":"https:\/\/fbucanada.com\/lassociation\/but\/#breadcrumb"},"inLanguage":"en-US","potentialAction":[{"@type":"ReadAction","target":["https:\/\/fbucanada.com\/lassociation\/but\/"]}]},{"@type":"BreadcrumbList","@id":"https:\/\/fbucanada.com\/lassociation\/but\/#breadcrumb","itemListElement":[{"@type":"ListItem","position":1,"name":"Accueil","item":"https:\/\/fbucanada.com\/"},{"@type":"ListItem","position":2,"name":"L&#8217;association","item":"https:\/\/fbucanada.com\/lassociation\/"},{"@type":"ListItem","position":3,"name":"But"}]},{"@type":"WebSite","@id":"https:\/\/fbucanada.com\/#website","url":"https:\/\/fbucanada.com\/","name":"Fraternit\u00e9 Blanche Universelle","description":"","potentialAction":[{"@type":"SearchAction","target":{"@type":"EntryPoint","urlTemplate":"https:\/\/fbucanada.com\/?s={search_term_string}"},"query-input":"required name=search_term_string"}],"inLanguage":"en-US"}]}},"_links":{"self":[{"href":"https:\/\/fbucanada.com\/en\/wp-json\/wp\/v2\/pages\/181"}],"collection":[{"href":"https:\/\/fbucanada.com\/en\/wp-json\/wp\/v2\/pages"}],"about":[{"href":"https:\/\/fbucanada.com\/en\/wp-json\/wp\/v2\/types\/page"}],"author":[{"embeddable":true,"href":"https:\/\/fbucanada.com\/en\/wp-json\/wp\/v2\/users\/5"}],"replies":[{"embeddable":true,"href":"https:\/\/fbucanada.com\/en\/wp-json\/wp\/v2\/comments?post=181"}],"version-history":[{"count":9,"href":"https:\/\/fbucanada.com\/en\/wp-json\/wp\/v2\/pages\/181\/revisions"}],"predecessor-version":[{"id":10416,"href":"https:\/\/fbucanada.com\/en\/wp-json\/wp\/v2\/pages\/181\/revisions\/10416"}],"up":[{"embeddable":true,"href":"https:\/\/fbucanada.com\/en\/wp-json\/wp\/v2\/pages\/45"}],"wp:attachment":[{"href":"https:\/\/fbucanada.com\/en\/wp-json\/wp\/v2\/media?parent=181"}],"curies":[{"name":"wp","href":"https:\/\/api.w.org\/{rel}","templated":true}]}}