{"id":185,"date":"2015-10-27T23:27:32","date_gmt":"2015-10-27T22:27:32","guid":{"rendered":"http:\/\/fbucanada.com\/?page_id=185"},"modified":"2016-03-11T00:10:42","modified_gmt":"2016-03-10T23:10:42","slug":"blagoslovenie","status":"publish","type":"page","link":"https:\/\/fbucanada.com\/en\/lassociation\/blagoslovenie\/","title":{"rendered":"Blagoslov\u00e9ni\u00e9"},"content":{"rendered":"<h2 style=\"text-align: center;\"><span style=\"color: #dc5e01; font-size: 20px;\"><strong><span style=\"color: #dc5e01;\">Blagoslov\u00e9ni\u00e9<\/span><\/strong><\/span><\/h2>\n<p style=\"text-align: center;\"><span style=\"color: #dc5e01;\"><img decoding=\"async\" loading=\"lazy\" class=\"wp-image-620 aligncenter\" src=\"http:\/\/fbucanada.com\/wp-content\/uploads\/2015\/10\/blago_face.jpg\" alt=\"blago_face\" width=\"700\" height=\"287\" srcset=\"https:\/\/fbucanada.com\/wp-content\/uploads\/2015\/10\/blago_face.jpg 625w, https:\/\/fbucanada.com\/wp-content\/uploads\/2015\/10\/blago_face-300x123.jpg 300w\" sizes=\"(max-width: 700px) 100vw, 700px\" \/><\/span><span style=\"color: #dc5e01; font-size: 14px;\">Blagoslov\u00e9ni\u00e9\u00a0<\/span><\/p>\n<p style=\"text-align: justify;\">In 1984 the Universal White Brotherhood acquired a magnificent property located in the Eastern Townships of Quebec (Canton-de-Hatley). It was during his last visit to Canada in 1985 that the Master consecrated this domain and gave it the name Blagoslov\u00e9ni\u00e9, or \u2018All Blessings\u2019. Established on a former golf course, this fraternal center is intersected by numerous wooded paths, inviting us to discover its great riches. On their promenades, walkers can experience its special aspects and sense the silent presence of the elements of nature.<\/p>\n<p style=\"text-align: justify;\"><span style=\"color: #1a3873;\">The Master liked to say of Blagoslov\u00e9ni\u00e9: \u2018Billions of the most extraordinary entities live here\u2026 Go, walk the land, explore it and put these entities to work.\u2019<\/span><\/p>\n<p style=\"text-align: justify;\"><a href=\"http:\/\/fbucanada.com\/wp-content\/uploads\/2015\/10\/foret.jpg\"><img decoding=\"async\" loading=\"lazy\" class=\"alignleft size-full wp-image-624\" src=\"http:\/\/fbucanada.com\/wp-content\/uploads\/2015\/10\/foret.jpg\" alt=\"foret\" width=\"193\" height=\"279\" \/><br \/>\n<\/a><\/p>\n<p style=\"text-align: justify;\"><span style=\"color: #1a3873;\">\u2018<\/span>[\u2026] And when you enter a forest, or any place in nature, you should be aware that there are conscious and highly developed beings there who can see you. It is important to make contact with them and to let them know you are grateful for their work. And when they feel your appreciation, they will dance before you and perhaps even give you gifts -- of vitality, joy, poetic inspiration or clairvoyance...<span style=\"color: #1a3873;\">\u2019<\/span><\/p>\n<p style=\"text-align: justify;\">Covering\u00a0more than\u00a0one hundred acres and bathed by seven small lakes, the Domaine Blagoslov\u00e9ni\u00e9 is graced by the diversity of its land and vegetation, described by the Master as magnificent and vivifying. A feeling of peace and renewal satisfies and delights those who come here, whatever the season. Dells, glades and little valleys, clearings and thickets charm the nature lover, each unique in color and atmosphere, ever changing. At its high point, the land presides over a vast panorama and the rising sun, with the Appalachian Mountains in the far distance. Solidly situated on bedrock, Blagoslov\u00e9ni\u00e9 is also blessed with several underground springs, perfect symbols of the life flowing in abundance here.<\/p>\n<p>&nbsp;<\/p>\n<p style=\"text-align: justify;\"><a href=\"http:\/\/fbucanada.com\/wp-content\/uploads\/2015\/10\/blago_lac.jpg\"><img decoding=\"async\" loading=\"lazy\" class=\"size-full wp-image-627 alignright\" src=\"http:\/\/fbucanada.com\/wp-content\/uploads\/2015\/10\/blago_lac.jpg\" alt=\"blago_lac\" width=\"590\" height=\"223\" srcset=\"https:\/\/fbucanada.com\/wp-content\/uploads\/2015\/10\/blago_lac.jpg 590w, https:\/\/fbucanada.com\/wp-content\/uploads\/2015\/10\/blago_lac-300x113.jpg 300w\" sizes=\"(max-width: 590px) 100vw, 590px\" \/><\/a><\/p>\n<p style=\"text-align: justify;\">It was the Master\u2019s wish that this be a habitat for birds, and that efforts be made to attract them. They are much loved. Especially enchanting are the Scarlet Pingara and Indigo Bunting\u00a0and their songs of joy in chorus. Other common species include the Eastern Blue Jay and American Bluebird,\u00a0 Tree Swallow, Eastern Kingbird, Baltimore Oriole, White-crowned Sparrow,\u00a0\u00a0robins, cardinals\u00a0\u00a0and many families of woodpeckers. As day dawns, these delicate winged creatures grace the surroundings with their jubilant melodies.<\/p>\n<p style=\"text-align: justify;\">Diverse vegetation, wild and abundant, grows in a wholesome and protected environment. Blackberry, hazel, alder and raspberry intermingle with a multitude of hardwoods -- ash, maple, beech, cherry -- and varieties of birch such as willow and poplar. This exquisite blend of nature, sways with the wind and\u00a0invites beautiful inspirations as the walker spots a magnificent linden or a hardy walnut. Conifers, pines, spruce and firs \u2013 these giants of the forest share the limelight, their boughs protecting creatures large and small who come to the lakesides in search of fresh water. When startled, a migrating flock of ducks suddenly takes to the skies.<\/p>\n<p style=\"text-align: justify;\">Life abounds at Blagoslov\u00e9ni\u00e9, for collectivity and individual alike. Its facilities\u00a0include permanent housing for several dozen residents and accommodations for up to one hundred participants during brotherhood meetings. Growing needs recently led to a significant enlargement of the main building, inaugurated with celebration in March of 2010. The center also provides settings for various community needs, such as the meeting hall, common rooms, and outdoor grounds designated for meditation at sunrise, gymnastic exercises and the sacred dance, the Paneurythmy.<\/p>\n<p style=\"text-align: justify;\"><a href=\"http:\/\/fbucanada.com\/wp-content\/uploads\/2015\/10\/blago_minis.jpg\"><img decoding=\"async\" loading=\"lazy\" class=\"aligncenter size-full wp-image-629\" src=\"http:\/\/fbucanada.com\/wp-content\/uploads\/2015\/10\/blago_minis.jpg\" alt=\"blago_minis\" width=\"600\" height=\"141\" srcset=\"https:\/\/fbucanada.com\/wp-content\/uploads\/2015\/10\/blago_minis.jpg 600w, https:\/\/fbucanada.com\/wp-content\/uploads\/2015\/10\/blago_minis-300x71.jpg 300w\" sizes=\"(max-width: 600px) 100vw, 600px\" \/><\/a><\/p>\n<p style=\"text-align: justify;\"><a href=\"http:\/\/fbucanada.com\/wp-content\/uploads\/2015\/10\/blago_terrasse.jpg\"><img decoding=\"async\" loading=\"lazy\" class=\"size-full wp-image-630 alignright\" src=\"http:\/\/fbucanada.com\/wp-content\/uploads\/2015\/10\/blago_terrasse.jpg\" alt=\"blago_terrasse\" width=\"235\" height=\"141\" \/><\/a><\/p>\n<p style=\"text-align: justify;\">A terrace adjacent to the main building offers a panoramic view of the rolling hills, adding special pleasure to moments reserved for fraternal exchanges. Two hotels, a dormitory and campground host a good number of participants during assemblies. An agricultural building,\u00a0including a bakery and equipment for processing and preserving proceduce from the gardens and orchards, \u00a0is an important facility that provides quality foods to the community throughout the year.<\/p>\n<p style=\"text-align: justify;\"><a href=\"http:\/\/fbucanada.com\/wp-content\/uploads\/2015\/10\/blago_minisV.jpg\"><img decoding=\"async\" loading=\"lazy\" class=\"alignleft size-full wp-image-632\" src=\"http:\/\/fbucanada.com\/wp-content\/uploads\/2015\/10\/blago_minisV.jpg\" alt=\"blago_minisV\" width=\"153\" height=\"321\" srcset=\"https:\/\/fbucanada.com\/wp-content\/uploads\/2015\/10\/blago_minisV.jpg 153w, https:\/\/fbucanada.com\/wp-content\/uploads\/2015\/10\/blago_minisV-143x300.jpg 143w\" sizes=\"(max-width: 153px) 100vw, 153px\" \/><\/a><\/p>\n<p style=\"text-align: justify;\">For thirty years the Canadian brotherhood has engaged in responsible, organic agriculture within an ecological framework. Plant selection, crop rotation, companion species and natural fertilizers are among the choices and labor-intensive processes that ensure a way of life respectful of nature. Help from the collectivity with soil preparation and work in the fields, gardens and greenhouses is also of great benefit from several perspectives. At Blagoslov\u00e9ni\u00e9 today, some 100,000 square feet of land are under cultivation, supporting a variety of root and other vegetables, herbs, perennials and other flowers. The greenhouse and hotbeds allow for early seeding. A young orchard consists of diverse fruit trees adapted to our climate. Apple, pear and cherry blossoms captivate iridescent butterflies until the young fruits appear.\u00a0 Largely used during meetings and conventions, this flavorful and nutritious food is welcomed as a precious gift of nature.<\/p>\n<p style=\"text-align: justify;\">To date, with many projects completed and many more in the planning stages, Blagoslov\u00e9ni\u00e9 continues to grow and evolve.<\/p>\n<p>&nbsp;<\/p>\n<hr \/>","protected":false},"excerpt":{"rendered":"<p>Blagoslov\u00e9ni\u00e9 Blagoslov\u00e9ni\u00e9\u00a0 In 1984 the Universal White Brotherhood acquired a magnificent property located in the Eastern Townships of Quebec (Canton-de-Hatley). It was during his last visit to Canada in 1985 that the Master consecrated this domain and gave it the name Blagoslov\u00e9ni\u00e9, or \u2018All Blessings\u2019. Established on a former golf course, this fraternal center is intersected by numerous wooded paths,&nbsp;<a href=\"https:\/\/fbucanada.com\/en\/lassociation\/blagoslovenie\/\" class=\"read-more\">Continue Reading<\/a><\/p>\n","protected":false},"author":5,"featured_media":0,"parent":45,"menu_order":3,"comment_status":"closed","ping_status":"closed","template":"page-fullwidth.php","meta":{"footnotes":""},"yoast_head":"<!-- This site is optimized with the Yoast SEO plugin v21.2 - https:\/\/yoast.com\/wordpress\/plugins\/seo\/ -->\n<title>Blagoslov\u00e9ni\u00e9 - Fraternit\u00e9 Blanche Universelle<\/title>\n<meta name=\"robots\" content=\"index, follow, max-snippet:-1, max-image-preview:large, max-video-preview:-1\" \/>\n<link rel=\"canonical\" href=\"https:\/\/fbucanada.com\/lassociation\/blagoslovenie\/\" \/>\n<meta property=\"og:locale\" content=\"en_US\" \/>\n<meta property=\"og:type\" content=\"article\" \/>\n<meta property=\"og:title\" content=\"Blagoslov\u00e9ni\u00e9 - Fraternit\u00e9 Blanche Universelle\" \/>\n<meta property=\"og:description\" content=\"Blagoslov\u00e9ni\u00e9 Blagoslov\u00e9ni\u00e9\u00a0 In 1984 the Universal White Brotherhood acquired a magnificent property located in the Eastern Townships of Quebec (Canton-de-Hatley). It was during his last visit to Canada in 1985 that the Master consecrated this domain and gave it the name Blagoslov\u00e9ni\u00e9, or \u2018All Blessings\u2019. Established on a former golf course, this fraternal center is intersected by numerous wooded paths,&nbsp;Continue Reading\" \/>\n<meta property=\"og:url\" content=\"https:\/\/fbucanada.com\/lassociation\/blagoslovenie\/\" \/>\n<meta property=\"og:site_name\" content=\"Fraternit\u00e9 Blanche Universelle\" \/>\n<meta property=\"article:modified_time\" content=\"2016-03-10T23:10:42+00:00\" \/>\n<meta property=\"og:image\" content=\"http:\/\/fbucanada.com\/wp-content\/uploads\/2015\/10\/blago_face.jpg\" \/>\n<meta name=\"twitter:card\" content=\"summary_large_image\" \/>\n<meta name=\"twitter:label1\" content=\"Est. reading time\" \/>\n\t<meta name=\"twitter:data1\" content=\"9 minutes\" \/>\n<script type=\"application\/ld+json\" class=\"yoast-schema-graph\">{\"@context\":\"https:\/\/schema.org\",\"@graph\":[{\"@type\":\"WebPage\",\"@id\":\"https:\/\/fbucanada.com\/lassociation\/blagoslovenie\/\",\"url\":\"https:\/\/fbucanada.com\/lassociation\/blagoslovenie\/\",\"name\":\"Blagoslov\u00e9ni\u00e9 - Fraternit\u00e9 Blanche Universelle\",\"isPartOf\":{\"@id\":\"https:\/\/fbucanada.com\/#website\"},\"datePublished\":\"2015-10-27T22:27:32+00:00\",\"dateModified\":\"2016-03-10T23:10:42+00:00\",\"breadcrumb\":{\"@id\":\"https:\/\/fbucanada.com\/lassociation\/blagoslovenie\/#breadcrumb\"},\"inLanguage\":\"en-US\",\"potentialAction\":[{\"@type\":\"ReadAction\",\"target\":[\"https:\/\/fbucanada.com\/lassociation\/blagoslovenie\/\"]}]},{\"@type\":\"BreadcrumbList\",\"@id\":\"https:\/\/fbucanada.com\/lassociation\/blagoslovenie\/#breadcrumb\",\"itemListElement\":[{\"@type\":\"ListItem\",\"position\":1,\"name\":\"Accueil\",\"item\":\"https:\/\/fbucanada.com\/\"},{\"@type\":\"ListItem\",\"position\":2,\"name\":\"L&#8217;association\",\"item\":\"https:\/\/fbucanada.com\/lassociation\/\"},{\"@type\":\"ListItem\",\"position\":3,\"name\":\"Blagoslov\u00e9ni\u00e9\"}]},{\"@type\":\"WebSite\",\"@id\":\"https:\/\/fbucanada.com\/#website\",\"url\":\"https:\/\/fbucanada.com\/\",\"name\":\"Fraternit\u00e9 Blanche Universelle\",\"description\":\"\",\"potentialAction\":[{\"@type\":\"SearchAction\",\"target\":{\"@type\":\"EntryPoint\",\"urlTemplate\":\"https:\/\/fbucanada.com\/?s={search_term_string}\"},\"query-input\":\"required name=search_term_string\"}],\"inLanguage\":\"en-US\"}]}<\/script>\n<!-- \/ Yoast SEO plugin. -->","yoast_head_json":{"title":"Blagoslov\u00e9ni\u00e9 - Fraternit\u00e9 Blanche Universelle","robots":{"index":"index","follow":"follow","max-snippet":"max-snippet:-1","max-image-preview":"max-image-preview:large","max-video-preview":"max-video-preview:-1"},"canonical":"https:\/\/fbucanada.com\/lassociation\/blagoslovenie\/","og_locale":"en_US","og_type":"article","og_title":"Blagoslov\u00e9ni\u00e9 - Fraternit\u00e9 Blanche Universelle","og_description":"Blagoslov\u00e9ni\u00e9 Blagoslov\u00e9ni\u00e9\u00a0 In 1984 the Universal White Brotherhood acquired a magnificent property located in the Eastern Townships of Quebec (Canton-de-Hatley). It was during his last visit to Canada in 1985 that the Master consecrated this domain and gave it the name Blagoslov\u00e9ni\u00e9, or \u2018All Blessings\u2019. Established on a former golf course, this fraternal center is intersected by numerous wooded paths,&nbsp;Continue Reading","og_url":"https:\/\/fbucanada.com\/lassociation\/blagoslovenie\/","og_site_name":"Fraternit\u00e9 Blanche Universelle","article_modified_time":"2016-03-10T23:10:42+00:00","og_image":[{"url":"http:\/\/fbucanada.com\/wp-content\/uploads\/2015\/10\/blago_face.jpg"}],"twitter_card":"summary_large_image","twitter_misc":{"Est. reading time":"9 minutes"},"schema":{"@context":"https:\/\/schema.org","@graph":[{"@type":"WebPage","@id":"https:\/\/fbucanada.com\/lassociation\/blagoslovenie\/","url":"https:\/\/fbucanada.com\/lassociation\/blagoslovenie\/","name":"Blagoslov\u00e9ni\u00e9 - Fraternit\u00e9 Blanche Universelle","isPartOf":{"@id":"https:\/\/fbucanada.com\/#website"},"datePublished":"2015-10-27T22:27:32+00:00","dateModified":"2016-03-10T23:10:42+00:00","breadcrumb":{"@id":"https:\/\/fbucanada.com\/lassociation\/blagoslovenie\/#breadcrumb"},"inLanguage":"en-US","potentialAction":[{"@type":"ReadAction","target":["https:\/\/fbucanada.com\/lassociation\/blagoslovenie\/"]}]},{"@type":"BreadcrumbList","@id":"https:\/\/fbucanada.com\/lassociation\/blagoslovenie\/#breadcrumb","itemListElement":[{"@type":"ListItem","position":1,"name":"Accueil","item":"https:\/\/fbucanada.com\/"},{"@type":"ListItem","position":2,"name":"L&#8217;association","item":"https:\/\/fbucanada.com\/lassociation\/"},{"@type":"ListItem","position":3,"name":"Blagoslov\u00e9ni\u00e9"}]},{"@type":"WebSite","@id":"https:\/\/fbucanada.com\/#website","url":"https:\/\/fbucanada.com\/","name":"Fraternit\u00e9 Blanche Universelle","description":"","potentialAction":[{"@type":"SearchAction","target":{"@type":"EntryPoint","urlTemplate":"https:\/\/fbucanada.com\/?s={search_term_string}"},"query-input":"required name=search_term_string"}],"inLanguage":"en-US"}]}},"_links":{"self":[{"href":"https:\/\/fbucanada.com\/en\/wp-json\/wp\/v2\/pages\/185"}],"collection":[{"href":"https:\/\/fbucanada.com\/en\/wp-json\/wp\/v2\/pages"}],"about":[{"href":"https:\/\/fbucanada.com\/en\/wp-json\/wp\/v2\/types\/page"}],"author":[{"embeddable":true,"href":"https:\/\/fbucanada.com\/en\/wp-json\/wp\/v2\/users\/5"}],"replies":[{"embeddable":true,"href":"https:\/\/fbucanada.com\/en\/wp-json\/wp\/v2\/comments?post=185"}],"version-history":[{"count":27,"href":"https:\/\/fbucanada.com\/en\/wp-json\/wp\/v2\/pages\/185\/revisions"}],"predecessor-version":[{"id":4008,"href":"https:\/\/fbucanada.com\/en\/wp-json\/wp\/v2\/pages\/185\/revisions\/4008"}],"up":[{"embeddable":true,"href":"https:\/\/fbucanada.com\/en\/wp-json\/wp\/v2\/pages\/45"}],"wp:attachment":[{"href":"https:\/\/fbucanada.com\/en\/wp-json\/wp\/v2\/media?parent=185"}],"curies":[{"name":"wp","href":"https:\/\/api.w.org\/{rel}","templated":true}]}}