{"id":1889,"date":"2016-01-18T23:40:03","date_gmt":"2016-01-18T22:40:03","guid":{"rendered":"http:\/\/fbucanada.com\/?page_id=1889"},"modified":"2023-11-17T16:38:04","modified_gmt":"2023-11-17T21:38:04","slug":"stella-bellemin","status":"publish","type":"page","link":"https:\/\/fbucanada.com\/en\/accueil\/stella-bellemin\/","title":{"rendered":"Stella Bellemin"},"content":{"rendered":"<h2 style=\"text-align: justify;\"><span style=\"color: #dc5e01; font-size: 20px;\"><strong>Stella Bellemin<\/strong><\/span><\/h2>\n<h2><span style=\"color: #dc5e01; font-size: 20px;\"><span style=\"color: #dc5e01; font-size: 20px;\"><strong><a href=\"http:\/\/fbucanada.com\/wp-content\/uploads\/2016\/01\/SoeurStellaPortrait.jpg\"><img decoding=\"async\" loading=\"lazy\" class=\"alignleft wp-image-1891 size-full\" src=\"http:\/\/fbucanada.com\/wp-content\/uploads\/2016\/01\/SoeurStellaPortrait.jpg\" alt=\"SoeurStellaPortrait\" width=\"357\" height=\"480\" srcset=\"https:\/\/fbucanada.com\/wp-content\/uploads\/2016\/01\/SoeurStellaPortrait.jpg 357w, https:\/\/fbucanada.com\/wp-content\/uploads\/2016\/01\/SoeurStellaPortrait-223x300.jpg 223w\" sizes=\"(max-width: 357px) 100vw, 357px\" \/><\/a><\/strong><\/span><\/span><\/h2>\n<p style=\"text-align: justify;\">On January 17, 1892, Eug\u00e9nie Bellemin (Svezda) was born into a protestant family of Lyon, whose four children early on developed a great interest in the spiritual sciences and in what today we call parapsychology. Svezda was drawn not only to the research of spiritual truths -- which would lead her to discover the Master Peter Deunov (whom she met in 1937) and the teaching of the Universal White Brotherhood, and later to the service of the Master Omraam Mikha\u00ebl A\u00efvanhov -- but also to scientific research. She pursued university studies and in 1918, with a diploma in the sciences, became a member of the Soci\u00e9t\u00e9 Astronomique de France at a time when women were not readily accepted in scientific circles. Tenured in the Office National M\u00e9t\u00e9orologique, she held a post first at the airport of Lyon-Bron, then at the Observatoire de Trappes near Paris. She made meteorological discoveries which were published in scientific reviews. During World War 1, she volunteered as Director of the Service des Recherches des R\u00e9fugi\u00e9s belges et fran\u00e7ais at the Lyon town hall, for which she was decorated in 1920 with the Medal of Queen Elisabeth by the King of Belgium. Subsequently appointed to the Biblioth\u00e8que Nationale, she relocated to Boulogne-sur-Seine where a series of unforeseen events in 1937 would give her life an entirely new direction.<\/p>\n<p style=\"text-align: justify;\"><a href=\"http:\/\/fbucanada.com\/wp-content\/uploads\/2016\/01\/svezdaTF02_A.jpg\" target=\"_blank\" rel=\"noopener noreferrer\"><img decoding=\"async\" loading=\"lazy\" class=\"wp-image-6105 size-full alignright\" src=\"http:\/\/fbucanada.com\/wp-content\/uploads\/2016\/01\/svezdaTF02_A.jpg\" alt=\"\" width=\"180\" height=\"235\" \/><\/a> For more than forty years, Svezda fully dedicated her life to the Master Omraam Mikha\u00ebl A\u00efvanhov in her official function as his secretary. Prepared from birth for her meeting with him, she had been given all necessary criteria to assess his greatness and to recognize the value of his teaching. She was a privileged witness to the work he accomplished daily. In her book, <em>The Life and Teaching in France of the Master Omraam Mikha\u00ebl A\u00efvanhov<\/em>, written in 1970, Svezda offers this testimony: \u2018On many occasions during this period I was surprised at Fr\u00e8re Mikha\u00ebl\u2019s comportment. One sensed that he lived according to absolutely unusual norms\u2026 and I felt compelled to understand the deep reasoning that dictated his actions. This is why I paid attention to his slightest gestures, attempting to penetrate his motives\u2026. In both his movements and his words, one felt a gentle yet tenacious will that manifested the unmistakable presence of the spirit and a celestial harmony.\u2019<\/p>\n<p style=\"text-align: justify;\">\u2018Everything was connected and consistent in the life Fr\u00e8re Mikha\u00ebl lived. I never found the slightest discrepancy between his life in the community, his words and his comportment at home. Living close to him for so many years allowed me to confirm this. He never advised others to do anything he had not put into practice in his own life. He was a vegetarian. He never accepted the slightest personal service, even those that are so easily and normally offered in a community setting. He alone took care of his bedroom, cleaned it and made his bed. He took charge of his own laundry as well, and did so with the greatest care.\u2019<\/p>\n<p style=\"text-align: justify;\">\u2018What most struck one upon first meeting him was the intense light that radiated from him, a light imbued with gentleness and a pure, selfless love that seemed to pour over everything and everyone in a kind of divine flux. In the way he looked at people one sensed a consummate generosity that belongs only to the saints and great Masters. Observing Fr\u00e8re Mikha\u00ebl, one had the impression that his sole task was to offer this divine gift of love unreservedly to all, whether young or old, beautiful or ugly, rich or poor. On the material plane, he manifested a will that never acted to the detriment of others, a pure soul full of sacred and selfless love, and an exceptionally clear and penetrating intellect, endowed with extraordinary powers of analysis and synthesis. Moreover, he thought divine thoughts, felt them and acted on them.\u2019<\/p>\n<p style=\"text-align: justify;\"><a href=\"http:\/\/fbucanada.com\/wp-content\/uploads\/2016\/01\/BON102.jpg\"><img decoding=\"async\" loading=\"lazy\" class=\"alignleft wp-image-1896\" src=\"http:\/\/fbucanada.com\/wp-content\/uploads\/2016\/01\/BON102.jpg\" alt=\"BON102\" width=\"400\" height=\"319\" srcset=\"https:\/\/fbucanada.com\/wp-content\/uploads\/2016\/01\/BON102.jpg 602w, https:\/\/fbucanada.com\/wp-content\/uploads\/2016\/01\/BON102-300x239.jpg 300w\" sizes=\"(max-width: 400px) 100vw, 400px\" \/><\/a> \u2018In the face of the immense spiritual stature of the Masters, I have always felt as if imprisoned in the powerlessness of the animal nature. Isn\u2019t this what animals must feel in relation to the humans who have adopted them? Although we may do our very best on our level, we remain less than what we should be, often causing our beloved Masters to suffer in unimaginable ways. Living in the presence of Fr\u00e8re Mikha\u00ebl, I realized what great preparation is required of those who intend to serve the Masters.\u2018<\/p>\n<p style=\"text-align: justify;\">\u2018The more I observed Fr\u00e8re Mikha\u00ebl, the more I listened to him and watched him live, the more I marveled at the quality of his knowledge, his extreme patience, his astonishing pedagogy and especially this love that motivated him to care for us, to find ways of explaining these truths so simply and clearly, truths which so many religious or philosophical books have obscured with confusing explanations in language incomprehensible to the masses. To listen to him was to see at once one\u2019s own weaknesses and to perceive a practical path of self-transformation. It was, in spite of oneself, to realize that human beings are called to evolve in the way the Creator intended, and that their only possibilities are to rise toward the infinite or to descend and disappear in the most extreme limitations. Without artifice, without concern for appearances, Fr\u00e8re Mikha\u00ebl broached all subjects with simplicity, allowing himself to speak his thoughts, to manifest life in all its forms: those of the mind, sentiment and will, effortlessly passing from one to another. He was without preconceptions as to how a speaker should express oneself and was free of all desire to impress his listeners.\u2019<\/p>\n<p style=\"text-align: justify;\">\u2018I could mention many of Master Mikha\u00ebl\u2019s qualities: generosity, delicacy, audacity, clairvoyance, constancy, and so on. But I have refrained out of concern for the length of this testimony, and because some of these qualities obviously go hand in hand with the virtues I have mentioned. His steadfastness, for example, presumes a combination of patience, goodness, detachment, intelligence, etc. Without exhausting the reader, it would be impossible to examine in detail a character as rich and varied as that of Master Mikha\u00ebl. Upon reflection, readers themselves will discover all that is comprised in the sum of those qualities. Throughout a lifetime of both unspeakable ordeals as well as easier times, he was able to manifest love, forgiveness, unbounded patience, obedience, steadfastness in his ideal and his faith, detachment, selflessness, a spirit of freedom, humility, purity, gentleness and firmness, simplicity, sincerity, wisdom, nobility, self-mastery and self-sacrifice. <a href=\"http:\/\/fbucanada.com\/wp-content\/uploads\/2016\/01\/198x-SoeurStellaSaluant.jpg\"><img decoding=\"async\" loading=\"lazy\" class=\"size-medium wp-image-1897 alignright\" src=\"http:\/\/fbucanada.com\/wp-content\/uploads\/2016\/01\/198x-SoeurStellaSaluant-300x209.jpg\" alt=\"198x-SoeurStellaSaluant\" width=\"300\" height=\"209\" srcset=\"https:\/\/fbucanada.com\/wp-content\/uploads\/2016\/01\/198x-SoeurStellaSaluant-300x209.jpg 300w, https:\/\/fbucanada.com\/wp-content\/uploads\/2016\/01\/198x-SoeurStellaSaluant.jpg 640w\" sizes=\"(max-width: 300px) 100vw, 300px\" \/><\/a>One who was able to radiate these virtues, recognized even by little children, and who knew how to attract the attention of the invisible was\u00a0a living example of what human beings can and must become. This is a Master Teacher of life.<\/p>\n<p style=\"text-align: justify;\">Such a Master shows us how to live. He serves as a model of how to conduct oneself in all circumstances, demonstrating that after a lifelong journey of demanding work, he has become a virtuoso in the art of living. He differs in all ways from those who fail to put into practice what they preach, or who are content to trade in spiritual truths. On the contrary, if a teacher possesses, as did Master Mikha\u00ebl, an intelligence capable of both a subtle and penetrating analysis and a vast capacity for synthesis, he becomes a pedagogue and a Master in the western sense of the term. He is able to teach others how to live, to rise above all earthly contingencies, and to remain unwavering in one\u2019s convictions, one\u2019s faith and one\u2019s Ideal.\u2019<\/p>\n<hr \/>\n<p style=\"text-align: justify;\"><a href=\"https:\/\/fbucanada.com\/accueil\/stella-bellemin\/soeur-stella\/\" rel=\"attachment wp-att-11427\"><img decoding=\"async\" loading=\"lazy\" class=\"alignright wp-image-11427 size-large\" src=\"https:\/\/fbucanada.com\/wp-content\/uploads\/2023\/11\/soeur-Stella-1024x590.png\" alt=\"\" width=\"604\" height=\"348\" srcset=\"https:\/\/fbucanada.com\/wp-content\/uploads\/2023\/11\/soeur-Stella-1024x590.png 1024w, https:\/\/fbucanada.com\/wp-content\/uploads\/2023\/11\/soeur-Stella-300x173.png 300w, https:\/\/fbucanada.com\/wp-content\/uploads\/2023\/11\/soeur-Stella-768x443.png 768w, https:\/\/fbucanada.com\/wp-content\/uploads\/2023\/11\/soeur-Stella.png 1240w\" sizes=\"(max-width: 604px) 100vw, 604px\" \/><\/a><\/p>","protected":false},"excerpt":{"rendered":"<p>Stella Bellemin On January 17, 1892, Eug\u00e9nie Bellemin (Svezda) was born into a protestant family of Lyon, whose four children early on developed a great interest in the spiritual sciences and in what today we call parapsychology. Svezda was drawn not only to the research of spiritual truths -- which would lead her to discover the Master Peter Deunov (whom&nbsp;<a href=\"https:\/\/fbucanada.com\/en\/accueil\/stella-bellemin\/\" class=\"read-more\">Continue Reading<\/a><\/p>\n","protected":false},"author":5,"featured_media":0,"parent":8,"menu_order":1,"comment_status":"closed","ping_status":"closed","template":"page-fullwidth.php","meta":{"footnotes":""},"yoast_head":"<!-- This site is optimized with the Yoast SEO plugin v21.2 - https:\/\/yoast.com\/wordpress\/plugins\/seo\/ -->\n<title>Stella Bellemin - Fraternit\u00e9 Blanche Universelle<\/title>\n<meta name=\"robots\" content=\"index, follow, max-snippet:-1, max-image-preview:large, max-video-preview:-1\" \/>\n<link rel=\"canonical\" href=\"https:\/\/fbucanada.com\/accueil\/stella-bellemin\/\" \/>\n<meta property=\"og:locale\" content=\"en_US\" \/>\n<meta property=\"og:type\" content=\"article\" \/>\n<meta property=\"og:title\" content=\"Stella Bellemin - Fraternit\u00e9 Blanche Universelle\" \/>\n<meta property=\"og:description\" content=\"Stella Bellemin On January 17, 1892, Eug\u00e9nie Bellemin (Svezda) was born into a protestant family of Lyon, whose four children early on developed a great interest in the spiritual sciences and in what today we call parapsychology. Svezda was drawn not only to the research of spiritual truths -- which would lead her to discover the Master Peter Deunov (whom&nbsp;Continue Reading\" \/>\n<meta property=\"og:url\" content=\"https:\/\/fbucanada.com\/accueil\/stella-bellemin\/\" \/>\n<meta property=\"og:site_name\" content=\"Fraternit\u00e9 Blanche Universelle\" \/>\n<meta property=\"article:modified_time\" content=\"2023-11-17T21:38:04+00:00\" \/>\n<meta property=\"og:image\" content=\"http:\/\/fbucanada.com\/wp-content\/uploads\/2016\/01\/SoeurStellaPortrait.jpg\" \/>\n<meta name=\"twitter:card\" content=\"summary_large_image\" \/>\n<meta name=\"twitter:label1\" content=\"Est. reading time\" \/>\n\t<meta name=\"twitter:data1\" content=\"8 minutes\" \/>\n<script type=\"application\/ld+json\" class=\"yoast-schema-graph\">{\"@context\":\"https:\/\/schema.org\",\"@graph\":[{\"@type\":\"WebPage\",\"@id\":\"https:\/\/fbucanada.com\/accueil\/stella-bellemin\/\",\"url\":\"https:\/\/fbucanada.com\/accueil\/stella-bellemin\/\",\"name\":\"Stella Bellemin - Fraternit\u00e9 Blanche Universelle\",\"isPartOf\":{\"@id\":\"https:\/\/fbucanada.com\/#website\"},\"datePublished\":\"2016-01-18T22:40:03+00:00\",\"dateModified\":\"2023-11-17T21:38:04+00:00\",\"breadcrumb\":{\"@id\":\"https:\/\/fbucanada.com\/accueil\/stella-bellemin\/#breadcrumb\"},\"inLanguage\":\"en-US\",\"potentialAction\":[{\"@type\":\"ReadAction\",\"target\":[\"https:\/\/fbucanada.com\/accueil\/stella-bellemin\/\"]}]},{\"@type\":\"BreadcrumbList\",\"@id\":\"https:\/\/fbucanada.com\/accueil\/stella-bellemin\/#breadcrumb\",\"itemListElement\":[{\"@type\":\"ListItem\",\"position\":1,\"name\":\"Accueil\",\"item\":\"https:\/\/fbucanada.com\/\"},{\"@type\":\"ListItem\",\"position\":2,\"name\":\"Accueil\",\"item\":\"https:\/\/fbucanada.com\/\"},{\"@type\":\"ListItem\",\"position\":3,\"name\":\"Stella Bellemin\"}]},{\"@type\":\"WebSite\",\"@id\":\"https:\/\/fbucanada.com\/#website\",\"url\":\"https:\/\/fbucanada.com\/\",\"name\":\"Fraternit\u00e9 Blanche Universelle\",\"description\":\"\",\"potentialAction\":[{\"@type\":\"SearchAction\",\"target\":{\"@type\":\"EntryPoint\",\"urlTemplate\":\"https:\/\/fbucanada.com\/?s={search_term_string}\"},\"query-input\":\"required name=search_term_string\"}],\"inLanguage\":\"en-US\"}]}<\/script>\n<!-- \/ Yoast SEO plugin. -->","yoast_head_json":{"title":"Stella Bellemin - Fraternit\u00e9 Blanche Universelle","robots":{"index":"index","follow":"follow","max-snippet":"max-snippet:-1","max-image-preview":"max-image-preview:large","max-video-preview":"max-video-preview:-1"},"canonical":"https:\/\/fbucanada.com\/accueil\/stella-bellemin\/","og_locale":"en_US","og_type":"article","og_title":"Stella Bellemin - Fraternit\u00e9 Blanche Universelle","og_description":"Stella Bellemin On January 17, 1892, Eug\u00e9nie Bellemin (Svezda) was born into a protestant family of Lyon, whose four children early on developed a great interest in the spiritual sciences and in what today we call parapsychology. Svezda was drawn not only to the research of spiritual truths -- which would lead her to discover the Master Peter Deunov (whom&nbsp;Continue Reading","og_url":"https:\/\/fbucanada.com\/accueil\/stella-bellemin\/","og_site_name":"Fraternit\u00e9 Blanche Universelle","article_modified_time":"2023-11-17T21:38:04+00:00","og_image":[{"url":"http:\/\/fbucanada.com\/wp-content\/uploads\/2016\/01\/SoeurStellaPortrait.jpg"}],"twitter_card":"summary_large_image","twitter_misc":{"Est. reading time":"8 minutes"},"schema":{"@context":"https:\/\/schema.org","@graph":[{"@type":"WebPage","@id":"https:\/\/fbucanada.com\/accueil\/stella-bellemin\/","url":"https:\/\/fbucanada.com\/accueil\/stella-bellemin\/","name":"Stella Bellemin - Fraternit\u00e9 Blanche Universelle","isPartOf":{"@id":"https:\/\/fbucanada.com\/#website"},"datePublished":"2016-01-18T22:40:03+00:00","dateModified":"2023-11-17T21:38:04+00:00","breadcrumb":{"@id":"https:\/\/fbucanada.com\/accueil\/stella-bellemin\/#breadcrumb"},"inLanguage":"en-US","potentialAction":[{"@type":"ReadAction","target":["https:\/\/fbucanada.com\/accueil\/stella-bellemin\/"]}]},{"@type":"BreadcrumbList","@id":"https:\/\/fbucanada.com\/accueil\/stella-bellemin\/#breadcrumb","itemListElement":[{"@type":"ListItem","position":1,"name":"Accueil","item":"https:\/\/fbucanada.com\/"},{"@type":"ListItem","position":2,"name":"Accueil","item":"https:\/\/fbucanada.com\/"},{"@type":"ListItem","position":3,"name":"Stella Bellemin"}]},{"@type":"WebSite","@id":"https:\/\/fbucanada.com\/#website","url":"https:\/\/fbucanada.com\/","name":"Fraternit\u00e9 Blanche Universelle","description":"","potentialAction":[{"@type":"SearchAction","target":{"@type":"EntryPoint","urlTemplate":"https:\/\/fbucanada.com\/?s={search_term_string}"},"query-input":"required name=search_term_string"}],"inLanguage":"en-US"}]}},"_links":{"self":[{"href":"https:\/\/fbucanada.com\/en\/wp-json\/wp\/v2\/pages\/1889"}],"collection":[{"href":"https:\/\/fbucanada.com\/en\/wp-json\/wp\/v2\/pages"}],"about":[{"href":"https:\/\/fbucanada.com\/en\/wp-json\/wp\/v2\/types\/page"}],"author":[{"embeddable":true,"href":"https:\/\/fbucanada.com\/en\/wp-json\/wp\/v2\/users\/5"}],"replies":[{"embeddable":true,"href":"https:\/\/fbucanada.com\/en\/wp-json\/wp\/v2\/comments?post=1889"}],"version-history":[{"count":37,"href":"https:\/\/fbucanada.com\/en\/wp-json\/wp\/v2\/pages\/1889\/revisions"}],"predecessor-version":[{"id":11429,"href":"https:\/\/fbucanada.com\/en\/wp-json\/wp\/v2\/pages\/1889\/revisions\/11429"}],"up":[{"embeddable":true,"href":"https:\/\/fbucanada.com\/en\/wp-json\/wp\/v2\/pages\/8"}],"wp:attachment":[{"href":"https:\/\/fbucanada.com\/en\/wp-json\/wp\/v2\/media?parent=1889"}],"curies":[{"name":"wp","href":"https:\/\/api.w.org\/{rel}","templated":true}]}}