{"id":1937,"date":"2016-01-19T21:09:06","date_gmt":"2016-01-19T20:09:06","guid":{"rendered":"http:\/\/fbucanada.com\/?page_id=1937"},"modified":"2024-09-16T17:40:29","modified_gmt":"2024-09-16T21:40:29","slug":"romeo-paquin","status":"publish","type":"page","link":"https:\/\/fbucanada.com\/en\/accueil\/romeo-paquin\/","title":{"rendered":"Rom\u00e9o Paquin"},"content":{"rendered":"<h2><strong><span style=\"color: #dc5e01; font-size: 20px;\">Rom\u00e9o Paquin<\/span><\/strong><\/h2>\n<p style=\"text-align: justify;\"><a href=\"http:\/\/fbucanada.com\/wp-content\/uploads\/2016\/01\/RomeoPaquin_carre.jpg\"><img decoding=\"async\" loading=\"lazy\" class=\"alignleft wp-image-1954\" src=\"http:\/\/fbucanada.com\/wp-content\/uploads\/2016\/01\/RomeoPaquin_carre.jpg\" alt=\"RomeoPaquin_carre\" width=\"185\" height=\"185\" srcset=\"https:\/\/fbucanada.com\/wp-content\/uploads\/2016\/01\/RomeoPaquin_carre.jpg 170w, https:\/\/fbucanada.com\/wp-content\/uploads\/2016\/01\/RomeoPaquin_carre-150x150.jpg 150w\" sizes=\"(max-width: 185px) 100vw, 185px\" \/><\/a>It was in the summer of 1975, at the Universal White Brotherhood center called the \u2018Bonfin\u2019 in the south of France (C\u00f4te d\u2019Azur), that Rom\u00e9o Paquin, an instructor of Hatha Yoga for almost twenty years, first met Master Omraam Mikha\u00ebl A\u00efvanhov. From their first exchanges, their souls became reacquainted and were tuned to one another.<\/p>\n<p style=\"text-align: justify;\">These meetings with someone he recognized as \u2018his Master\u2019 were for Fr\u00e8re Romeo a source of extraordinary inspiration. He returned from this visit profoundly touched by the limitless divine love and immeasurable wisdom that emanated from this great being. Gradually, the desire to emulate him, to become radiant and above all to make his Teaching known in Canada became his principle motivation, to which he wholly dedicated his life.<\/p>\n<p style=\"text-align: justify;\">Under Fr\u00e8re Romeo\u2019s presidency, a brotherhood center north of Montreal (Laval) was created in the beginning of 1979 and given the name \u2018Radost\u2019 by the Master, meaning \u2018joy\u2019. Gradually over the years, brotherhood centers opened in most regions of Qu\u00e9bec.<\/p>\n<p style=\"text-align: justify;\">It was during the Master\u2019s visit to Canada in l984 that he officially designated the property \u2018Blagoslov\u00e9ni\u00e9\u2019, meaning \u2018all blessings\u2019, as the headquarters of the Universal White Brotherhood in Canada. Situated near Sherbrooke in the southern region of Quebec province, this consecrated center is dedicated to making known the teaching of the Master Omraam Mikha\u00ebl A\u00efvanhov.<\/p>\n<p style=\"text-align: justify;\">If, over more than forty years, all of this has been accomplished, it is due in great part to the boundless determination, devotion and veneration of a disciple totally dedicated to his Master and to the immensity of his great work.<\/p>\n<div class=\"jp-audio-center\">\n<script type=\"text\/javascript\">AudioPlayer.setup(\"https:\/\/fbucanada.com\/wp-content\/plugins\/simple-audio-player\/player\/player.swf\", { width: 290 });<\/script><p id=\"audioplayer_8274\"><audio controls><source src=\"http:\/\/fbucanada.com\/wp-content\/uploads\/2016\/01\/Romeo2-coupure-1.mp3\" type=\"audio\/mpeg\"><\/audio><\/p><p><script type=\"text\/javascript\">AudioPlayer.embed(\"audioplayer_8274\", {soundFile: \"http:\/\/fbucanada.com\/wp-content\/uploads\/2016\/01\/Romeo2-coupure-1.mp3\",  titles: \"Fraternit\u00e9 Blanche Universelle\", autostart: \"no\", loop: \"no\", animation: \"yes\", remaining: \"yes\", noinfo: \"no\", initialvolume: \"70\", buffer: \"5\", encode: \"no\", checkpolicy: \"no\", rtl: \"no\", width: \"100%\", transparentpagebg: \"no\", bg: \"E5E5E5\", leftbg: \"CCCCCC\", lefticon: \"333333\", voltrack: \"F2F2F2\", volslider: \"666666\", rightbg: \"B4B4B4\", rightbghover: \"999999\", righticon: \"333333\", righticonhover: \"FFFFFF\", loader: \"009900\", track: \"393E41\", tracker: \"DDDDDD\", border: \"CCCCCC\", skip: \"666666\", text: \"333333\"});<\/script><\/p>\n<p><span lang=\"en\">English translation<\/span><\/p>\n<script type=\"text\/javascript\">AudioPlayer.setup(\"https:\/\/fbucanada.com\/wp-content\/plugins\/simple-audio-player\/player\/player.swf\", { width: 290 });<\/script><p id=\"audioplayer_1363\"><audio controls><source src=\"http:\/\/fbucanada.com\/wp-content\/uploads\/2016\/01\/TEMOIGNAGE-FR.-ROMEO-ANGLAIS-5min30corrig\u00e9.mp3\" type=\"audio\/mpeg\"><\/audio><\/p><p><script type=\"text\/javascript\">AudioPlayer.embed(\"audioplayer_1363\", {soundFile: \"http:\/\/fbucanada.com\/wp-content\/uploads\/2016\/01\/TEMOIGNAGE-FR.-ROMEO-ANGLAIS-5min30corrig\u00e9.mp3\",  titles: \"Fraternit\u00e9 Blanche Universelle\", autostart: \"no\", loop: \"no\", animation: \"yes\", remaining: \"yes\", noinfo: \"no\", initialvolume: \"70\", buffer: \"5\", encode: \"no\", checkpolicy: \"no\", rtl: \"no\", width: \"100%\", transparentpagebg: \"no\", bg: \"E5E5E5\", leftbg: \"CCCCCC\", lefticon: \"333333\", voltrack: \"F2F2F2\", volslider: \"666666\", rightbg: \"B4B4B4\", rightbghover: \"999999\", righticon: \"333333\", righticonhover: \"FFFFFF\", loader: \"009900\", track: \"393E41\", tracker: \"DDDDDD\", border: \"CCCCCC\", skip: \"666666\", text: \"333333\"});<\/script><\/p>\n<\/div>\n<div class=\"jp-audio-center\">\n<p><a href=\"http:\/\/fbucanada.com\/wp-content\/uploads\/2016\/01\/membre_OMAfrRomeo.jpg\"><img decoding=\"async\" loading=\"lazy\" class=\"aligncenter wp-image-2208\" src=\"http:\/\/fbucanada.com\/wp-content\/uploads\/2016\/01\/membre_OMAfrRomeo.jpg\" alt=\"membre_OMAfrRomeo\" width=\"420\" height=\"170\" srcset=\"https:\/\/fbucanada.com\/wp-content\/uploads\/2016\/01\/membre_OMAfrRomeo.jpg 400w, https:\/\/fbucanada.com\/wp-content\/uploads\/2016\/01\/membre_OMAfrRomeo-300x122.jpg 300w\" sizes=\"(max-width: 420px) 100vw, 420px\" \/><\/a><\/p>\n<\/div>","protected":false},"excerpt":{"rendered":"<p>Rom\u00e9o Paquin It was in the summer of 1975, at the Universal White Brotherhood center called the \u2018Bonfin\u2019 in the south of France (C\u00f4te d\u2019Azur), that Rom\u00e9o Paquin, an instructor of Hatha Yoga for almost twenty years, first met Master Omraam Mikha\u00ebl A\u00efvanhov. From their first exchanges, their souls became reacquainted and were tuned to one another. These meetings with&nbsp;<a href=\"https:\/\/fbucanada.com\/en\/accueil\/romeo-paquin\/\" class=\"read-more\">Continue Reading<\/a><\/p>\n","protected":false},"author":5,"featured_media":0,"parent":8,"menu_order":2,"comment_status":"closed","ping_status":"closed","template":"page-fullwidth.php","meta":{"footnotes":""},"yoast_head":"<!-- This site is optimized with the Yoast SEO plugin v21.2 - https:\/\/yoast.com\/wordpress\/plugins\/seo\/ -->\n<title>Rom\u00e9o Paquin - Fraternit\u00e9 Blanche Universelle<\/title>\n<meta name=\"robots\" content=\"index, follow, max-snippet:-1, max-image-preview:large, max-video-preview:-1\" \/>\n<link rel=\"canonical\" href=\"https:\/\/fbucanada.com\/accueil\/romeo-paquin\/\" \/>\n<meta property=\"og:locale\" content=\"en_US\" \/>\n<meta property=\"og:type\" content=\"article\" \/>\n<meta property=\"og:title\" content=\"[:fr]Rom\u00e9o Paquin [:en]Rom\u00e9o Paquin[:] - Fraternit\u00e9 Blanche Universelle\" \/>\n<meta property=\"og:description\" content=\"Rom\u00e9o Paquin It was in the summer of 1975, at the Universal White Brotherhood center called the \u2018Bonfin\u2019 in the south of France (C\u00f4te d\u2019Azur), that Rom\u00e9o Paquin, an instructor of Hatha Yoga for almost twenty years, first met Master Omraam Mikha\u00ebl A\u00efvanhov. From their first exchanges, their souls became reacquainted and were tuned to one another. These meetings with&nbsp;Continue Reading\" \/>\n<meta property=\"og:url\" content=\"https:\/\/fbucanada.com\/accueil\/romeo-paquin\/\" \/>\n<meta property=\"og:site_name\" content=\"Fraternit\u00e9 Blanche Universelle\" \/>\n<meta property=\"article:modified_time\" content=\"2024-09-16T21:40:29+00:00\" \/>\n<meta property=\"og:image\" content=\"http:\/\/fbucanada.com\/wp-content\/uploads\/2016\/01\/RomeoPaquin_carre.jpg\" \/>\n<meta name=\"twitter:card\" content=\"summary_large_image\" \/>\n<meta name=\"twitter:label1\" content=\"Est. reading time\" \/>\n\t<meta name=\"twitter:data1\" content=\"2 minutes\" \/>\n<script type=\"application\/ld+json\" class=\"yoast-schema-graph\">{\"@context\":\"https:\/\/schema.org\",\"@graph\":[{\"@type\":\"WebPage\",\"@id\":\"https:\/\/fbucanada.com\/accueil\/romeo-paquin\/\",\"url\":\"https:\/\/fbucanada.com\/accueil\/romeo-paquin\/\",\"name\":\"[:fr]Rom\u00e9o Paquin [:en]Rom\u00e9o Paquin[:] - Fraternit\u00e9 Blanche Universelle\",\"isPartOf\":{\"@id\":\"https:\/\/fbucanada.com\/#website\"},\"datePublished\":\"2016-01-19T20:09:06+00:00\",\"dateModified\":\"2024-09-16T21:40:29+00:00\",\"breadcrumb\":{\"@id\":\"https:\/\/fbucanada.com\/accueil\/romeo-paquin\/#breadcrumb\"},\"inLanguage\":\"en-US\",\"potentialAction\":[{\"@type\":\"ReadAction\",\"target\":[\"https:\/\/fbucanada.com\/accueil\/romeo-paquin\/\"]}]},{\"@type\":\"BreadcrumbList\",\"@id\":\"https:\/\/fbucanada.com\/accueil\/romeo-paquin\/#breadcrumb\",\"itemListElement\":[{\"@type\":\"ListItem\",\"position\":1,\"name\":\"Accueil\",\"item\":\"https:\/\/fbucanada.com\/\"},{\"@type\":\"ListItem\",\"position\":2,\"name\":\"Accueil\",\"item\":\"https:\/\/fbucanada.com\/\"},{\"@type\":\"ListItem\",\"position\":3,\"name\":\"Rom\u00e9o Paquin\"}]},{\"@type\":\"WebSite\",\"@id\":\"https:\/\/fbucanada.com\/#website\",\"url\":\"https:\/\/fbucanada.com\/\",\"name\":\"Fraternit\u00e9 Blanche Universelle\",\"description\":\"\",\"potentialAction\":[{\"@type\":\"SearchAction\",\"target\":{\"@type\":\"EntryPoint\",\"urlTemplate\":\"https:\/\/fbucanada.com\/?s={search_term_string}\"},\"query-input\":\"required name=search_term_string\"}],\"inLanguage\":\"en-US\"}]}<\/script>\n<!-- \/ Yoast SEO plugin. -->","yoast_head_json":{"title":"[:fr]Rom\u00e9o Paquin [:en]Rom\u00e9o Paquin[:] - Fraternit\u00e9 Blanche Universelle","robots":{"index":"index","follow":"follow","max-snippet":"max-snippet:-1","max-image-preview":"max-image-preview:large","max-video-preview":"max-video-preview:-1"},"canonical":"https:\/\/fbucanada.com\/accueil\/romeo-paquin\/","og_locale":"en_US","og_type":"article","og_title":"[:fr]Rom\u00e9o Paquin [:en]Rom\u00e9o Paquin[:] - Fraternit\u00e9 Blanche Universelle","og_description":"Rom\u00e9o Paquin It was in the summer of 1975, at the Universal White Brotherhood center called the \u2018Bonfin\u2019 in the south of France (C\u00f4te d\u2019Azur), that Rom\u00e9o Paquin, an instructor of Hatha Yoga for almost twenty years, first met Master Omraam Mikha\u00ebl A\u00efvanhov. From their first exchanges, their souls became reacquainted and were tuned to one another. These meetings with&nbsp;Continue Reading","og_url":"https:\/\/fbucanada.com\/accueil\/romeo-paquin\/","og_site_name":"Fraternit\u00e9 Blanche Universelle","article_modified_time":"2024-09-16T21:40:29+00:00","og_image":[{"url":"http:\/\/fbucanada.com\/wp-content\/uploads\/2016\/01\/RomeoPaquin_carre.jpg"}],"twitter_card":"summary_large_image","twitter_misc":{"Est. reading time":"2 minutes"},"schema":{"@context":"https:\/\/schema.org","@graph":[{"@type":"WebPage","@id":"https:\/\/fbucanada.com\/accueil\/romeo-paquin\/","url":"https:\/\/fbucanada.com\/accueil\/romeo-paquin\/","name":"[:fr]Rom\u00e9o Paquin [:en]Rom\u00e9o Paquin[:] - Fraternit\u00e9 Blanche Universelle","isPartOf":{"@id":"https:\/\/fbucanada.com\/#website"},"datePublished":"2016-01-19T20:09:06+00:00","dateModified":"2024-09-16T21:40:29+00:00","breadcrumb":{"@id":"https:\/\/fbucanada.com\/accueil\/romeo-paquin\/#breadcrumb"},"inLanguage":"en-US","potentialAction":[{"@type":"ReadAction","target":["https:\/\/fbucanada.com\/accueil\/romeo-paquin\/"]}]},{"@type":"BreadcrumbList","@id":"https:\/\/fbucanada.com\/accueil\/romeo-paquin\/#breadcrumb","itemListElement":[{"@type":"ListItem","position":1,"name":"Accueil","item":"https:\/\/fbucanada.com\/"},{"@type":"ListItem","position":2,"name":"Accueil","item":"https:\/\/fbucanada.com\/"},{"@type":"ListItem","position":3,"name":"Rom\u00e9o Paquin"}]},{"@type":"WebSite","@id":"https:\/\/fbucanada.com\/#website","url":"https:\/\/fbucanada.com\/","name":"Fraternit\u00e9 Blanche Universelle","description":"","potentialAction":[{"@type":"SearchAction","target":{"@type":"EntryPoint","urlTemplate":"https:\/\/fbucanada.com\/?s={search_term_string}"},"query-input":"required name=search_term_string"}],"inLanguage":"en-US"}]}},"_links":{"self":[{"href":"https:\/\/fbucanada.com\/en\/wp-json\/wp\/v2\/pages\/1937"}],"collection":[{"href":"https:\/\/fbucanada.com\/en\/wp-json\/wp\/v2\/pages"}],"about":[{"href":"https:\/\/fbucanada.com\/en\/wp-json\/wp\/v2\/types\/page"}],"author":[{"embeddable":true,"href":"https:\/\/fbucanada.com\/en\/wp-json\/wp\/v2\/users\/5"}],"replies":[{"embeddable":true,"href":"https:\/\/fbucanada.com\/en\/wp-json\/wp\/v2\/comments?post=1937"}],"version-history":[{"count":22,"href":"https:\/\/fbucanada.com\/en\/wp-json\/wp\/v2\/pages\/1937\/revisions"}],"predecessor-version":[{"id":11905,"href":"https:\/\/fbucanada.com\/en\/wp-json\/wp\/v2\/pages\/1937\/revisions\/11905"}],"up":[{"embeddable":true,"href":"https:\/\/fbucanada.com\/en\/wp-json\/wp\/v2\/pages\/8"}],"wp:attachment":[{"href":"https:\/\/fbucanada.com\/en\/wp-json\/wp\/v2\/media?parent=1937"}],"curies":[{"name":"wp","href":"https:\/\/api.w.org\/{rel}","templated":true}]}}