{"id":1939,"date":"2016-01-19T21:12:10","date_gmt":"2016-01-19T20:12:10","guid":{"rendered":"http:\/\/fbucanada.com\/?page_id=1939"},"modified":"2023-11-30T12:44:24","modified_gmt":"2023-11-30T17:44:24","slug":"agnes-lejbowicz","status":"publish","type":"page","link":"https:\/\/fbucanada.com\/en\/accueil\/agnes-lejbowicz\/","title":{"rendered":"Agn\u00e8s Lejbowicz"},"content":{"rendered":"<h2><span style=\"font-size: 20px;\"><strong><span style=\"color: #dc5e01;\">Agn\u00e8s Lejbowicz<\/span><\/strong><\/span><\/h2>\n<p><a href=\"http:\/\/fbucanada.com\/wp-content\/uploads\/2016\/01\/AgnesLejbowicz_carre.jpg\"><img decoding=\"async\" loading=\"lazy\" class=\"alignleft wp-image-1952\" src=\"http:\/\/fbucanada.com\/wp-content\/uploads\/2016\/01\/AgnesLejbowicz_carre.jpg\" alt=\"AgnesLejbowicz_carre\" width=\"190\" height=\"190\" srcset=\"https:\/\/fbucanada.com\/wp-content\/uploads\/2016\/01\/AgnesLejbowicz_carre.jpg 170w, https:\/\/fbucanada.com\/wp-content\/uploads\/2016\/01\/AgnesLejbowicz_carre-150x150.jpg 150w\" sizes=\"(max-width: 190px) 100vw, 190px\" \/><\/a><\/p>\n<p style=\"text-align: justify;\">Since 1957, Agn\u00e8s Lejbowicz, along with her two sisters, B\u00e9atrice and H\u00e9l\u00e8ne, has been a member of the Universal White Brotherhood, established in France by the Master Omraam Mikha\u00ebl A\u00efvanhov (1900-1986).<\/p>\n<p style=\"text-align: justify;\"><a href=\"http:\/\/fbucanada.com\/wp-content\/uploads\/2016\/01\/nsmail.jpg\"><img decoding=\"async\" loading=\"lazy\" class=\"alignright wp-image-2204 size-large\" src=\"http:\/\/fbucanada.com\/wp-content\/uploads\/2016\/01\/nsmail-1024x768.jpg\" alt=\"nsmail\" width=\"604\" height=\"453\" srcset=\"https:\/\/fbucanada.com\/wp-content\/uploads\/2016\/01\/nsmail-1024x768.jpg 1024w, https:\/\/fbucanada.com\/wp-content\/uploads\/2016\/01\/nsmail-300x225.jpg 300w, https:\/\/fbucanada.com\/wp-content\/uploads\/2016\/01\/nsmail-200x150.jpg 200w, https:\/\/fbucanada.com\/wp-content\/uploads\/2016\/01\/nsmail.jpg 1632w\" sizes=\"(max-width: 604px) 100vw, 604px\" \/><\/a> From 1968 to 1986, B\u00e9atrice (right) was secretary to the Master. Previously, on the Master\u2019s advice, she pursued studies in geography and was awarded a special University Prize for the development of a method facilitating the mapping of landscape vegetation.<\/p>\n<p style=\"text-align: justify;\">In 1970, H\u00e9l\u00e8ne (center), after obtaining a degree in literature and as university professor in grammar, was charged by the Master with the written transcription of his talks. Today, some one hundred works divided among various collections are available, published by Prosveta Editions. Their translation into more than thirty-two languages allows for an ever wider diffusion of the Master\u2019s thought.<\/p>\n<p style=\"text-align: justify;\">Agn\u00e8s holds a degree as university professor and doctorate in philosophy. While teaching this discipline, she specialized in the study of international relations and international law, analyzing from a philosophical viewpoint the use of the term \u2018brotherhood\u2019 in political-judicial texts. From the age of twenty-five, she served as head of the brotherhood group of Montpelier, from 1967 to 1995. Since 1995 she has been secretary of the international PADME Foundation, created in Switzerland by Jean-Claude Zeller at the Master\u2019s request, to aid in the development and maintenance of the teaching.<\/p>\n<p style=\"text-align: justify;\">Besides her thesis: Philosophy of International Law, the impossible capture of humanity, Paris PUF, 1999 (a work for which she earned a medal from the CNRS (Centre National de Recherches Scientifiques) in 2000), Agn\u00e8s Lejbowicz has published some dozen articles in various philosophical reviews. One of her last articles, characterized by some as prophetic, appeared in the review Cit\u00e9s in 2005: \u201cSpecters of Terrorism: concerning the concept of global civil war.\u201d<\/p>\n<p style=\"text-align: justify;\">Encouraged by the Master, Agn\u00e8s has spoken publically about his teaching, in France at Montpellier, Marseille, Saint-Etienne, Lyon, Paris, Rennes and Caen, as well as outside France, in Lausanne, Brussels, Montr\u00e9al and Toronto. After the Master\u2019s death, she refused all public appearances for twenty years. However, beginning in 2009 she was invited to Africa (Benin, Congo-Brazza, Togo, Gabon) in connection with her activities for the PADME Foundation and began to speak again. In 2015 she also accepted an invitation from Bulgarian television in Sophia where she spoke of the indestructible link between Omraam Mikha\u00ebl A\u00efvanhov and his Master Peter Deunov. Also invited to the cultural center Videlina in Varna, she chose the theme: Peter Deunov \u2013 Omraam Mikha\u00ebl A\u00efvanhov, continuity and permanence of the Revelation.<\/p>\n<p>&nbsp;<\/p>\n<div style=\"text-align: center;\"><iframe loading=\"lazy\" src=\"https:\/\/www.youtube.com\/embed\/mX7Y_3nbJX0\" width=\"675\" height=\"500\" frameborder=\"0\" allowfullscreen=\"allowfullscreen\"><\/iframe><\/div>\n<div style=\"text-align: center;\"><\/div>\n<div style=\"text-align: center;\"><\/div>\n<p>&nbsp;<\/p>\n<div style=\"text-align: center;\"><span style=\"font-size: 16px;\"><span style=\"font-size: 16px;\"><span style=\"color: #dc5e01;\">\u00a0B\u00e9atrice Lejbowicz testimony<\/span><\/span><\/span><\/p>\n<div class=\"tw-swapa\"><\/div>\n<\/div>\n<p>&nbsp;<\/p>\n<div style=\"text-align: center;\"><\/div>\n<div style=\"text-align: center;\"><\/div>\n<div style=\"text-align: center;\"><iframe loading=\"lazy\" src=\"https:\/\/www.youtube.com\/embed\/NBltAr6VMC4\" width=\"675\" height=\"500\" frameborder=\"0\" allowfullscreen=\"allowfullscreen\"><\/iframe><\/div>\n<div style=\"text-align: center;\"><\/div>","protected":false},"excerpt":{"rendered":"<p>Agn\u00e8s Lejbowicz Since 1957, Agn\u00e8s Lejbowicz, along with her two sisters, B\u00e9atrice and H\u00e9l\u00e8ne, has been a member of the Universal White Brotherhood, established in France by the Master Omraam Mikha\u00ebl A\u00efvanhov (1900-1986). From 1968 to 1986, B\u00e9atrice (right) was secretary to the Master. Previously, on the Master\u2019s advice, she pursued studies in geography and was awarded a special University&nbsp;<a href=\"https:\/\/fbucanada.com\/en\/accueil\/agnes-lejbowicz\/\" class=\"read-more\">Continue Reading<\/a><\/p>\n","protected":false},"author":5,"featured_media":0,"parent":8,"menu_order":3,"comment_status":"closed","ping_status":"closed","template":"page-fullwidth.php","meta":{"footnotes":""},"yoast_head":"<!-- This site is optimized with the Yoast SEO plugin v21.2 - https:\/\/yoast.com\/wordpress\/plugins\/seo\/ -->\n<title>Agn\u00e8s Lejbowicz - Fraternit\u00e9 Blanche Universelle<\/title>\n<meta name=\"robots\" content=\"index, follow, max-snippet:-1, max-image-preview:large, max-video-preview:-1\" \/>\n<link rel=\"canonical\" href=\"https:\/\/fbucanada.com\/accueil\/agnes-lejbowicz\/\" \/>\n<meta property=\"og:locale\" content=\"en_US\" \/>\n<meta property=\"og:type\" content=\"article\" \/>\n<meta property=\"og:title\" content=\"Agn\u00e8s Lejbowicz - Fraternit\u00e9 Blanche Universelle\" \/>\n<meta property=\"og:description\" content=\"Agn\u00e8s Lejbowicz Since 1957, Agn\u00e8s Lejbowicz, along with her two sisters, B\u00e9atrice and H\u00e9l\u00e8ne, has been a member of the Universal White Brotherhood, established in France by the Master Omraam Mikha\u00ebl A\u00efvanhov (1900-1986). From 1968 to 1986, B\u00e9atrice (right) was secretary to the Master. Previously, on the Master\u2019s advice, she pursued studies in geography and was awarded a special University&nbsp;Continue Reading\" \/>\n<meta property=\"og:url\" content=\"https:\/\/fbucanada.com\/accueil\/agnes-lejbowicz\/\" \/>\n<meta property=\"og:site_name\" content=\"Fraternit\u00e9 Blanche Universelle\" \/>\n<meta property=\"article:modified_time\" content=\"2023-11-30T17:44:24+00:00\" \/>\n<meta property=\"og:image\" content=\"http:\/\/fbucanada.com\/wp-content\/uploads\/2016\/01\/AgnesLejbowicz_carre.jpg\" \/>\n<meta name=\"twitter:card\" content=\"summary_large_image\" \/>\n<meta name=\"twitter:label1\" content=\"Est. reading time\" \/>\n\t<meta name=\"twitter:data1\" content=\"3 minutes\" \/>\n<script type=\"application\/ld+json\" class=\"yoast-schema-graph\">{\"@context\":\"https:\/\/schema.org\",\"@graph\":[{\"@type\":\"WebPage\",\"@id\":\"https:\/\/fbucanada.com\/accueil\/agnes-lejbowicz\/\",\"url\":\"https:\/\/fbucanada.com\/accueil\/agnes-lejbowicz\/\",\"name\":\"Agn\u00e8s Lejbowicz - Fraternit\u00e9 Blanche Universelle\",\"isPartOf\":{\"@id\":\"https:\/\/fbucanada.com\/#website\"},\"datePublished\":\"2016-01-19T20:12:10+00:00\",\"dateModified\":\"2023-11-30T17:44:24+00:00\",\"breadcrumb\":{\"@id\":\"https:\/\/fbucanada.com\/accueil\/agnes-lejbowicz\/#breadcrumb\"},\"inLanguage\":\"en-US\",\"potentialAction\":[{\"@type\":\"ReadAction\",\"target\":[\"https:\/\/fbucanada.com\/accueil\/agnes-lejbowicz\/\"]}]},{\"@type\":\"BreadcrumbList\",\"@id\":\"https:\/\/fbucanada.com\/accueil\/agnes-lejbowicz\/#breadcrumb\",\"itemListElement\":[{\"@type\":\"ListItem\",\"position\":1,\"name\":\"Accueil\",\"item\":\"https:\/\/fbucanada.com\/\"},{\"@type\":\"ListItem\",\"position\":2,\"name\":\"Accueil\",\"item\":\"https:\/\/fbucanada.com\/\"},{\"@type\":\"ListItem\",\"position\":3,\"name\":\"Agn\u00e8s Lejbowicz\"}]},{\"@type\":\"WebSite\",\"@id\":\"https:\/\/fbucanada.com\/#website\",\"url\":\"https:\/\/fbucanada.com\/\",\"name\":\"Fraternit\u00e9 Blanche Universelle\",\"description\":\"\",\"potentialAction\":[{\"@type\":\"SearchAction\",\"target\":{\"@type\":\"EntryPoint\",\"urlTemplate\":\"https:\/\/fbucanada.com\/?s={search_term_string}\"},\"query-input\":\"required name=search_term_string\"}],\"inLanguage\":\"en-US\"}]}<\/script>\n<!-- \/ Yoast SEO plugin. -->","yoast_head_json":{"title":"Agn\u00e8s Lejbowicz - Fraternit\u00e9 Blanche Universelle","robots":{"index":"index","follow":"follow","max-snippet":"max-snippet:-1","max-image-preview":"max-image-preview:large","max-video-preview":"max-video-preview:-1"},"canonical":"https:\/\/fbucanada.com\/accueil\/agnes-lejbowicz\/","og_locale":"en_US","og_type":"article","og_title":"Agn\u00e8s Lejbowicz - Fraternit\u00e9 Blanche Universelle","og_description":"Agn\u00e8s Lejbowicz Since 1957, Agn\u00e8s Lejbowicz, along with her two sisters, B\u00e9atrice and H\u00e9l\u00e8ne, has been a member of the Universal White Brotherhood, established in France by the Master Omraam Mikha\u00ebl A\u00efvanhov (1900-1986). From 1968 to 1986, B\u00e9atrice (right) was secretary to the Master. Previously, on the Master\u2019s advice, she pursued studies in geography and was awarded a special University&nbsp;Continue Reading","og_url":"https:\/\/fbucanada.com\/accueil\/agnes-lejbowicz\/","og_site_name":"Fraternit\u00e9 Blanche Universelle","article_modified_time":"2023-11-30T17:44:24+00:00","og_image":[{"url":"http:\/\/fbucanada.com\/wp-content\/uploads\/2016\/01\/AgnesLejbowicz_carre.jpg"}],"twitter_card":"summary_large_image","twitter_misc":{"Est. reading time":"3 minutes"},"schema":{"@context":"https:\/\/schema.org","@graph":[{"@type":"WebPage","@id":"https:\/\/fbucanada.com\/accueil\/agnes-lejbowicz\/","url":"https:\/\/fbucanada.com\/accueil\/agnes-lejbowicz\/","name":"Agn\u00e8s Lejbowicz - Fraternit\u00e9 Blanche Universelle","isPartOf":{"@id":"https:\/\/fbucanada.com\/#website"},"datePublished":"2016-01-19T20:12:10+00:00","dateModified":"2023-11-30T17:44:24+00:00","breadcrumb":{"@id":"https:\/\/fbucanada.com\/accueil\/agnes-lejbowicz\/#breadcrumb"},"inLanguage":"en-US","potentialAction":[{"@type":"ReadAction","target":["https:\/\/fbucanada.com\/accueil\/agnes-lejbowicz\/"]}]},{"@type":"BreadcrumbList","@id":"https:\/\/fbucanada.com\/accueil\/agnes-lejbowicz\/#breadcrumb","itemListElement":[{"@type":"ListItem","position":1,"name":"Accueil","item":"https:\/\/fbucanada.com\/"},{"@type":"ListItem","position":2,"name":"Accueil","item":"https:\/\/fbucanada.com\/"},{"@type":"ListItem","position":3,"name":"Agn\u00e8s Lejbowicz"}]},{"@type":"WebSite","@id":"https:\/\/fbucanada.com\/#website","url":"https:\/\/fbucanada.com\/","name":"Fraternit\u00e9 Blanche Universelle","description":"","potentialAction":[{"@type":"SearchAction","target":{"@type":"EntryPoint","urlTemplate":"https:\/\/fbucanada.com\/?s={search_term_string}"},"query-input":"required name=search_term_string"}],"inLanguage":"en-US"}]}},"_links":{"self":[{"href":"https:\/\/fbucanada.com\/en\/wp-json\/wp\/v2\/pages\/1939"}],"collection":[{"href":"https:\/\/fbucanada.com\/en\/wp-json\/wp\/v2\/pages"}],"about":[{"href":"https:\/\/fbucanada.com\/en\/wp-json\/wp\/v2\/types\/page"}],"author":[{"embeddable":true,"href":"https:\/\/fbucanada.com\/en\/wp-json\/wp\/v2\/users\/5"}],"replies":[{"embeddable":true,"href":"https:\/\/fbucanada.com\/en\/wp-json\/wp\/v2\/comments?post=1939"}],"version-history":[{"count":22,"href":"https:\/\/fbucanada.com\/en\/wp-json\/wp\/v2\/pages\/1939\/revisions"}],"predecessor-version":[{"id":11453,"href":"https:\/\/fbucanada.com\/en\/wp-json\/wp\/v2\/pages\/1939\/revisions\/11453"}],"up":[{"embeddable":true,"href":"https:\/\/fbucanada.com\/en\/wp-json\/wp\/v2\/pages\/8"}],"wp:attachment":[{"href":"https:\/\/fbucanada.com\/en\/wp-json\/wp\/v2\/media?parent=1939"}],"curies":[{"name":"wp","href":"https:\/\/api.w.org\/{rel}","templated":true}]}}