{"id":3740,"date":"2016-02-23T18:19:36","date_gmt":"2016-02-23T17:19:36","guid":{"rendered":"http:\/\/fbucanada.com\/?page_id=3740"},"modified":"2016-02-23T19:18:11","modified_gmt":"2016-02-23T18:18:11","slug":"sitemap","status":"publish","type":"page","link":"https:\/\/fbucanada.com\/en\/sitemap\/","title":{"rendered":"Site Map"},"content":{"rendered":"\n<!-- Page-list plugin v.5.6 wordpress.org\/plugins\/page-list\/ -->\n<ul class=\"page-list \">\n<li class=\"page_item page-item-8 page_item_has_children\"><a href=\"https:\/\/fbucanada.com\/en\/\">Home<\/a>\n<ul class='children'>\n\t<li class=\"page_item page-item-5151\"><a href=\"https:\/\/fbucanada.com\/en\/accueil\/michel-duchesneau-2\/\">Michel Duchesneau<\/a><\/li>\n\t<li class=\"page_item page-item-1889\"><a href=\"https:\/\/fbucanada.com\/en\/accueil\/stella-bellemin\/\">Stella Bellemin<\/a><\/li>\n\t<li class=\"page_item page-item-1937\"><a href=\"https:\/\/fbucanada.com\/en\/accueil\/romeo-paquin\/\">Rom\u00e9o Paquin<\/a><\/li>\n\t<li class=\"page_item page-item-1939\"><a href=\"https:\/\/fbucanada.com\/en\/accueil\/agnes-lejbowicz\/\">Agn\u00e8s Lejbowicz<\/a><\/li>\n\t<li class=\"page_item page-item-1945\"><a href=\"https:\/\/fbucanada.com\/en\/accueil\/henriette-dufeu\/\">Henriette Dufeu<\/a><\/li>\n\t<li class=\"page_item page-item-1947\"><a href=\"https:\/\/fbucanada.com\/en\/accueil\/jacques-bogenez\/\">Jacques Bogenez<\/a><\/li>\n<\/ul>\n<\/li>\n<li class=\"page_item page-item-321 page_item_has_children\"><a href=\"https:\/\/fbucanada.com\/en\/autres-themes\/\">(Fran\u00e7ais) Autres th\u00e8mes<\/a>\n<ul class='children'>\n\t<li class=\"page_item page-item-205\"><a href=\"https:\/\/fbucanada.com\/en\/autres-themes\/centres-et-corps-subtils\/\">Man&#8217;s Psychic Life<\/a><\/li>\n\t<li class=\"page_item page-item-211\"><a href=\"https:\/\/fbucanada.com\/en\/autres-themes\/comment-trouver-la-paix\/\">How to find peace<\/a><\/li>\n\t<li class=\"page_item page-item-195\"><a href=\"https:\/\/fbucanada.com\/en\/autres-themes\/connais-toi-toi-meme\/\">Know Thyself<\/a><\/li>\n\t<li class=\"page_item page-item-221\"><a href=\"https:\/\/fbucanada.com\/en\/autres-themes\/harmonie-et-sante\/\">Harmony and Health<\/a><\/li>\n\t<li class=\"page_item page-item-215\"><a href=\"https:\/\/fbucanada.com\/en\/autres-themes\/lart\/\">Art<\/a><\/li>\n\t<li class=\"page_item page-item-225\"><a href=\"https:\/\/fbucanada.com\/en\/autres-themes\/english-lastrologie\/\">Astrology<\/a><\/li>\n\t<li class=\"page_item page-item-227\"><a href=\"https:\/\/fbucanada.com\/en\/autres-themes\/english-la-magie\/\">Magic<\/a><\/li>\n\t<li class=\"page_item page-item-197\"><a href=\"https:\/\/fbucanada.com\/en\/autres-themes\/la-puissance-de-la-pensee\/\">The Powers of Thought<\/a><\/li>\n\t<li class=\"page_item page-item-209\"><a href=\"https:\/\/fbucanada.com\/en\/autres-themes\/la-science-et-la-religion\/\">Science and Religion<\/a><\/li>\n\t<li class=\"page_item page-item-223\"><a href=\"https:\/\/fbucanada.com\/en\/autres-themes\/la-vraie-beaute\/\">True Beauty<\/a><\/li>\n\t<li class=\"page_item page-item-217\"><a href=\"https:\/\/fbucanada.com\/en\/autres-themes\/le-bonheur\/\">Happiness<\/a><\/li>\n\t<li class=\"page_item page-item-229\"><a href=\"https:\/\/fbucanada.com\/en\/autres-themes\/english-laura\/\">HIGH IDEAL<\/a><\/li>\n\t<li class=\"page_item page-item-203\"><a href=\"https:\/\/fbucanada.com\/en\/autres-themes\/le-pouvoir-de-limagination\/\">The Power of The Imagination<\/a><\/li>\n\t<li class=\"page_item page-item-219\"><a href=\"https:\/\/fbucanada.com\/en\/autres-themes\/le-pouvoir-du-mot-merci\/\">(Fran\u00e7ais) Le pouvoir du mot merci<\/a><\/li>\n\t<li class=\"page_item page-item-213\"><a href=\"https:\/\/fbucanada.com\/en\/autres-themes\/le-silence\/\">Silence<\/a><\/li>\n\t<li class=\"page_item page-item-207\"><a href=\"https:\/\/fbucanada.com\/en\/autres-themes\/les-lois-de-la-nature\/\">The Laws of Nature<\/a><\/li>\n<\/ul>\n<\/li>\n<li class=\"page_item page-item-1076\"><a href=\"https:\/\/fbucanada.com\/en\/en-savoir-plus\/\">Read more<\/a><\/li>\n<li class=\"page_item page-item-2004 page_item_has_children\"><a href=\"https:\/\/fbucanada.com\/en\/espace-membre\/\">(Fran\u00e7ais) Espace membre<\/a>\n<ul class='children'>\n\t<li class=\"page_item page-item-2218 page_item_has_children\"><a href=\"https:\/\/fbucanada.com\/en\/espace-membre\/activites\/\">(Fran\u00e7ais) Activit\u00e9s<\/a>\n\t<ul class='children'>\n\t\t<li class=\"page_item page-item-2169\"><a href=\"https:\/\/fbucanada.com\/en\/espace-membre\/activites\/horaire\/\">(Fran\u00e7ais) Horaire<\/a><\/li>\n\t\t<li class=\"page_item page-item-2171\"><a href=\"https:\/\/fbucanada.com\/en\/espace-membre\/activites\/calendrier\/\">(Fran\u00e7ais) Calendrier<\/a><\/li>\n\t\t<li class=\"page_item page-item-2173\"><a href=\"https:\/\/fbucanada.com\/en\/espace-membre\/activites\/formulaire-de-reservation\/\">(Fran\u00e7ais) Formulaire de R\u00e9servation<\/a><\/li>\n\t\t<li class=\"page_item page-item-2175\"><a href=\"https:\/\/fbucanada.com\/en\/espace-membre\/activites\/plan-du-domaine\/\">(Fran\u00e7ais) Plan du domaine<\/a><\/li>\n\t<\/ul>\n<\/li>\n\t<li class=\"page_item page-item-2226 page_item_has_children\"><a href=\"https:\/\/fbucanada.com\/en\/espace-membre\/babillard\/\">(Fran\u00e7ais) Babillard<\/a>\n\t<ul class='children'>\n\t\t<li class=\"page_item page-item-2240\"><a href=\"https:\/\/fbucanada.com\/en\/espace-membre\/babillard\/travaux-collectifs\/\">(Fran\u00e7ais) Travaux collectifs<\/a><\/li>\n\t\t<li class=\"page_item page-item-2242\"><a href=\"https:\/\/fbucanada.com\/en\/espace-membre\/babillard\/messages\/\">(Fran\u00e7ais) Messages<\/a><\/li>\n\t\t<li class=\"page_item page-item-4496\"><a href=\"https:\/\/fbucanada.com\/en\/espace-membre\/babillard\/ceremonie-du-wesak\/\">(Fran\u00e7ais) C\u00e9r\u00e9monie du Wesak<\/a><\/li>\n\t\t<li class=\"page_item page-item-5014\"><a href=\"https:\/\/fbucanada.com\/en\/espace-membre\/babillard\/fete-de-la-st-jean\/\">(Fran\u00e7ais) F\u00eate de la St-Jean<\/a><\/li>\n\t<\/ul>\n<\/li>\n\t<li class=\"page_item page-item-2224 page_item_has_children\"><a href=\"https:\/\/fbucanada.com\/en\/espace-membre\/communication-cci\/\">(Fran\u00e7ais) Communication (CCI)<\/a>\n\t<ul class='children'>\n\t\t<li class=\"page_item page-item-10520\"><a href=\"https:\/\/fbucanada.com\/en\/espace-membre\/communication-cci\/reseaux-sociaux\/\">(Fran\u00e7ais) R\u00e9seaux Sociaux Canada<\/a><\/li>\n\t\t<li class=\"page_item page-item-10525\"><a href=\"https:\/\/fbucanada.com\/en\/espace-membre\/communication-cci\/statistiques\/\">(Fran\u00e7ais) Statistiques<\/a><\/li>\n\t\t<li class=\"page_item page-item-10528\"><a href=\"https:\/\/fbucanada.com\/en\/espace-membre\/communication-cci\/reseaux-sociaux-internationaux\/\">(Fran\u00e7ais) R\u00e9seaux Sociaux Internationaux<\/a><\/li>\n\t\t<li class=\"page_item page-item-10532\"><a href=\"https:\/\/fbucanada.com\/en\/espace-membre\/communication-cci\/nouvelles-et-projets\/\">(Fran\u00e7ais) Nouvelles et Projets<\/a><\/li>\n\t<\/ul>\n<\/li>\n\t<li class=\"page_item page-item-2220 page_item_has_children\"><a href=\"https:\/\/fbucanada.com\/en\/espace-membre\/famille\/\">(Fran\u00e7ais) Famille<\/a>\n\t<ul class='children'>\n\t\t<li class=\"page_item page-item-2903\"><a href=\"https:\/\/fbucanada.com\/en\/espace-membre\/famille\/messages\/\">Messages<\/a><\/li>\n\t\t<li class=\"page_item page-item-2177\"><a href=\"https:\/\/fbucanada.com\/en\/espace-membre\/famille\/parents\/\">(Fran\u00e7ais) Parents<\/a><\/li>\n\t<\/ul>\n<\/li>\n\t<li class=\"page_item page-item-2216 page_item_has_children\"><a href=\"https:\/\/fbucanada.com\/en\/espace-membre\/introduction\/\">(Fran\u00e7ais) Introduction<\/a>\n\t<ul class='children'>\n\t\t<li class=\"page_item page-item-3091\"><a href=\"https:\/\/fbucanada.com\/en\/espace-membre\/introduction\/mot-du-president\/\">(Fran\u00e7ais) Mot du Pr\u00e9sident<\/a><\/li>\n\t<\/ul>\n<\/li>\n\t<li class=\"page_item page-item-2222 page_item_has_children\"><a href=\"https:\/\/fbucanada.com\/en\/espace-membre\/musique-3\/\">(Fran\u00e7ais) Musique<\/a>\n\t<ul class='children'>\n\t\t<li class=\"page_item page-item-2185 page_item_has_children\"><a href=\"https:\/\/fbucanada.com\/en\/espace-membre\/musique-3\/chorale\/\">(Fran\u00e7ais) Chorale<\/a>\n\t\t<ul class='children'>\n\t\t\t<li class=\"page_item page-item-11544\"><a href=\"https:\/\/fbucanada.com\/en\/espace-membre\/musique-3\/chorale\/chant-la-bonne-priere\/\">(Fran\u00e7ais) La Bonne Pri\u00e8re<\/a><\/li>\n\t\t\t<li class=\"page_item page-item-12100\"><a href=\"https:\/\/fbucanada.com\/en\/espace-membre\/musique-3\/chorale\/nouveau-livre-bleu\/\">(Fran\u00e7ais) Nouveau livre bleu<\/a><\/li>\n\t\t\t<li class=\"page_item page-item-2195\"><a href=\"https:\/\/fbucanada.com\/en\/espace-membre\/musique-3\/chorale\/liste-des-chants-fbu-reunions-fraternelles\/\">(Fran\u00e7ais) Liste des chants FBU (r\u00e9unions fraternelles)<\/a><\/li>\n\t\t\t<li class=\"page_item page-item-2197\"><a href=\"https:\/\/fbucanada.com\/en\/espace-membre\/musique-3\/chorale\/horaire-des-repetitions-a-blagoslovenie\/\">(Fran\u00e7ais) Horaire des r\u00e9p\u00e9titions<\/a><\/li>\n\t\t\t<li class=\"page_item page-item-2199\"><a href=\"https:\/\/fbucanada.com\/en\/espace-membre\/musique-3\/chorale\/chants-fbu-fichiers-dapprentissage\/\">(Fran\u00e7ais) Chants FBU   Fichiers d&#8217;apprentissage<\/a><\/li>\n\t\t\t<li class=\"page_item page-item-2201\"><a href=\"https:\/\/fbucanada.com\/en\/espace-membre\/musique-3\/chorale\/repertoire\/\">(Fran\u00e7ais) R\u00e9pertoire<\/a><\/li>\n\t\t\t<li class=\"page_item page-item-4864\"><a href=\"https:\/\/fbucanada.com\/en\/espace-membre\/musique-3\/chorale\/traductions\/\">(Fran\u00e7ais) Traductions<\/a><\/li>\n\t\t\t<li class=\"page_item page-item-7992\"><a href=\"https:\/\/fbucanada.com\/en\/espace-membre\/musique-3\/chorale\/informations\/\">(Fran\u00e7ais) Informations<\/a><\/li>\n\t\t<\/ul>\n<\/li>\n\t\t<li class=\"page_item page-item-10869\"><a href=\"https:\/\/fbucanada.com\/en\/espace-membre\/musique-3\/paneurythmie\/\">(Fran\u00e7ais) Paneurythmie<\/a><\/li>\n\t\t<li class=\"page_item page-item-2187\"><a href=\"https:\/\/fbucanada.com\/en\/espace-membre\/musique-3\/instruments\/\">(Fran\u00e7ais) Instruments<\/a><\/li>\n\t\t<li class=\"page_item page-item-2189\"><a href=\"https:\/\/fbucanada.com\/en\/espace-membre\/musique-3\/jeunesse\/\">Jeunesse<\/a><\/li>\n\t\t<li class=\"page_item page-item-2191 page_item_has_children\"><a href=\"https:\/\/fbucanada.com\/en\/espace-membre\/musique-3\/international\/\">International<\/a>\n\t\t<ul class='children'>\n\t\t\t<li class=\"page_item page-item-9314\"><a href=\"https:\/\/fbucanada.com\/en\/espace-membre\/musique-3\/international\/commision-de-la-musique\/\">(Fran\u00e7ais) Commision de la musique<\/a><\/li>\n\t\t\t<li class=\"page_item page-item-9317\"><a href=\"https:\/\/fbucanada.com\/en\/espace-membre\/musique-3\/international\/chorale-videlina\/\">(Fran\u00e7ais) Chorale Videlina<\/a><\/li>\n\t\t<\/ul>\n<\/li>\n\t<\/ul>\n<\/li>\n\t<li class=\"page_item page-item-2228 page_item_has_children\"><a href=\"https:\/\/fbucanada.com\/en\/espace-membre\/vos-creations\/\">(Fran\u00e7ais) Nouveau \u00e0 venir<\/a>\n\t<ul class='children'>\n\t\t<li class=\"page_item page-item-2271\"><a href=\"https:\/\/fbucanada.com\/en\/espace-membre\/vos-creations\/nicolas-e\/\">(Fran\u00e7ais) Jeunesse<\/a><\/li>\n\t<\/ul>\n<\/li>\n<\/ul>\n<\/li>\n<li class=\"page_item page-item-193\"><a href=\"https:\/\/fbucanada.com\/en\/fraternites-dans-le-monde\/\">Brotherhood association throught the world<\/a><\/li>\n<li class=\"page_item page-item-1844\"><a href=\"https:\/\/fbucanada.com\/en\/la-pensee-du-jour\/\">The thought of the day<\/a><\/li>\n<li class=\"page_item page-item-201\"><a href=\"https:\/\/fbucanada.com\/en\/liens\/\">Links<\/a><\/li>\n<li class=\"page_item page-item-231\"><a href=\"https:\/\/fbucanada.com\/en\/nous-joindre\/\">Contact Us<\/a><\/li>\n<li class=\"page_item page-item-3740\"><a href=\"https:\/\/fbucanada.com\/en\/sitemap\/\">Site Map<\/a><\/li>\n<li class=\"page_item page-item-11350\"><a href=\"https:\/\/fbucanada.com\/en\/politique-de-confidentialite\/\">Privacy Policy<\/a><\/li>\n<li class=\"page_item page-item-2723\"><a href=\"https:\/\/fbucanada.com\/en\/temoignages-2\/\">Testimonials<\/a><\/li>\n<li class=\"page_item page-item-3499\"><a href=\"https:\/\/fbucanada.com\/en\/faq\/\">FAQ<\/a><\/li>\n<li class=\"page_item page-item-2986 page_item_has_children\"><a href=\"https:\/\/fbucanada.com\/en\/membership-join\/\">Join Us<\/a>\n<ul class='children'>\n\t<li class=\"page_item page-item-2988\"><a href=\"https:\/\/fbucanada.com\/en\/membership-join\/membership-registration\/\">Registration<\/a><\/li>\n\t<li class=\"page_item page-item-4782\"><a href=\"https:\/\/fbucanada.com\/en\/membership-join\/membership-registration-2\/\">Registration<\/a><\/li>\n<\/ul>\n<\/li>\n<li class=\"page_item page-item-2989 page_item_has_children\"><a href=\"https:\/\/fbucanada.com\/en\/membership-login\/\">Member Login<\/a>\n<ul class='children'>\n\t<li class=\"page_item page-item-2992\"><a href=\"https:\/\/fbucanada.com\/en\/membership-login\/password-reset\/\">Password Reset<\/a><\/li>\n\t<li class=\"page_item page-item-4784\"><a href=\"https:\/\/fbucanada.com\/en\/membership-login\/password-reset-2\/\">Password Reset<\/a><\/li>\n\t<li class=\"page_item page-item-2991\"><a href=\"https:\/\/fbucanada.com\/en\/membership-login\/membership-profile\/\">Profile<\/a><\/li>\n\t<li class=\"page_item page-item-4783\"><a href=\"https:\/\/fbucanada.com\/en\/membership-login\/membership-profile-2\/\">Profile<\/a><\/li>\n<\/ul>\n<\/li>\n<li class=\"page_item page-item-504\"><a href=\"https:\/\/fbucanada.com\/en\/precision-sur-le-nom-et-sur-le-logo\/\">Pr\u00e9cision sur le nom et sur le logo<\/a><\/li>\n<li class=\"page_item page-item-87\"><a href=\"https:\/\/fbucanada.com\/en\/fraternite-blanche-universelle\/\">Fraternit\u00e9 Blanche Universelle<\/a><\/li>\n<li class=\"page_item page-item-34 page_item_has_children\"><a href=\"https:\/\/fbucanada.com\/en\/omraam-mikhael-aivanhov\/\">OMRAAM MIKHA\u00cbL A\u00cfVANHOV<\/a>\n<ul class='children'>\n\t<li class=\"page_item page-item-138\"><a href=\"https:\/\/fbucanada.com\/en\/omraam-mikhael-aivanhov\/omraam-mikhael-aivanhov\/\">Omraam Mikha\u00ebl A\u00efvanhov<\/a><\/li>\n\t<li class=\"page_item page-item-154\"><a href=\"https:\/\/fbucanada.com\/en\/omraam-mikhael-aivanhov\/quest-ce-quun-maitre-spirituel\/\">What is a spiritual Master?<\/a><\/li>\n\t<li class=\"page_item page-item-156\"><a href=\"https:\/\/fbucanada.com\/en\/omraam-mikhael-aivanhov\/photos-videos\/\">Photographs and videos<\/a><\/li>\n<\/ul>\n<\/li>\n<li class=\"page_item page-item-43 page_item_has_children\"><a href=\"https:\/\/fbucanada.com\/en\/lenseignement\/\">The Teaching<\/a>\n<ul class='children'>\n\t<li class=\"page_item page-item-158\"><a href=\"https:\/\/fbucanada.com\/en\/lenseignement\/introduction\/\">Introduction<\/a><\/li>\n\t<li class=\"page_item page-item-160\"><a href=\"https:\/\/fbucanada.com\/en\/lenseignement\/le-yoga-du-soleil\/\">The Yoga of the Sun<\/a><\/li>\n\t<li class=\"page_item page-item-162\"><a href=\"https:\/\/fbucanada.com\/en\/lenseignement\/le-yoga-de-la-nutrition\/\">Yoga of Nutrition<\/a><\/li>\n\t<li class=\"page_item page-item-164\"><a href=\"https:\/\/fbucanada.com\/en\/lenseignement\/le-travail-spirituel\/\">Spiritual work<\/a><\/li>\n\t<li class=\"page_item page-item-166\"><a href=\"https:\/\/fbucanada.com\/en\/lenseignement\/meditation\/\">Meditation<\/a><\/li>\n\t<li class=\"page_item page-item-168\"><a href=\"https:\/\/fbucanada.com\/en\/lenseignement\/priere\/\">Prayer<\/a><\/li>\n\t<li class=\"page_item page-item-170\"><a href=\"https:\/\/fbucanada.com\/en\/lenseignement\/naissance-mort-reincarnation\/\">Birth, Death and Reincarnation<\/a><\/li>\n\t<li class=\"page_item page-item-172\"><a href=\"https:\/\/fbucanada.com\/en\/lenseignement\/le-role-de-la-mere-la-maternite\/\">The Role of the Mother during Pregnancy<\/a><\/li>\n\t<li class=\"page_item page-item-174\"><a href=\"https:\/\/fbucanada.com\/en\/lenseignement\/amour-et-sexualite\/\">Love and Sexuality<\/a><\/li>\n\t<li class=\"page_item page-item-176\"><a href=\"https:\/\/fbucanada.com\/en\/lenseignement\/les-deux-natures-de-lhumain\/\">The two Natures of the Human Being<\/a><\/li>\n\t<li class=\"page_item page-item-178\"><a href=\"https:\/\/fbucanada.com\/en\/lenseignement\/la-musique\/\">Music<\/a><\/li>\n<\/ul>\n<\/li>\n<li class=\"page_item page-item-45 page_item_has_children\"><a href=\"https:\/\/fbucanada.com\/en\/lassociation\/\">The Association<\/a>\n<ul class='children'>\n\t<li class=\"page_item page-item-181\"><a href=\"https:\/\/fbucanada.com\/en\/lassociation\/but\/\">Purpose<\/a><\/li>\n\t<li class=\"page_item page-item-183\"><a href=\"https:\/\/fbucanada.com\/en\/lassociation\/historique\/\">History<\/a><\/li>\n\t<li class=\"page_item page-item-185\"><a href=\"https:\/\/fbucanada.com\/en\/lassociation\/blagoslovenie\/\">Blagoslov\u00e9ni\u00e9<\/a><\/li>\n\t<li class=\"page_item page-item-11044\"><a href=\"https:\/\/fbucanada.com\/en\/lassociation\/congres-2023\/\">2023 Congress<\/a><\/li>\n\t<li class=\"page_item page-item-187\"><a href=\"https:\/\/fbucanada.com\/en\/lassociation\/activites\/\">Activities<\/a><\/li>\n\t<li class=\"page_item page-item-11518\"><a href=\"https:\/\/fbucanada.com\/en\/lassociation\/pour-les-membres-fbu\/\">For UWB members<\/a><\/li>\n\t<li class=\"page_item page-item-233\"><a href=\"https:\/\/fbucanada.com\/en\/lassociation\/english-itineraire\/\">Directions<\/a><\/li>\n\t<li class=\"page_item page-item-189\"><a href=\"https:\/\/fbucanada.com\/en\/lassociation\/visite-virtuelle\/\">Virtual tour<\/a><\/li>\n\t<li class=\"page_item page-item-191\"><a href=\"https:\/\/fbucanada.com\/en\/lassociation\/centres-fraternels\/\">Brotherhood Centers<\/a><\/li>\n\t<li class=\"page_item page-item-4484\"><a href=\"https:\/\/fbucanada.com\/en\/lassociation\/infolettres\/\">Newsletters<\/a><\/li>\n<\/ul>\n<\/li>\n<li class=\"page_item page-item-48\"><a href=\"https:\/\/fbucanada.com\/en\/blog\/\">Blog<\/a><\/li>\n<li class=\"page_item page-item-3860\"><a href=\"https:\/\/fbucanada.com\/en\/recherche\/\">Search<\/a><\/li>\n\n<\/ul>\n","protected":false},"excerpt":{"rendered":"","protected":false},"author":5,"featured_media":0,"parent":0,"menu_order":0,"comment_status":"closed","ping_status":"closed","template":"page-fullwidth.php","meta":{"footnotes":""},"yoast_head":"<!-- This site is optimized with the Yoast SEO plugin v21.2 - https:\/\/yoast.com\/wordpress\/plugins\/seo\/ -->\n<title>Site Map - Fraternit\u00e9 Blanche Universelle<\/title>\n<meta name=\"robots\" content=\"index, follow, max-snippet:-1, max-image-preview:large, max-video-preview:-1\" \/>\n<link rel=\"canonical\" href=\"https:\/\/fbucanada.com\/sitemap\/\" \/>\n<meta property=\"og:locale\" content=\"en_US\" \/>\n<meta property=\"og:type\" content=\"article\" \/>\n<meta property=\"og:title\" content=\"[:fr]Plan du site[:en]Site Map[:] - Fraternit\u00e9 Blanche Universelle\" \/>\n<meta property=\"og:url\" content=\"https:\/\/fbucanada.com\/sitemap\/\" \/>\n<meta property=\"og:site_name\" content=\"Fraternit\u00e9 Blanche Universelle\" \/>\n<meta property=\"article:modified_time\" content=\"2016-02-23T18:18:11+00:00\" \/>\n<meta property=\"og:image\" content=\"https:\/\/fbucanada.com\/wp-content\/uploads\/2015\/11\/header.png\" \/>\n\t<meta property=\"og:image:width\" content=\"1452\" \/>\n\t<meta property=\"og:image:height\" content=\"492\" \/>\n\t<meta property=\"og:image:type\" content=\"image\/png\" \/>\n<meta name=\"twitter:card\" content=\"summary_large_image\" \/>\n<script type=\"application\/ld+json\" class=\"yoast-schema-graph\">{\"@context\":\"https:\/\/schema.org\",\"@graph\":[{\"@type\":\"WebPage\",\"@id\":\"https:\/\/fbucanada.com\/sitemap\/\",\"url\":\"https:\/\/fbucanada.com\/sitemap\/\",\"name\":\"[:fr]Plan du site[:en]Site Map[:] - Fraternit\u00e9 Blanche Universelle\",\"isPartOf\":{\"@id\":\"https:\/\/fbucanada.com\/#website\"},\"datePublished\":\"2016-02-23T17:19:36+00:00\",\"dateModified\":\"2016-02-23T18:18:11+00:00\",\"breadcrumb\":{\"@id\":\"https:\/\/fbucanada.com\/sitemap\/#breadcrumb\"},\"inLanguage\":\"en-US\",\"potentialAction\":[{\"@type\":\"ReadAction\",\"target\":[\"https:\/\/fbucanada.com\/sitemap\/\"]}]},{\"@type\":\"BreadcrumbList\",\"@id\":\"https:\/\/fbucanada.com\/sitemap\/#breadcrumb\",\"itemListElement\":[{\"@type\":\"ListItem\",\"position\":1,\"name\":\"Accueil\",\"item\":\"https:\/\/fbucanada.com\/\"},{\"@type\":\"ListItem\",\"position\":2,\"name\":\"Plan du site\"}]},{\"@type\":\"WebSite\",\"@id\":\"https:\/\/fbucanada.com\/#website\",\"url\":\"https:\/\/fbucanada.com\/\",\"name\":\"Fraternit\u00e9 Blanche Universelle\",\"description\":\"\",\"potentialAction\":[{\"@type\":\"SearchAction\",\"target\":{\"@type\":\"EntryPoint\",\"urlTemplate\":\"https:\/\/fbucanada.com\/?s={search_term_string}\"},\"query-input\":\"required name=search_term_string\"}],\"inLanguage\":\"en-US\"}]}<\/script>\n<!-- \/ Yoast SEO plugin. -->","yoast_head_json":{"title":"[:fr]Plan du site[:en]Site Map[:] - Fraternit\u00e9 Blanche Universelle","robots":{"index":"index","follow":"follow","max-snippet":"max-snippet:-1","max-image-preview":"max-image-preview:large","max-video-preview":"max-video-preview:-1"},"canonical":"https:\/\/fbucanada.com\/sitemap\/","og_locale":"en_US","og_type":"article","og_title":"[:fr]Plan du site[:en]Site Map[:] - Fraternit\u00e9 Blanche Universelle","og_url":"https:\/\/fbucanada.com\/sitemap\/","og_site_name":"Fraternit\u00e9 Blanche Universelle","article_modified_time":"2016-02-23T18:18:11+00:00","og_image":[{"width":1452,"height":492,"url":"https:\/\/fbucanada.com\/wp-content\/uploads\/2015\/11\/header.png","type":"image\/png"}],"twitter_card":"summary_large_image","schema":{"@context":"https:\/\/schema.org","@graph":[{"@type":"WebPage","@id":"https:\/\/fbucanada.com\/sitemap\/","url":"https:\/\/fbucanada.com\/sitemap\/","name":"[:fr]Plan du site[:en]Site Map[:] - Fraternit\u00e9 Blanche Universelle","isPartOf":{"@id":"https:\/\/fbucanada.com\/#website"},"datePublished":"2016-02-23T17:19:36+00:00","dateModified":"2016-02-23T18:18:11+00:00","breadcrumb":{"@id":"https:\/\/fbucanada.com\/sitemap\/#breadcrumb"},"inLanguage":"en-US","potentialAction":[{"@type":"ReadAction","target":["https:\/\/fbucanada.com\/sitemap\/"]}]},{"@type":"BreadcrumbList","@id":"https:\/\/fbucanada.com\/sitemap\/#breadcrumb","itemListElement":[{"@type":"ListItem","position":1,"name":"Accueil","item":"https:\/\/fbucanada.com\/"},{"@type":"ListItem","position":2,"name":"Plan du site"}]},{"@type":"WebSite","@id":"https:\/\/fbucanada.com\/#website","url":"https:\/\/fbucanada.com\/","name":"Fraternit\u00e9 Blanche Universelle","description":"","potentialAction":[{"@type":"SearchAction","target":{"@type":"EntryPoint","urlTemplate":"https:\/\/fbucanada.com\/?s={search_term_string}"},"query-input":"required name=search_term_string"}],"inLanguage":"en-US"}]}},"_links":{"self":[{"href":"https:\/\/fbucanada.com\/en\/wp-json\/wp\/v2\/pages\/3740"}],"collection":[{"href":"https:\/\/fbucanada.com\/en\/wp-json\/wp\/v2\/pages"}],"about":[{"href":"https:\/\/fbucanada.com\/en\/wp-json\/wp\/v2\/types\/page"}],"author":[{"embeddable":true,"href":"https:\/\/fbucanada.com\/en\/wp-json\/wp\/v2\/users\/5"}],"replies":[{"embeddable":true,"href":"https:\/\/fbucanada.com\/en\/wp-json\/wp\/v2\/comments?post=3740"}],"version-history":[{"count":5,"href":"https:\/\/fbucanada.com\/en\/wp-json\/wp\/v2\/pages\/3740\/revisions"}],"predecessor-version":[{"id":3746,"href":"https:\/\/fbucanada.com\/en\/wp-json\/wp\/v2\/pages\/3740\/revisions\/3746"}],"wp:attachment":[{"href":"https:\/\/fbucanada.com\/en\/wp-json\/wp\/v2\/media?parent=3740"}],"curies":[{"name":"wp","href":"https:\/\/api.w.org\/{rel}","templated":true}]}}