{"id":8,"date":"2015-10-23T20:08:20","date_gmt":"2015-10-23T19:08:20","guid":{"rendered":"http:\/\/fbucanada.com\/?page_id=8"},"modified":"2023-11-19T02:22:49","modified_gmt":"2023-11-19T07:22:49","slug":"accueil","status":"publish","type":"page","link":"https:\/\/fbucanada.com\/en\/","title":{"rendered":"Home"},"content":{"rendered":"<div class=\"row\">\n<div class=\"ncol-12\">\n<h1 style=\"text-align: center;\">What is The Universal White Brotherhood?<\/h1>\n<p style=\"text-align: center;\">\u2018And when I speak of the Universal White Brotherhood, I mean all those who work for the light, whatever their religious or spiritual affiliation. All who work for the good are members of the Universal White Brotherhood, and it is they who will purify the earth.\u2019\u00a0<a href=\"http:\/\/fbucanada.com\/omraam-mikhael-aivanhov\/omraam-mikhael-aivanhov\/\" target=\"_blank\" rel=\"noopener noreferrer\">O.M.A.<\/a><\/p>\n<div class=\"row\">\n<div class=\"ncol-4\">\n<h3 style=\"text-align: center;\"><img decoding=\"async\" loading=\"lazy\" class=\"alignleft size-full wp-image-1074\" src=\"http:\/\/fbucanada.com\/wp-content\/uploads\/2015\/10\/pd.png\" alt=\"pd\" width=\"373\" height=\"264\" srcset=\"https:\/\/fbucanada.com\/wp-content\/uploads\/2015\/10\/pd.png 373w, https:\/\/fbucanada.com\/wp-content\/uploads\/2015\/10\/pd-300x212.png 300w\" sizes=\"(max-width: 373px) 100vw, 373px\" \/><span style=\"font-size: 16px;\"><strong><a style=\"text-transform: uppercase;\" href=\"\/fraternite-blanche-universelle\">Universal White Brotherhood<\/a><\/strong><\/span><\/h3>\n<h3 style=\"text-align: center;\"><span style=\"font-size: 12pt;\">ORIGIN<\/span><\/h3>\n<hr \/><\/div>\n<div class=\"ncol-4\">\n<h3 style=\"text-align: center;\"><img decoding=\"async\" loading=\"lazy\" class=\"alignleft size-full wp-image-1073\" src=\"http:\/\/fbucanada.com\/wp-content\/uploads\/2015\/10\/oma.png\" alt=\"oma\" width=\"369\" height=\"264\" srcset=\"https:\/\/fbucanada.com\/wp-content\/uploads\/2015\/10\/oma.png 369w, https:\/\/fbucanada.com\/wp-content\/uploads\/2015\/10\/oma-300x215.png 300w\" sizes=\"(max-width: 369px) 100vw, 369px\" \/><span style=\"font-size: 16px;\"><strong><a href=\"\/omraam-mikhael-aivanhov\/omraam-mikhael-aivanhov\/\">OMRAAM MIKHA\u00cbL A\u00cfVANHOV<\/a><\/strong><\/span><\/h3>\n<h3 style=\"text-align: center;\"><span style=\"font-size: 12pt; text-transfrom: uppercase;\">Philosopher - Pedagogue<\/span><\/h3>\n<hr \/><\/div>\n<div class=\"ncol-4\">\n<h3 style=\"text-align: center;\"><img decoding=\"async\" loading=\"lazy\" class=\"alignleft size-full wp-image-1072\" src=\"http:\/\/fbucanada.com\/wp-content\/uploads\/2015\/10\/Blago.png\" alt=\"Blago\" width=\"369\" height=\"264\" srcset=\"https:\/\/fbucanada.com\/wp-content\/uploads\/2015\/10\/Blago.png 369w, https:\/\/fbucanada.com\/wp-content\/uploads\/2015\/10\/Blago-300x215.png 300w\" sizes=\"(max-width: 369px) 100vw, 369px\" \/><span style=\"font-size: 16px;\"><strong><a href=\"\/lassociation\/blagoslovenie\/\">DOMAINE BLAGOSLOV\u00c9NI\u00c9<\/a><\/strong><\/span><\/h3>\n<h3 style=\"text-align: center;\"><span style=\"font-size: 12pt; text-transfrom: uppercase;\">Canadian Association<\/span><\/h3>\n<hr \/><\/div>\n<\/p><\/div>\n<\/p><\/div>\n<\/div>\n<p>&nbsp;<\/p>\n<div class=\"ncol-12\" style=\"margin-left: 0px;\">\n<h1 style=\"text-align: center; position: relative; bottom: 30px;\">Presentation<\/h1>\n<\/div>\n<div class=\"row\">\n<div class=\"ncol-6\">\n<div class=\"ncol-8\">\n<h4 style=\"text-align: left;\"><a href=\"\/precision-sur-le-nom-et-sur-le-logo\/\">Explanation of The Name and The Logo<\/a><\/h4>\n<p style=\"text-align: justify;\">It is important to clarify the meaning of the word \u00ab white \u00bb, which must be understood symbolically and unrelated to the skin color of any race...<\/p>\n<\/p><\/div>\n<div class=\"ncol-4\">\n\t\t\t<img decoding=\"async\" loading=\"lazy\" class=\"alignleft size-full wp-image-1067\" src=\"http:\/\/fbucanada.com\/wp-content\/uploads\/2015\/10\/soleil-icone.png\" alt=\"soleil-icone\" width=\"168\" height=\"88\" \/>\n\t\t<\/div>\n<div class=\"ncol-8\">\n<h4 style=\"text-align: left;\"><a href=\"\/omraam-mikhael-aivanhov\/quest-ce-quun-maitre-spirituel\/\">What is a Spiritual Master?<\/a><\/h4>\n<p style=\"text-align: justify;\">True teachers must manifest in daily life the philosophy they teach. But above all, they must possess an exceptional quality\u00a0: selflessness.<\/p>\n<\/p><\/div>\n<div class=\"ncol-4\">\n\t\t\t<img decoding=\"async\" loading=\"lazy\" class=\"alignleft size-full wp-image-1063\" style=\"position: relative; bottom: 15px;\" src=\"http:\/\/fbucanada.com\/wp-content\/uploads\/2015\/10\/Fleur-1-icone.png\" alt=\"Fleur-1-icone\" width=\"135\" height=\"130\" \/>\n\t\t<\/div>\n<div class=\"ncol-8\">\n<h4 style=\"text-align: left;\"><a href=\"\/omraam-mikhael-aivanhov\/photos-videos\/\">Photographs and videos<\/a><\/h4>\n<p style=\"text-align: justify;\">Enjoy these magnificent images of Omraam Mikha\u00ebl A\u00efvanhov. We hope the themes treated in these vid\u00e9o extracts will help you in your research and your spiritual development.<\/p>\n<\/p><\/div>\n<div class=\"ncol-4\">\n\t\t\t<img decoding=\"async\" loading=\"lazy\" class=\"alignleft size-full wp-image-1065\" src=\"http:\/\/fbucanada.com\/wp-content\/uploads\/2015\/10\/lotus-icone.png\" alt=\"lotus-icone\" width=\"129\" height=\"82\" \/>\n\t\t<\/div>\n<\/p><\/div>\n<div class=\"ncol-6\">\n<div class=\"ncol-8\">\n<h4 style=\"text-align: left;\"><a href=\"\/lassociation\/but\/\">Purpose of The Association<\/a><\/h4>\n<p style=\"text-align: justify;\">The Universal White Brotherhood of Canada is a non-profit organization dedicated to the study, dissemination and daily practice of the teaching of Omraam Mikha\u00ebl A\u00efvanhov.<\/p>\n<\/p><\/div>\n<div class=\"ncol-4\">\n\t\t\t<img decoding=\"async\" loading=\"lazy\" class=\"alignleft size-full wp-image-1062\" style=\"position: relative; bottom: 12px;\" src=\"http:\/\/fbucanada.com\/wp-content\/uploads\/2015\/10\/boule-icone.png\" alt=\"boule-icone\" width=\"172\" height=\"119\" \/>\n\t\t<\/div>\n<div class=\"ncol-8\">\n<h4><a href=\"\/lassociation\/historique\/\">History<\/a><\/h4>\n<p style=\"text-align: justify;\">The history of the Canadian brotherhood dates back to the 1970s, when a group of people wished to study in depth the spiritual teaching of the Master Omraam Mikha\u00ebl A\u00efvanhov.<\/p>\n<\/p><\/div>\n<div class=\"ncol-4\">\n\t\t\t<img decoding=\"async\" loading=\"lazy\" class=\"alignleft size-full wp-image-1064\" style=\"max-width: none !important;\" src=\"http:\/\/fbucanada.com\/wp-content\/uploads\/2015\/10\/fleur-2-icone.png\" alt=\"fleur-2-icone\" width=\"184\" height=\"93\" srcset=\"https:\/\/fbucanada.com\/wp-content\/uploads\/2015\/10\/fleur-2-icone.png 184w, https:\/\/fbucanada.com\/wp-content\/uploads\/2015\/10\/fleur-2-icone-100x50.png 100w\" sizes=\"(max-width: 184px) 100vw, 184px\" \/>\n\t\t<\/div>\n<div class=\"ncol-8\">\n<h4 style=\"text-align: left;\"><a href=\"\/lassociation\/visite-virtuelle\/\">Virtual Tour<\/a><\/h4>\n<p style=\"text-align: justify;\">We invite you to a visual tour of the Domaine Blagoslov\u00e9ni\u00e9, center of the Canadian association of the Universal White Brotherhood.<\/p>\n<\/div>\n<div class=\"ncol-4\">\n<img decoding=\"async\" loading=\"lazy\" class=\"alignleft size-full wp-image-1066\" style=\"position: relative; bottom: 23px;\" src=\"http:\/\/fbucanada.com\/wp-content\/uploads\/2015\/10\/papillon-icone.png\" alt=\"papillon-icone\" width=\"193\" height=\"154\" \/><\/p><\/div>\n<\/p><\/div>\n<div class=\"ncol-12\" style=\"text-align:center;\">\n<div id=\"thought-btn\"><a class=\"btn-fbu\" href=\"\/la-pensee-du-jour\/\">THOUGHT OF THE DAY<\/a><\/div>\n<\/div>\n<\/div>\n<\/div>\n<\/div>\n<\/div>\n<\/div>\n<\/div>\n<div class=\"motopress-wrapper content-holder clearfix\" style=\"background-color: #ffeacd; margin-top: 50px;\">\n<div class=\"container\" style=\"background-color: #ffeacd;\">\n<div class=\"row\" style=\"margin-left: 0px;\">\n<div id=\"content\" class=\"row\">\n<div class=\"span12\" style=\"margin-left: 0px;\">\n<h2 style=\"text-align: center; font-size: 28px !important;\">The Development of One\u2019s Spiritual Nature<\/h2>\n<div class=\"row\">\n<div class=\"ncol-5\">\n<h5><span style=\"font-size: 22px;\">Brotherhood associations throughout the world<\/span><\/h5>\n<div class=\"row\">\n<div class=\"ncol-4\">\n\t\t\t\t<img decoding=\"async\" loading=\"lazy\" class=\"size-full wp-image-455\" style=\"margin-left: auto; margin-right: auto; display: block;\" src=\"http:\/\/fbucanada.com\/wp-content\/uploads\/2015\/10\/terre.png\" alt=\"terre\" width=\"95\" height=\"95\" \/>\n\t\t\t<\/div>\n<div class=\"ncol-8\">\n<p style=\"margin-left: 20px; text-align: justify;\">Today the Master\u2019s teaching is studied in more than thirty countries, and his books have been translated into thirty-five languages.<\/p>\n<h6 style=\"margin-left: 22px;\"><a href=\"\/fraternites-dans-le-monde\/\">Brotherhood associations throughout the world<\/a><\/h6>\n<\/p><\/div>\n<\/p><\/div>\n<div class=\"row\">\n<div class=\"ncol-4\">\n\t\t\t\t<img decoding=\"async\" loading=\"lazy\" class=\"size-full wp-image-454\" style=\"margin-left: auto; margin-right: auto; display: block;\" src=\"http:\/\/fbucanada.com\/wp-content\/uploads\/2015\/10\/rose.png\" alt=\"rose\" width=\"81\" height=\"87\" \/>\n\t\t\t<\/div>\n<div class=\"ncol-8\">\n<p style=\"margin-left: 20px; text-align: justify;\">\"The whole world must exist as one family. All people on earth must come to know themselves as one family, without suffering, witout borders, without war. It is for this that I work.\"<\/p>\n<h6 style=\"margin-left: 20px;\"><a href=\"\/liens\/\">Links<\/a><\/h6>\n<\/p><\/div>\n<\/p><\/div>\n<\/p><\/div>\n<div class=\"ncol-7\">\n<h5><span style=\"font-size: 22px;\">The Themes Addressed<\/span><\/h5>\n<div class=\"row\">\n<div class=\"ncol-4\">\n<ul class=\"menu-themes\">\n<li class=\"page_item page-item-158\"><a href=\"http:\/\/fbucanada.com\/lenseignement\/introduction\/\">Introduction<\/a><\/li>\n<li class=\"page_item page-item-160\"><a href=\"http:\/\/fbucanada.com\/lenseignement\/le-yoga-du-soleil\/\">The Yoga of the Sun<\/a><\/li>\n<li class=\"page_item page-item-162\"><a href=\"http:\/\/fbucanada.com\/lenseignement\/le-yoga-de-la-nutrition\/\">The Yoga of Nutrition<\/a><\/li>\n<li class=\"page_item page-item-164\"><a href=\"http:\/\/fbucanada.com\/lenseignement\/le-travail-spirituel\/\">Spiritual Work<\/a><\/li>\n<li class=\"page_item page-item-166\"><a href=\"http:\/\/fbucanada.com\/lenseignement\/meditation\/\">Meditation<\/a><\/li>\n<li class=\"page_item page-item-170\"><a href=\"http:\/\/fbucanada.com\/lenseignement\/naissance-mort-reincarnation\/\">Birth, Death and Reincarnation<\/a><\/li>\n<li class=\"page_item page-item-168\"><a href=\"http:\/\/fbucanada.com\/lenseignement\/priere\/\">Prayer<\/a><\/li>\n<li class=\"page_item page-item-172\"><a href=\"http:\/\/fbucanada.com\/lenseignement\/le-role-de-la-mere-la-maternite\/\">The Role of the Mother During Pregnancy<\/a><\/li>\n<li class=\"page_item page-item-174\"><a href=\"http:\/\/fbucanada.com\/lenseignement\/amour-et-sexualite\/\">Love and Sexuality<\/a><\/li>\n<\/ul><\/div>\n<div class=\"ncol-4\">\n<ul class=\"menu-themes\">\n<li class=\"page_item page-item-195\"><a href=\"http:\/\/fbucanada.com\/autres-themes\/connais-toi-toi-meme\/\">Know Thyself<\/a><\/li>\n<li class=\"page_item page-item-176\"><a href=\"http:\/\/fbucanada.com\/lenseignement\/les-deux-natures-de-lhumain\/\">The Two Natures of the Human Being<\/a><\/li>\n<li class=\"page_item page-item-197\"><a href=\"http:\/\/fbucanada.com\/autres-themes\/la-puissance-de-la-pensee\/\">The Powers of Thought<\/a><\/li>\n<li class=\"page_item page-item-203\"><a href=\"http:\/\/fbucanada.com\/autres-themes\/le-pouvoir-de-limagination\/\">The Power of the Imagination<\/a><\/li>\n<li class=\"page_item page-item-205\"><a href=\"http:\/\/fbucanada.com\/autres-themes\/centres-et-corps-subtils\/\">Man\u2019s Psychic Life: Elements and Structures<\/a><\/li>\n<li class=\"page_item page-item-207\"><a href=\"http:\/\/fbucanada.com\/autres-themes\/les-lois-de-la-nature\/\">The Laws of Nature<\/a><\/li>\n<li class=\"page_item page-item-211\"><a href=\"http:\/\/fbucanada.com\/autres-themes\/comment-trouver-la-paix\/\">How to Find Peace<\/a><\/li>\n<li class=\"page_item page-item-213\"><a href=\"http:\/\/fbucanada.com\/autres-themes\/le-silence\/\">Silence<\/a><\/li>\n<li class=\"page_item page-item-209\"><a href=\"http:\/\/fbucanada.com\/autres-themes\/la-science-et-la-religion\/\">Science and Religion<\/a><\/li>\n<\/ul><\/div>\n<div class=\"ncol-4\">\n<ul class=\"menu-themes\">\n<li class=\"page_item page-item-215\"><a href=\"http:\/\/fbucanada.com\/autres-themes\/lart\/\">Art<\/a><\/li>\n<li class=\"page_item page-item-178\"><a href=\"http:\/\/fbucanada.com\/lenseignement\/la-musique\/\">Music<\/a><\/li>\n<li class=\"page_item page-item-217\"><a href=\"http:\/\/fbucanada.com\/autres-themes\/le-bonheur\/\">Happiness<\/a><\/li>\n<li class=\"page_item page-item-219\"><a href=\"http:\/\/fbucanada.com\/autres-themes\/le-pouvoir-du-mot-merci\/\">The Power of the Words 'Thank You'<\/a><\/li>\n<li class=\"page_item page-item-221\"><a href=\"http:\/\/fbucanada.com\/autres-themes\/harmonie-et-sante\/\">Harmony and Health<\/a><\/li>\n<li class=\"page_item page-item-223\"><a href=\"http:\/\/fbucanada.com\/autres-themes\/la-vraie-beaute\/\">True Beauty<\/a><\/li>\n<li class=\"page_item page-item-225\"><a href=\"http:\/\/fbucanada.com\/autres-themes\/english-lastrologie\/\">Astrology<\/a><\/li>\n<li class=\"page_item page-item-227\"><a href=\"http:\/\/fbucanada.com\/autres-themes\/english-la-magie\/\">Magic<\/a><\/li>\n<li class=\"page_item page-item-229\"><a href=\"http:\/\/fbucanada.com\/autres-themes\/english-laura\/\">The High Ideal<\/a><\/li>\n<\/ul><\/div>\n<\/p><\/div>\n<\/p><\/div>\n<\/div>\n<\/div>\n<\/div>\n<\/div>\n<\/div>\n<\/div>\n<div class=\"motopress-wrapper content-holder clearfix\" style=\"background-color: #fff5e7;\">\n<div class=\"container\" style=\"background-color: #fff5e7;\">\n<div class=\"row\" style=\"margin-left: 0px;\">\n<div id=\"content\" class=\"row\">\n<div class=\"span12\">\n<h2 style=\"text-align: center; font-size: 28px !important;\">TESTIMONIALS<\/h2>\n<div class=\"row\">\n<div class=\"ncol-2\">\n\t\t<a href=\"\/accueil\/stella-bellemin\/\"><\/p>\n<h6 style=\"text-align: center;\"><img decoding=\"async\" class=\"alignleft size-full wp-image-447\" src=\"http:\/\/fbucanada.com\/wp-content\/uploads\/2015\/10\/StellaBellemin.png\" alt=\"adamsmith\" width=\"auto\" height=\"181\" \/>Stella Bellemin<\/h6>\n<p><\/a>\n\t<\/div>\n<div class=\"ncol-2\">\n\t\t<a href=\"\/accueil\/romeo-paquin\/\"><\/p>\n<h6 style=\"text-align: center;\"><img decoding=\"async\" class=\"alignleft size-full wp-image-450\" src=\"http:\/\/fbucanada.com\/wp-content\/uploads\/2015\/10\/RomeoPaquin.png\" alt=\"nickharris\" width=\"auto\" height=\"181\" \/>Rom\u00e9o Paquin<\/h6>\n<p><\/a>\n\t<\/div>\n<div class=\"ncol-2\">\n\t\t<a href=\"\/accueil\/agnes-lejbowicz\/\"><\/p>\n<h6 style=\"text-align: center;\"><img decoding=\"async\" class=\"alignleft size-full wp-image-451\" src=\"http:\/\/fbucanada.com\/wp-content\/uploads\/2015\/10\/AgnesLejbowicz.png\" alt=\"sarabright\" width=\"auto\" height=\"181\" \/>Agn\u00e8s Lejbowicz<\/h6>\n<p><\/a>\n\t<\/div>\n<div class=\"ncol-2\">\n\t\t<a href=\"\/accueil\/michel-duchesneau-2\"><\/p>\n<h6 style=\"text-align: center;\"><img decoding=\"async\" class=\"alignleft size-full wp-image-449\" src=\"http:\/\/fbucanada.com\/wp-content\/uploads\/2015\/10\/michel-duchesneau.png\" alt=\"Michel Duchesneau\" width=\"auto\" height=\"181\" \/>Michel Duchesneau<\/h6>\n<p><\/a>\n\t<\/div>\n<div class=\"ncol-2\">\n\t\t<a href=\"\/accueil\/henriette-dufeu\/\"><\/p>\n<h6 style=\"text-align: center;\"><img decoding=\"async\" class=\"alignleft size-full wp-image-448\" src=\"http:\/\/fbucanada.com\/wp-content\/uploads\/2015\/10\/HenrietteDufeu.png\" alt=\"lauracruz\" width=\"auto\" height=\"181\" \/>Henriette Dufeu<\/h6>\n<p><\/a>\n\t<\/div>\n<div class=\"ncol-2\">\n\t\t<a href=\"\/accueil\/jacques-bogenez\/\"><\/p>\n<h6 style=\"text-align: center;\"><img decoding=\"async\" class=\"alignleft size-full wp-image-452\" src=\"http:\/\/fbucanada.com\/wp-content\/uploads\/2015\/10\/JacquesBogenez-1.png\" alt=\"victoriaalbert\" width=\"auto\" height=\"181\" \/>Jacques Bogenez<\/h6>\n<p><\/a>\n\t<\/div>\n<div class=\"row\">\n<div class=\"ncol-12\" style=\"text-align:center;\">\n<div id=\"testimonial-btn\"><a class=\"btn-fbu\" href=\"\/temoignages-2\/\">SEE ALL TESTIMONIALS<\/a><\/p>\n<p>&nbsp;<\/p>\n<\/div>\n<\/div>\n<p>&nbsp;<\/p>\n<\/div>\n<\/div>\n<\/div>\n<\/div>\n<\/div>\n<\/div>\n<div class=\"motopress-wrapper content-holder clearfix\" style=\"background-color: white; padding-bottom: 0px !important;\">\n<div class=\"container\" style=\"background-color: white;\">\n<div class=\"row\" style=\"margin-left: 0px;\">\n<div id=\"content\" class=\"row\">\n<div class=\"ncol-6\" style=\"border-right: 1px #B1B1B1 solid; width: 45%; padding-right: 2%;\">\n<h5><span style=\"font-size: 22px;\">Daily Meditation 22 February 2003<\/span><\/h5>\n<p style=\"text-align: justify !important;\">'To be happy, human beings must learn to work with their thoughts, feelings, imagination and will, in order to prepare in the invisible for a future world of peace, harmon and light. It is this work that will bring them plenitude, and whatever happens, they will always have this work. Upheavals in society may deprive them of their usual activities, but they can carry out this inner work wherever they are, even in the most difficult conditions, even in the other world.'<\/p>\n<\/div>\n<div class=\"ncol-6\">\n<h5><span style=\"font-size: 22px;\">Newsletter<\/span><\/h5>\n<p>Monthly Publication<\/p>\n<p><a href=\"https:\/\/fbucanada.us12.list-manage.com\/subscribe?u=64ae6a8a9428ef2eb45beaf62&id=d1d830f60c\" target=\"_blank\" class=\"btn-fbu\" rel=\"noopener noreferrer\">Subscribe<\/a><\/p>\n<\/div>\n<\/div>\n<\/div>\n<\/div>\n<\/div>","protected":false},"excerpt":{"rendered":"<p>What is The Universal White Brotherhood? \u2018And when I speak of the Universal White Brotherhood, I mean all those who work for the light, whatever their religious or spiritual affiliation. All who work for the good are members of the Universal White Brotherhood, and it is they who will purify the earth.\u2019\u00a0O.M.A. Universal White Brotherhood ORIGIN OMRAAM MIKHA\u00cbL A\u00cfVANHOV Philosopher&nbsp;<a href=\"https:\/\/fbucanada.com\/en\/\" class=\"read-more\">Continue Reading<\/a><\/p>\n","protected":false},"author":5,"featured_media":0,"parent":0,"menu_order":0,"comment_status":"closed","ping_status":"closed","template":"page-fullwidth.php","meta":{"footnotes":""},"yoast_head":"<!-- This site is optimized with the Yoast SEO plugin v21.2 - https:\/\/yoast.com\/wordpress\/plugins\/seo\/ -->\n<title>Home - Fraternit\u00e9 Blanche Universelle<\/title>\n<meta name=\"robots\" content=\"index, follow, max-snippet:-1, max-image-preview:large, max-video-preview:-1\" \/>\n<link rel=\"canonical\" href=\"https:\/\/fbucanada.com\/\" \/>\n<meta property=\"og:locale\" content=\"en_US\" \/>\n<meta property=\"og:type\" content=\"article\" \/>\n<meta property=\"og:title\" content=\"[:fr]Accueil[:en]Home[:] - Fraternit\u00e9 Blanche Universelle\" \/>\n<meta property=\"og:description\" content=\"What is The Universal White Brotherhood? \u2018And when I speak of the Universal White Brotherhood, I mean all those who work for the light, whatever their religious or spiritual affiliation. All who work for the good are members of the Universal White Brotherhood, and it is they who will purify the earth.\u2019\u00a0O.M.A. Universal White Brotherhood ORIGIN OMRAAM MIKHA\u00cbL A\u00cfVANHOV Philosopher&nbsp;Continue Reading\" \/>\n<meta property=\"og:url\" content=\"https:\/\/fbucanada.com\/\" \/>\n<meta property=\"og:site_name\" content=\"Fraternit\u00e9 Blanche Universelle\" \/>\n<meta property=\"article:modified_time\" content=\"2023-11-19T07:22:49+00:00\" \/>\n<meta property=\"og:image\" content=\"http:\/\/fbucanada.com\/wp-content\/uploads\/2015\/10\/pd.png\" \/>\n<meta name=\"twitter:card\" content=\"summary_large_image\" \/>\n<meta name=\"twitter:label1\" content=\"Est. reading time\" \/>\n\t<meta name=\"twitter:data1\" content=\"12 minutes\" \/>\n<script type=\"application\/ld+json\" class=\"yoast-schema-graph\">{\"@context\":\"https:\/\/schema.org\",\"@graph\":[{\"@type\":\"WebPage\",\"@id\":\"https:\/\/fbucanada.com\/\",\"url\":\"https:\/\/fbucanada.com\/\",\"name\":\"[:fr]Accueil[:en]Home[:] - Fraternit\u00e9 Blanche Universelle\",\"isPartOf\":{\"@id\":\"https:\/\/fbucanada.com\/#website\"},\"datePublished\":\"2015-10-23T19:08:20+00:00\",\"dateModified\":\"2023-11-19T07:22:49+00:00\",\"breadcrumb\":{\"@id\":\"https:\/\/fbucanada.com\/#breadcrumb\"},\"inLanguage\":\"en-US\",\"potentialAction\":[{\"@type\":\"ReadAction\",\"target\":[\"https:\/\/fbucanada.com\/\"]}]},{\"@type\":\"BreadcrumbList\",\"@id\":\"https:\/\/fbucanada.com\/#breadcrumb\",\"itemListElement\":[{\"@type\":\"ListItem\",\"position\":1,\"name\":\"Accueil\",\"item\":\"https:\/\/fbucanada.com\/\"},{\"@type\":\"ListItem\",\"position\":2,\"name\":\"Accueil\"}]},{\"@type\":\"WebSite\",\"@id\":\"https:\/\/fbucanada.com\/#website\",\"url\":\"https:\/\/fbucanada.com\/\",\"name\":\"Fraternit\u00e9 Blanche Universelle\",\"description\":\"\",\"potentialAction\":[{\"@type\":\"SearchAction\",\"target\":{\"@type\":\"EntryPoint\",\"urlTemplate\":\"https:\/\/fbucanada.com\/?s={search_term_string}\"},\"query-input\":\"required name=search_term_string\"}],\"inLanguage\":\"en-US\"}]}<\/script>\n<!-- \/ Yoast SEO plugin. -->","yoast_head_json":{"title":"[:fr]Accueil[:en]Home[:] - Fraternit\u00e9 Blanche Universelle","robots":{"index":"index","follow":"follow","max-snippet":"max-snippet:-1","max-image-preview":"max-image-preview:large","max-video-preview":"max-video-preview:-1"},"canonical":"https:\/\/fbucanada.com\/","og_locale":"en_US","og_type":"article","og_title":"[:fr]Accueil[:en]Home[:] - Fraternit\u00e9 Blanche Universelle","og_description":"What is The Universal White Brotherhood? \u2018And when I speak of the Universal White Brotherhood, I mean all those who work for the light, whatever their religious or spiritual affiliation. All who work for the good are members of the Universal White Brotherhood, and it is they who will purify the earth.\u2019\u00a0O.M.A. Universal White Brotherhood ORIGIN OMRAAM MIKHA\u00cbL A\u00cfVANHOV Philosopher&nbsp;Continue Reading","og_url":"https:\/\/fbucanada.com\/","og_site_name":"Fraternit\u00e9 Blanche Universelle","article_modified_time":"2023-11-19T07:22:49+00:00","og_image":[{"url":"http:\/\/fbucanada.com\/wp-content\/uploads\/2015\/10\/pd.png"}],"twitter_card":"summary_large_image","twitter_misc":{"Est. reading time":"12 minutes"},"schema":{"@context":"https:\/\/schema.org","@graph":[{"@type":"WebPage","@id":"https:\/\/fbucanada.com\/","url":"https:\/\/fbucanada.com\/","name":"[:fr]Accueil[:en]Home[:] - Fraternit\u00e9 Blanche Universelle","isPartOf":{"@id":"https:\/\/fbucanada.com\/#website"},"datePublished":"2015-10-23T19:08:20+00:00","dateModified":"2023-11-19T07:22:49+00:00","breadcrumb":{"@id":"https:\/\/fbucanada.com\/#breadcrumb"},"inLanguage":"en-US","potentialAction":[{"@type":"ReadAction","target":["https:\/\/fbucanada.com\/"]}]},{"@type":"BreadcrumbList","@id":"https:\/\/fbucanada.com\/#breadcrumb","itemListElement":[{"@type":"ListItem","position":1,"name":"Accueil","item":"https:\/\/fbucanada.com\/"},{"@type":"ListItem","position":2,"name":"Accueil"}]},{"@type":"WebSite","@id":"https:\/\/fbucanada.com\/#website","url":"https:\/\/fbucanada.com\/","name":"Fraternit\u00e9 Blanche Universelle","description":"","potentialAction":[{"@type":"SearchAction","target":{"@type":"EntryPoint","urlTemplate":"https:\/\/fbucanada.com\/?s={search_term_string}"},"query-input":"required name=search_term_string"}],"inLanguage":"en-US"}]}},"_links":{"self":[{"href":"https:\/\/fbucanada.com\/en\/wp-json\/wp\/v2\/pages\/8"}],"collection":[{"href":"https:\/\/fbucanada.com\/en\/wp-json\/wp\/v2\/pages"}],"about":[{"href":"https:\/\/fbucanada.com\/en\/wp-json\/wp\/v2\/types\/page"}],"author":[{"embeddable":true,"href":"https:\/\/fbucanada.com\/en\/wp-json\/wp\/v2\/users\/5"}],"replies":[{"embeddable":true,"href":"https:\/\/fbucanada.com\/en\/wp-json\/wp\/v2\/comments?post=8"}],"version-history":[{"count":324,"href":"https:\/\/fbucanada.com\/en\/wp-json\/wp\/v2\/pages\/8\/revisions"}],"predecessor-version":[{"id":11444,"href":"https:\/\/fbucanada.com\/en\/wp-json\/wp\/v2\/pages\/8\/revisions\/11444"}],"wp:attachment":[{"href":"https:\/\/fbucanada.com\/en\/wp-json\/wp\/v2\/media?parent=8"}],"curies":[{"name":"wp","href":"https:\/\/api.w.org\/{rel}","templated":true}]}}